{"id":16902,"date":"2021-11-15T10:34:27","date_gmt":"2021-11-15T09:34:27","guid":{"rendered":"https:\/\/dev.pgwear.net\/?page_id=16902"},"modified":"2024-03-18T14:17:33","modified_gmt":"2024-03-18T13:17:33","slug":"unsere-agbs","status":"publish","type":"page","link":"https:\/\/pgwear.net\/de\/unsere-agbs\/","title":{"rendered":"Unsere AGBs"},"content":{"rendered":"<p><strong>Allgemeine Gesch&auml;ftsbedingungen<\/strong><\/p>\n<p>Die folgenden AGB regeln die Vertragsbedingungen in unserem Online-Shop, der unter der Domain https:\/\/pgwear.net\/ aufrufbar ist und von PGWEAR Piotr Nierodzik, ul. Rzemie\u015blnicza 30\/46, Bia\u0142ystok 15-773, Polen, NIP (Steuernummer): PL5422856418, REGON (Statistiknummer): 200180817, betrieben wird.<\/p>\n<p>Das Gewerbe wurde im <a data-cke-saved-href=\"http:\/\/prod.ceidg.gov.pl\/CEIDG.CMS.ENGINE\/?D;f124ce8a-3e72-4588-8380-63e8ad33621f\" target=\"_blank\" href=\"http:\/\/prod.ceidg.gov.pl\/CEIDG.CMS.ENGINE\/?D;f124ce8a-3e72-4588-8380-63e8ad33621f\" rel=\"noopener nofollow\">Wirtschaftst\u00e4tigkeitsregister CEDIG<\/a> (Centralna Ewidencja i Informacja o Dzia\u0142alno\u015bci Gospodarczej) angemeldet.<br \/> \n            <\/p>\n<h2>1.&nbsp;Geltungsbereich <\/h2>\n<p>F\u00fcr alle Bestellungen \u00fcber unseren Online-Shop durch Verbraucher und Unternehmer gelten die nachfolgenden AGB.<\/p>\n<p>Verbraucher ist jede nat\u00fcrliche Person, die ein Rechtsgesch\u00e4ft zu Zwecken abschlie\u00dft, die \u00fcberwiegend weder ihrer gewerblichen noch ihrer selbst\u00e4ndigen beruflichen T\u00e4tigkeit zugerechnet werden k\u00f6nnen. Unternehmer ist eine nat\u00fcrliche oder juristische Person oder eine rechtsf\u00e4hige Personengesellschaft, die bei Abschluss eines Rechtsgesch\u00e4fts in Aus\u00fcbung ihrer gewerblichen oder selbst\u00e4ndigen beruflichen T\u00e4tigkeit handelt. <\/p>\n<p>Gegen\u00fcber Unternehmern gilt: Verwendet der Unternehmer entgegenstehende oder erg\u00e4nzende Allgemeine Gesch\u00e4ftsbedingungen, wird deren Geltung hiermit widersprochen; sie werden nur dann Vertragsbestandteil, wenn wir dem ausdr\u00fccklich zugestimmt haben. <\/p>\n<h2>2.&nbsp;Vertragspartner, Vertragsschluss, Korrekturm&ouml;glichkeiten<\/h2>\n<p>Der Kaufvertrag kommt zustande mit PGWEAR Piotr Nierodzik.<\/p>\n<p>Mit Einstellung der Produkte in den Online-Shop geben wir ein verbindliches Angebot zum Vertragsschluss \u00fcber diese Artikel ab. Sie k\u00f6nnen unsere Produkte zun\u00e4chst unverbindlich in den Warenkorb legen und Ihre Eingaben vor Absenden Ihrer verbindlichen Bestellung jederzeit korrigieren, indem Sie die hierf\u00fcr im Bestellablauf vorgesehenen und erl\u00e4uterten Korrekturhilfen nutzen. Der Vertrag kommt zustande, indem Sie durch Anklicken des Bestellbuttons das Angebot \u00fcber die im Warenkorb enthaltenen Waren annehmen. Unmittelbar nach dem Absenden der Bestellung erhalten Sie noch einmal eine Best\u00e4tigung per E-Mail.<\/p>\n<h2>3.&nbsp;Vertragssprache, Vertragstextspeicherung<\/h2>\n<p>Die f&uuml;r den Vertragsschluss zur Verf&uuml;gung stehende(n) Sprache(n): deutsch, englisch, polnisch<\/p>\n<p>Wir speichern den Vertragstext und senden Ihnen die Bestelldaten und unsere AGB in Textform zu. Den Vertragstext k\u00f6nnen Sie in unserem Kunden-Login einsehen.<\/p>\n<h2>4.&nbsp;Lieferbedingungen<\/h2>\n<p>Zuz&uuml;glich zu den angegebenen Produktpreisen k&ouml;nnen noch Versandkosten anfallen. N&auml;here Bestimmungen zu ggf. anfallenden Versandkosten erfahren Sie bei den Angeboten.<\/p>\n<p>Wir liefern nur im Versandweg. Eine Selbstabholung der Ware ist leider nicht m&ouml;glich. <\/p>\n<p>Wir liefern nicht an Packstationen.<\/p>\n<h2>5.&nbsp;Bezahlung<\/h2>\n<p>In unserem Shop stehen Ihnen grunds&auml;tzlich die folgenden Zahlungsarten zur Verf&uuml;gung:<\/p>\n<p><strong>Vorkasse<\/strong><br \/>Bei Auswahl der Zahlungsart Vorkasse nennen wir Ihnen unsere Bankverbindung in separater E-Mail und liefern die Ware nach Zahlungseingang.<\/p>\n<p><strong>Kreditkarte<\/strong><br \/> Im Bestellprozess geben Sie Ihre Kreditkartendaten an.<br \/>\n             Ihre Karte wird unmittelbar nach Abgabe der Bestellung belastet.\n            <\/p>\n<p><strong>PayPal<\/strong><br \/> Um den Rechnungsbetrag \u00fcber den Zahlungsdienstleister PayPal (Europe) S.\u00e0 r.l. et Cie, S.C.A, 22-24 Boulevard Royal, L-2449 Luxembourg (\u201ePayPal\u201c) bezahlen zu k\u00f6nnen, m\u00fcssen Sie bei PayPal registriert sein, sich mit Ihren Zugangsdaten legitimieren und die Zahlungsanweisung best\u00e4tigen.<br \/>\n             Die Zahlungstransaktion wird durch PayPal unmittelbar nach Abgabe der Bestellung durchgef\u00fchrt. Weitere Hinweise erhalten Sie im Bestellvorgang.\n            <\/p>\n<p><strong>Sofort by Klarna<\/strong><br \/> Um den Rechnungsbetrag &uuml;ber den Zahlungsdienstleister Sofort GmbH, Theresienh&ouml;he 12, 80339 M&uuml;nchen bezahlen zu k&ouml;nnen, m&uuml;ssen Sie &uuml;ber ein f&uuml;r Online-Banking freigeschaltetes Bankkonto verf&uuml;gen, sich entsprechend legitimieren und die Zahlungsanweisung best&auml;tigen. Ihr Konto wird unmittelbar nach Abgabe der Bestellung belastet. Weitere Hinweise erhalten Sie im Bestellvorgang.<\/p>\n<p><strong>Google Pay<\/strong><br \/> Um den Rechnungsbetrag &uuml;ber den Zahlungsdienstleister Google Ireland Ltd., Gordon House, Barrow Street, Dublin 4, Irland (&bdquo;Google&ldquo;) bezahlen zu k&ouml;nnen, m&uuml;ssen Sie bei Google registriert sein, die Funktion Google Pay aktiviert haben, sich mit Ihren Zugangsdaten legitimieren und die Zahlungsanweisung best&auml;tigen. Die Zahlungstransaktion wird unmittelbar nach Abgabe der Bestellung durchgef&uuml;hrt. Weitere Hinweise erhalten Sie im Bestellvorgang.<\/p>\n<p><strong>Apple Pay<\/strong><br \/> Um den Rechnungsbetrag \u00fcber den Zahlungsdienstleister Apple Inc., One Apple Park Way, Cupertino, CA 95014, USA (\u201eApple\u201c) bezahlen zu k\u00f6nnen, m\u00fcssen Sie den Browser \u201eSafari\u201c nutzen, bei Apple registriert sein, die Funktion Apple Pay aktiviert haben, sich mit Ihren Zugangsdaten legitimieren und die Zahlungsanweisung best\u00e4tigen. Die Zahlungstransaktion wird unmittelbar nach Abgabe der Bestellung durchgef\u00fchrt. Weitere Hinweise erhalten Sie im Bestellvorgang.<\/p>\n<p><strong>giropay<\/strong><\/p>\n<p>In Kooperation mit dem Zahlungsdienstleister paydirekt GmbH, Stephanstr. 14-16, 60313 Frankfurt a. M bieten wir die Zahlungsarten giropay an. Um den Rechnungsbetrag \u00fcber giropay bezahlen zu k\u00f6nnen, m\u00fcssen Sie \u00fcber ein f\u00fcr Online-Banking freigeschaltetes Bankkonto verf\u00fcgen, sich entsprechend legitimieren und die Zahlungsanweisung best\u00e4tigen. Ihr Konto wird unmittelbar nach Abgabe der Bestellung\u202fbelastet. Weitere Hinweise erhalten Sie im Bestellvorgang. <\/p>\n<p> Giropay kann registrierten und nach eigenen Kriterien ausgew\u00e4hlten giropay-Kunden weitere Zahlungsmodalit\u00e4ten im Kundenkonto anbieten. Auf das Anbieten dieser Modalit\u00e4ten haben wir allerdings keinen Einfluss; weitere individuell angebotene Zahlungsmodalit\u00e4ten betreffen Ihr Rechtsverh\u00e4ltnis mit giropay. Weitere Informationen hierzu finden Sie in Ihrem giropay-Konto. <\/p>\n<p><strong>Klarna<\/strong><br \/> In Zusammenarbeit mit dem Zahlungsdienstleister Klarna Bank AB (publ.), Sveav\u00e4gen 46, 111 34 Stockholm, Schweden (\u201eKlarna\u201c) bieten wir Ihnen die nachfolgenden Zahlungsoptionen an. Die Zahlung \u00fcber Klarna ist nur f\u00fcr Verbraucher verf\u00fcgbar. Sofern nachfolgend nichts anderes geregelt ist, setzt die Zahlung \u00fcber Klarna eine erfolgreiche Adress- und Bonit\u00e4tspr\u00fcfung voraus und sie erfolgt direkt an Klarna. Weitere Hinweise erhalten Sie bei der jeweiligen Zahlungsoption und im Bestellprozess.<\/p>\n<p><strong>Kauf auf Rechnung &uuml;ber Klarna<\/strong><br \/> Der Rechnungsbetrag ist nach Versand der Ware und Erhalt der Rechnung f&auml;llig.<\/p>\n<p>Klarna kann registrierten und nach eigenen Kriterien ausgew&auml;hlten Klarna-Kunden weitere Zahlungsmodalit&auml;ten im Kundenkonto anbieten. Auf das Anbieten dieser Modalit&auml;ten haben wir allerdings keinen Einfluss; weitere individuell angebotene Zahlungsmodalit&auml;ten betreffen Ihr Rechtsverh&auml;ltnis mit Klarna. Weitere Informationen hierzu finden Sie in Ihrem Klarna-Konto. <\/p>\n<p style=\"margin-left:40px\"><strong>Ratenkauf &uuml;ber Klarna<\/strong><br \/> Sie k&ouml;nnen den Rechnungsbetrag in monatlichen Raten von mindestens 1\/24 des Gesamtbetrages bezahlen. Die H&ouml;he der Mindestrate betr&auml;gt 6,95 Euro.<\/p>\n<p> Klarna kann registrierten und nach eigenen Kriterien ausgew&auml;hlten Klarna-Kunden weitere Zahlungsmodalit&auml;ten im Kundenkonto anbieten (z.B. zinsfreie Ratenpl&auml;ne). Auf das Anbieten dieser Modalit&auml;ten haben wir allerdings keinen Einfluss; weitere individuell angebotene Zahlungsmodalit&auml;ten betreffen Ihr Rechtsverh&auml;ltnis mit Klarna. Weitere Informationen hierzu finden Sie in Ihrem Klarna-Konto <\/p>\n<h2>6.&nbsp;Widerrufsrecht<\/h2>\n<p>Verbrauchern steht das gesetzliche Widerrufsrecht, wie in der Widerrufsbelehrung beschrieben, zu. Unternehmern wird kein freiwilliges Widerrufsrecht einger&auml;umt.<\/p>\n<h2>7.&nbsp;Transportsch&auml;den\u200b\u200b\u200b\u200b\u200b\u200b\u200b<\/h2>\n<p>F&uuml;r Verbraucher gilt: Werden Waren mit offensichtlichen Transportsch&auml;den angeliefert, so reklamieren Sie solche Fehler bitte m&ouml;glichst sofort beim Zusteller und nehmen Sie bitte unverz&uuml;glich Kontakt zu uns auf. Die Vers&auml;umung einer Reklamation oder Kontaktaufnahme hat f&uuml;r Ihre gesetzlichen Anspr&uuml;che und deren Durchsetzung, insbesondere Ihre Gew&auml;hrleistungsrechte, keinerlei Konsequenzen. Sie helfen uns aber, unsere eigenen Anspr&uuml;che gegen&uuml;ber dem Frachtf&uuml;hrer bzw. der Transportversicherung geltend machen zu k&ouml;nnen.<\/p>\n<h2>8.&nbsp;Gew\u00e4hrleistung und Garantien\u200b\u200b\u200b\u200b\u200b\u200b\u200b <\/h2>\n<h3>8.1&nbsp;M\u00e4ngelhaftungsrecht <\/h3>\n<p>Soweit nicht nachstehend ausdr\u00fccklich anders vereinbart, gilt das gesetzliche M\u00e4ngelhaftungsrecht. Die Beschwerden und M\u00e4ngelanspr\u00fcche k\u00f6nnen Sie \u00fcber folgende Kommunikationsmittel einreichen:<\/p>\n<p>\u2022 \u00fcber unsere E-Mail-Adresse: shop@pgwear.net.<br \/> \u2022 schriftlich an: PGWEAR Piotr Nierodzik, Ul. Prz\u0119dzalniana 8, 15-688 Bia\u0142ystok, Polska.<\/p>\n<p>Die nachstehenden Einschr\u00e4nkungen und Fristverk\u00fcrzungen gelten nicht f\u00fcr Anspr\u00fcche aufgrund von Sch\u00e4den, die durch uns, unsere gesetzlichen Vertreter oder Erf\u00fcllungsgehilfen verursacht wurden <\/p>\n<ul>\n<li>bei Verletzung des Lebens, des K\u00f6rpers oder der Gesundheit<\/li>\n<li>bei vors\u00e4tzlicher oder grob fahrl\u00e4ssiger Pflichtverletzung sowie Arglist<\/li>\n<li>bei Verletzung wesentlicher Vertragspflichten, deren Erf\u00fcllung die ordnungsgem\u00e4\u00dfe Durchf\u00fchrung des Vertrages \u00fcberhaupt erst erm\u00f6glicht und auf deren Einhaltung der Vertragspartner regelm\u00e4\u00dfig vertrauen darf (Kardinalpflichten)<\/li>\n<li>im Rahmen eines Garantieversprechens, soweit vereinbart, oder<\/li>\n<li>soweit der Anwendungsbereich des Produkthaftungsgesetzes er\u00f6ffnet ist.<\/li>\n<\/ul>\n<p><strong>Beschr\u00e4nkungen gegen\u00fcber Unternehmern<\/strong> <\/p>\n<p>Gegen\u00fcber Unternehmern gelten als Vereinbarung \u00fcber die Beschaffenheit der Ware nur unsere eigenen Angaben und die Produktbeschreibungen des Herstellers, die in den Vertrag einbezogen wurden; f\u00fcr \u00f6ffentliche \u00c4u\u00dferungen des Herstellers oder sonstige Werbeaussagen \u00fcbernehmen wir keine Haftung. F\u00fcr Unternehmer betr\u00e4gt die Verj\u00e4hrungsfrist f\u00fcr M\u00e4ngelanspr\u00fcche bei neu hergestellten Sachen ein Jahr ab Gefahr\u00fcbergang. Es gilt ausserdem die in Art. 563 Kodeks Cywilny (Polnisches Zivilgesetzbuch) geregelte Untersuchungs- und R\u00fcgepflicht. Unterlassen Sie die dort geregelte Anzeige, so gilt die Ware als genehmigt, es sei denn, dass es sich um einen Mangel handelt, der bei der Untersuchung nicht erkennbar war. Dies gilt nicht, falls wir einen Mangel arglistig verschwiegen haben.\n            <\/p>\n<h3>8.2&nbsp;Garantien und Kundendienst <\/h3>\n<p>Informationen zu gegebenenfalls geltenden zus\u00e4tzlichen Garantien und deren genaue Bedingungen finden Sie jeweils beim Produkt und auf besonderen Informationsseiten im Online-Shop.<\/p>\n<h2>9.&nbsp;Haftung\u200b\u200b\u200b\u200b\u200b\u200b\u200b<\/h2>\n<p>F\u00fcr Anspr\u00fcche aufgrund von Sch\u00e4den, die durch uns, unsere gesetzlichen Vertreter oder Erf\u00fcllungsgehilfen verursacht wurden, haften wir stets unbeschr\u00e4nkt<br \/>\u2022 bei Verletzung des Lebens, des K\u00f6rpers oder der Gesundheit<br \/>\u2022 bei vors\u00e4tzlicher oder grob fahrl\u00e4ssiger Pflichtverletzung<br \/>\u2022 bei Garantieversprechen, soweit vereinbart, oder<br \/>\u2022 soweit der Anwendungsbereich des Produkthaftungsgesetzes er\u00f6ffnet ist.<\/p>\n<p>Bei Verletzung wesentlicher Vertragspflichten, deren Erf\u00fcllung die ordnungsgem\u00e4\u00dfe Durchf\u00fchrung des Vertrages \u00fcberhaupt erst erm\u00f6glicht und auf deren Einhaltung der Vertragspartner regelm\u00e4\u00dfig vertrauen darf, (Kardinalpflichten) durch leichte Fahrl\u00e4ssigkeit von uns, unseren gesetzlichen Vertretern oder Erf\u00fcllungsgehilfen ist die Haftung der H\u00f6he nach auf den bei Vertragsschluss vorhersehbaren Schaden begrenzt, mit dessen Entstehung typischerweise gerechnet werden muss. Im \u00dcbrigen sind Anspr\u00fcche auf Schadensersatz ausgeschlossen.<\/p>\n<h2>10.&nbsp;Vereinbarung zur Nutzung des Trusted Shops K\u00e4uferschutzes <\/h2>\n<p>Sie k&ouml;nnen bei uns aufgegebene Bestellungen kostenlos bis zu einem Bestellwert von 100 Euro &uuml;ber den K&auml;uferschutz der Trusted Shops AG absichern. Dar&uuml;ber hinaus bietet Trusted Shops gemeinsam mit einem Garantiegeber eine kostenpflichtige Absicherung an. Es gelten die Trusted Shops K&auml;uferschutzbedingungen, die Sie <a href=\"https:\/\/www.trustedshops.com\/tsdocument\/BUYER_AUTO_PROTECTION_TERMS_de.pdf\" rel=\"noreferrer noopener nofollow\" target=\"_blank\">hier<\/a> finden. Der Abschluss des K&auml;uferschutzes erfolgt durch Klick auf den entsprechend bezeichneten Button der sogenannten Trustcard, die nach Durchf&uuml;hrung einer Bestellung als Pop-Up auf der Bestell-Danke-Seite erscheint. Um Ihnen den K&auml;uferschutz anbieten zu k&ouml;nnen, muss die Trustcard auf Bestelldaten zugreifen, die im Zwischenspeicher Ihres Browsers abgelegt sind. Der Zugriff erfolgt lediglich lokal und es werden keine Bestelldaten an Trusted Shops &uuml;bermittelt, bevor Sie sich aktiv f&uuml;r den K&auml;uferschutz entscheiden oder in eine &Uuml;bermittlung von Bestelldaten an Trusted Shops eingewilligt haben. Wenn Ihre Einwilligung vorliegt, werden ein Hash-Wert Ihrer E-Mail-Adresse sowie die Bestellnummer und Bestellsumme an Trusted Shops &uuml;bermittelt. Sofern Sie bereits f&uuml;r den K&auml;uferschutz registriert sind, wird Ihre Bestellung automatisch abgesichert. Sollten Sie noch nicht f&uuml;r den K&auml;uferschutz registriert sein, k&ouml;nnen Sie sich wie oben beschrieben &uuml;ber die Trustcard registrieren. Informationen zum Datenschutz bei Trusted Shops sind den oben verlinkten K&auml;uferschutzbedingungen angef&uuml;gt. <\/p>\n<h2>11.&nbsp;Streitbeilegung\u200b\u200b\u200b\u200b\u200b\u200b\u200b<\/h2>\n<p>Die Europ\u00e4ische Kommission stellt eine Plattform zur Online-Streitbeilegung (OS) bereit, die Sie hier: <a data-cke-saved-href=\"http:\/\/ec.europa.eu\/consumers\/odr\/\" href=\"http:\/\/ec.europa.eu\/consumers\/odr\/\" target=\"_blank\" rel=\"noopener nofollow\">ec.europa.eu\/consumers\/odr\/<\/a> finden. Zur Teilnahme an einem Streitbeilegungsverfahren vor einer Verbraucherschlichtungsstelle sind wir nicht verpflichtet und nicht bereit.<br \/> \n            <\/p>\n<h2>12.&nbsp;Schlussbestimmungen\u200b\u200b\u200b\u200b\u200b\u200b\u200b <\/h2>\n<p>Sind Sie Unternehmer, dann gilt polnisches Recht unter Ausschluss des UN-Kaufrechts.<\/p>\n<p>Sind Sie Unternehmer, juristische Person des \u00f6ffentlichen Rechts oder \u00f6ffentlich-rechtliches Sonderverm\u00f6gen, ist ausschlie\u00dflicher Gerichtsstand f\u00fcr alle Streitigkeiten aus Vertragsverh\u00e4ltnissen zwischen uns und Ihnen unser Gesch\u00e4ftssitz.<\/p>\n","protected":false},"excerpt":{"rendered":"<p>Allgemeine Gesch&auml;ftsbedingungen Die folgenden AGB regeln die Vertragsbedingungen in unserem Online-Shop, der unter der Domain https:\/\/pgwear.net\/ aufrufbar ist und von PGWEAR Piotr Nierodzik, ul. Rzemie\u015blnicza 30\/46, Bia\u0142ystok 15-773, Polen, NIP (Steuernummer): PL5422856418, REGON (Statistiknummer): 200180817, betrieben wird. Das Gewerbe wurde im Wirtschaftst\u00e4tigkeitsregister CEDIG (Centralna Ewidencja i Informacja o Dzia\u0142alno\u015bci Gospodarczej) angemeldet. 1.&nbsp;Geltungsbereich F\u00fcr alle Bestellungen [&#8230;]\n","protected":false},"author":1,"featured_media":0,"parent":0,"menu_order":0,"comment_status":"closed","ping_status":"closed","template":"","meta":{"_acf_changed":false,"footnotes":""},"class_list":["post-16902","page","type-page","status-publish","hentry"],"acf":[],"_links":{"self":[{"href":"https:\/\/pgwear.net\/de\/wp-json\/wp\/v2\/pages\/16902","targetHints":{"allow":["GET"]}}],"collection":[{"href":"https:\/\/pgwear.net\/de\/wp-json\/wp\/v2\/pages"}],"about":[{"href":"https:\/\/pgwear.net\/de\/wp-json\/wp\/v2\/types\/page"}],"author":[{"embeddable":true,"href":"https:\/\/pgwear.net\/de\/wp-json\/wp\/v2\/users\/1"}],"replies":[{"embeddable":true,"href":"https:\/\/pgwear.net\/de\/wp-json\/wp\/v2\/comments?post=16902"}],"version-history":[{"count":0,"href":"https:\/\/pgwear.net\/de\/wp-json\/wp\/v2\/pages\/16902\/revisions"}],"wp:attachment":[{"href":"https:\/\/pgwear.net\/de\/wp-json\/wp\/v2\/media?parent=16902"}],"curies":[{"name":"wp","href":"https:\/\/api.w.org\/{rel}","templated":true}]}}