{"id":16915,"date":"2021-09-29T14:12:07","date_gmt":"2021-09-29T12:12:07","guid":{"rendered":"https:\/\/dev.pgwear.net\/?page_id=16915"},"modified":"2024-02-02T14:45:05","modified_gmt":"2024-02-02T13:45:05","slug":"datenschutz","status":"publish","type":"page","link":"https:\/\/pgwear.net\/de\/datenschutz\/","title":{"rendered":"Datenschutz"},"content":{"rendered":"<p>I Allgemeine Bestimmungen<\/p>\n<ol>\n<li>Diese Datenschutzrichtlinie definiert die Methode zur Sammlung, Verarbeitung, Analyse und Speicherung personenbezogener Daten, die f\u00fcr die elektronische Bereitstellung von Diensten \u00fcber die Website in der Domain www.pgwear.net (im Folgenden: die Website) erforderlich sind.<\/li>\n<li>Der Administrator der pers\u00f6nlichen Daten der Benutzer ist PGWEAR Piotr Nierodzik, ul. Rzemie\u015blnicza 30\/46, 15-773 Bia\u0142ystok, NIP: 5422856418 (im Folgenden:<br \/>\nAdministrator).<\/li>\n<li>Personenbezogene Daten werden gem\u00e4\u00df der Verordnung des Europ\u00e4ischen Parlaments und des Rates (EU) verarbeitet. 2016\/679 vom 27. April 2016 zum Schutz nat\u00fcrlicher Personen bei der Verarbeitung personenbezogener Daten und zum freien Datenverkehr sowie zur Aufhebung der Richtlinie 95\/46\/EG (Datenschutz-Grundverordnung) (im Folgenden: DSGVO).<\/li>\n<li>Die vom Administrator erfassten Daten sind:\n<ul>\n<li>in \u00dcbereinstimmung mit dem Gesetz verarbeitet,<\/li>\n<li>f\u00fcr klar definierte Zwecke verarbeitet und keiner weiteren Verarbeitung unterzogen mit diesen Zwecken unvereinbar sind,<\/li>\n<li>sachlich richtig und angemessen im Hinblick auf die Zwecke, f\u00fcr die sie verarbeitet werden,<\/li>\n<li>nicht l\u00e4nger gespeichert, als es zur Erreichung des Verarbeitungszwecks erforderlich ist.<\/li>\n<\/ul>\n<\/li>\n<\/ol>\n<p>II. Zweck und Rechtsgrundlage der Datenverarbeitung<\/p>\n<ol>\n<li>Der Administrator verarbeitet personenbezogene Daten, die f\u00fcr die Bereitstellung und Entwicklung der angebotenen Dienste erforderlich sind<br \/>\n\u00fcber die Website und ihre einzelnen Funktionalit\u00e4ten verf\u00fcgbar.<\/li>\n<li>Personenbezogene Daten werden zu folgenden Zwecken verarbeitet:\n<ul>\n<li>a) Kontoregistrierung, \u00dcberpr\u00fcfung der Identit\u00e4t des Nutzers und Erf\u00fcllung des Vertrags \u00fcber die Erbringung von Dienstleistungen auf elektronischem Wege gem\u00e4\u00df dem Gesetz vom 18. Juli 2002 \u00fcber die Erbringung von Dienstleistungen auf elektronischem Wege, insbesondere durch Sicherstellung der Nutzungsm\u00f6glichkeit des Kontosvon Benutzer \u2013 auf der Grundlage der Annahme der Bestimmungen der Verordnung (Artikel 6 Absatz 1 Buchstabe b der DSGVO);<\/li>\n<li>b) Kommunikation mit dem Benutzer, um ihm die notwendigen Informationen und Wartung bereitzustellen<br \/>\npositive und gute Beziehungen zu ihm, was das berechtigte Interesse des Administrators darstellt<br \/>\n(Art. 6 Abs. 1 lit. f DSGVO);<\/li>\n<li>c) Werbung f\u00fcr Produkte und\/oder Dienstleistungen durch den Administrator durch elektronische Zusendung von Marketinginformationen (Newsletter), sofern der Nutzer dem Erhalt solcher Benachrichtigungen per E-Mail zugestimmt hat (Artikel 6 Absatz 1 Buchstabe a der DSGVO);<\/li>\n<li>d) zu analytischen und statistischen Zwecken auf Grundlage eines berechtigten Interesses<br \/>\nAdministrator, der die Aktivit\u00e4t der Benutzer und deren Aktivit\u00e4ten \u00fcberpr\u00fcft<br \/>\nPr\u00e4ferenzen zur Optimierung von Dienstleistungen und Produkten sowie der Funktionalit\u00e4ten der Website<br \/>\n(Art. 6 Abs. 1 lit. f DSGVO);<\/li>\n<li>e) etwaige Feststellung, Geltendmachung oder Abwehr von Anspr\u00fcchen auf gesetzlicher Grundlage<br \/>\ndas berechtigte Interesse des Administrators am Schutz seiner Rechte (Artikel 6 Absatz 1 Buchstabe f)<br \/>\nDSGVO).<\/li>\n<\/ul>\n<\/li>\n<li>In jedem der oben genannten F\u00e4lle (Absatz 2) ist die Angabe der Daten jedoch freiwillig erforderlich, um einen Vertrag abzuschlie\u00dfen oder andere Funktionalit\u00e4ten der Website zu nutzen.<\/li>\n<\/ol>\n<p>III. Der Zeitraum der Verarbeitung personenbezogener Daten<\/p>\n<ol>\n<li>Personenbezogene Daten werden f\u00fcr den Zeitraum verarbeitet, in dem die Person ein aktiver Benutzer bleibt<br \/>\nService (Einrichten eines aktiven Benutzerkontos) und danach f\u00fcr den Zeitraum, der zur Einhaltung des Gesetzes, zur Untersuchung oder Abwehr etwaiger Anspr\u00fcche erforderlich ist, jedoch nicht l\u00e4nger als 3 Jahre ab dem Datum der Beendigung des Vertrags \u00fcber die Bereitstellung elektronischer Dienste Dienstleistungen.<\/li>\n<li>Daten, die aufgrund einer Einwilligung verarbeitet werden, werden bis zum Widerruf der Einwilligung verarbeitet<br \/>\nmit der Ma\u00dfgabe, dass der Widerruf dieser Einwilligung keinen Einfluss auf die Ordnungsm\u00e4\u00dfigkeit der Datenverarbeitung hat, der er unterliegt<br \/>\nvor diesem Widerruf vorgenommen wurden.<\/li>\n<\/ol>\n<p>IV. Informationen verarbeiten<\/p>\n<ol>\n<li>Personenbezogene Daten k\u00f6nnen je nach Zweck der Verarbeitung weitergegeben werden:\n<ul>\n<li>a. mit dem Administrator verbundene Unternehmen<\/li>\n<li>b. Unternehmen, die mit dem Administrator zusammenarbeiten,<\/li>\n<li>c. Subunternehmer, insbesondere Zulieferer und Dienstleister f\u00fcr ausgew\u00e4hlte Subunternehmer<br \/>\nIT-Systeme und -L\u00f6sungen,<\/li>\n<li>d. Unternehmen, die Online-Zahlungen anbieten,<\/li>\n<li>e. Unternehmen, die Kurier- und Postdienste anbieten,<\/li>\n<li>f. Anwaltskanzleien.<\/li>\n<\/ul>\n<\/li>\n<li>Vom Administrator verarbeitete personenbezogene Daten werden nicht au\u00dferhalb der Europ\u00e4ischen Union \u00fcbertragen<br \/>\nWirtschaftsraum oder an internationale Organisationen.<\/li>\n<li>Zur Verwaltung von eingesetzten Cookies und \u00e4hnlichen Technologien (Tracking-Pixel, Web-Beacons etc.) und damit verbundenen Einwilligungen nutzen wir das Consent-Tool \u201eReal Cookie Banner\u201c. Einzelheiten zur Funktionsweise des \u201eReal Cookie Banner\u201c finden Sie unter <a href=\"https:\/\/devowl.io\/rcb\/data-processing\/\" target=\"_blank\" rel=\"noopener noreferrer nofollow\">https:\/\/devowl .io\/rcb\/data-processing\/<\/a>.Rechtsgrundlage f\u00fcr die Verarbeitung personenbezogener Daten in diesem Zusammenhang ist Art. 6 Abschnitt 1 Buchstabe c DSGVO und Art. 6 Abschnitt 1 Buchstabe f DSGVO. Unser berechtigtes Interesse besteht in der Verwaltung der verwendeten Cookies und \u00e4hnlicher Technologien sowie der damit verbundenen Einwilligungen.Die Bereitstellung personenbezogener Daten ist weder vertraglich vorgeschrieben noch f\u00fcr einen Vertragsabschluss erforderlich. Sie sind nicht verpflichtet, personenbezogene Daten bereitzustellen. Wenn Sie keine personenbezogenen Daten angeben, k\u00f6nnen wir Ihre Einwilligungen nicht verwalten.<\/li>\n<\/ol>\n<p>V. Rechte der betroffenen Personen<\/p>\n<ol>\n<li>Der Website-Benutzer hat das Recht:\n<ul>\n<li>Zugriff auf den Inhalt Ihrer personenbezogenen Daten \u00fcber das Kundenpanel auf der Website<\/li>\n<li>\u00c4nderungen der Daten im Kundenbereich auf der Website<\/li>\n<li>L\u00f6schung von Daten \u2013 Um Daten zu l\u00f6schen, schreiben Sie bitte eine E-Mail mit der Bitte um L\u00f6schung an folgende Adresse: shop@pgwear.net<\/li>\n<li>Einschr\u00e4nkungen der Datenverarbeitung<\/li>\n<li>Datenportabilit\u00e4t<\/li>\n<li>Einspruch gegen die Verarbeitung aufgrund des Gesetzes einlegen<br \/>\nberechtigtes Interesse des Verwalters<\/li>\n<li>jederzeitiger Widerruf der Einwilligung, ohne dass die Rechtm\u00e4\u00dfigkeit der Verarbeitung ber\u00fchrt wird,<br \/>\nauf der Grundlage dieser Einwilligung vor ihrem Widerruf vorgenommen wurde<\/li>\n<\/ul>\n<\/li>\n<li>Der Benutzer hat das Recht, beim Pr\u00e4sidenten des Amtes f\u00fcr den Schutz personenbezogener Daten eine Beschwerde einzureichen, wenn<br \/>\nin dem er der Ansicht ist, dass die Verarbeitung seine Rechte und Freiheiten verletzt.<\/li>\n<li>Bei der Datenverarbeitung findet keine automatisierte Entscheidungsfindung statt<br \/>\nzur Profilierung.<\/li>\n<\/ol>\n<p>VI. Schlussbestimmungen<\/p>\n<ol>\n<li>Der Administrator beh\u00e4lt sich das Recht vor, \u00c4nderungen an dieser Datenschutzrichtlinie vorzunehmen<br \/>\nGleichzeitig wird sichergestellt, dass die Rechte des Nutzers aus diesen Dokumenten nicht verloren gehen<br \/>\nbegrenzt.<\/li>\n<li>\u00dcber \u00c4nderungen der Datenschutzerkl\u00e4rung wird der Nutzer durch eine Nachricht informiert<br \/>\nauf der Website verf\u00fcgbar.<\/li>\n<\/ol>\n<p>Aktualisierung der Datenschutzrichtlinie: 13.06.2023<\/p>\n","protected":false},"excerpt":{"rendered":"<p>I Allgemeine Bestimmungen Diese Datenschutzrichtlinie definiert die Methode zur Sammlung, Verarbeitung, Analyse und Speicherung personenbezogener Daten, die f\u00fcr die elektronische Bereitstellung von Diensten \u00fcber die Website in der Domain www.pgwear.net (im Folgenden: die Website) erforderlich sind. Der Administrator der pers\u00f6nlichen Daten der Benutzer ist PGWEAR Piotr Nierodzik, ul. Rzemie\u015blnicza 30\/46, 15-773 Bia\u0142ystok, NIP: 5422856418 (im [&#8230;]\n","protected":false},"author":1,"featured_media":0,"parent":0,"menu_order":0,"comment_status":"closed","ping_status":"open","template":"","meta":{"_acf_changed":false,"footnotes":""},"class_list":["post-16915","page","type-page","status-publish","hentry"],"acf":[],"_links":{"self":[{"href":"https:\/\/pgwear.net\/de\/wp-json\/wp\/v2\/pages\/16915","targetHints":{"allow":["GET"]}}],"collection":[{"href":"https:\/\/pgwear.net\/de\/wp-json\/wp\/v2\/pages"}],"about":[{"href":"https:\/\/pgwear.net\/de\/wp-json\/wp\/v2\/types\/page"}],"author":[{"embeddable":true,"href":"https:\/\/pgwear.net\/de\/wp-json\/wp\/v2\/users\/1"}],"replies":[{"embeddable":true,"href":"https:\/\/pgwear.net\/de\/wp-json\/wp\/v2\/comments?post=16915"}],"version-history":[{"count":0,"href":"https:\/\/pgwear.net\/de\/wp-json\/wp\/v2\/pages\/16915\/revisions"}],"wp:attachment":[{"href":"https:\/\/pgwear.net\/de\/wp-json\/wp\/v2\/media?parent=16915"}],"curies":[{"name":"wp","href":"https:\/\/api.w.org\/{rel}","templated":true}]}}