{"id":18098,"date":"2021-11-15T10:36:45","date_gmt":"2021-11-15T09:36:45","guid":{"rendered":"https:\/\/dev.pgwear.net\/versand\/"},"modified":"2024-05-28T08:46:50","modified_gmt":"2024-05-28T06:46:50","slug":"versand","status":"publish","type":"page","link":"https:\/\/pgwear.net\/de\/versand\/","title":{"rendered":"Versand"},"content":{"rendered":"<div class=\"row row-collapse row-full-width align-equal align-center\"  id=\"row-138135912\">\n\n\t<div id=\"col-304446952\" class=\"col medium-6 small-12 large-6\"  >\n\t\t\t\t<div class=\"col-inner text-center\"  >\n\t\t\t\n\t\t\t\n\t<div class=\"img has-hover x md-x lg-x y md-y lg-y\" id=\"image_1706983263\">\n\t\t<a class=\"image-lightbox lightbox-gallery\" title=\"\" href=\"https:\/\/pgwear.net\/wp-content\/uploads\/2022\/04\/europa.png\">\t\t\t\t\t\t<div class=\"img-inner image-zoom-long dark\" >\n\t\t\t<img loading=\"lazy\" decoding=\"async\" width=\"556\" height=\"527\" src=\"https:\/\/pgwear.net\/wp-content\/uploads\/2022\/04\/europa.png\" class=\"attachment-original size-original\" alt=\"\" srcset=\"https:\/\/pgwear.net\/wp-content\/uploads\/2022\/04\/europa.png 556w, https:\/\/pgwear.net\/wp-content\/uploads\/2022\/04\/europa-300x284.png 300w\" sizes=\"auto, (max-width: 556px) 100vw, 556px\" \/>\t\t\t\t\t\t\n\t\t\t\t\t<\/div>\n\t\t\t\t\t\t<\/a>\t\t\n<style>\n#image_1706983263 {\n  width: 75%;\n}\n<\/style>\n\t<\/div>\n\t\n\t\t<\/div>\n\t\t\t\t\t<\/div>\n\n\t\n\n\t<div id=\"col-2127704807\" class=\"col medium-6 small-12 large-6\"  >\n\t\t\t\t<div class=\"col-inner\"  >\n\t\t\t\n\t\t\t\n<div class=\"row row-collapse align-equal align-center\"  id=\"row-483580177\">\n\n\t<div id=\"col-615468239\" class=\"col medium-6 small-12 large-6\"  >\n\t\t\t\t<div class=\"col-inner\"  >\n\t\t\t\n\t\t\t\n<div class=\"message-box relative dark\" style=\"padding-top:15px;padding-bottom:15px;\"><div class=\"message-box-bg-image bg-fill fill\" ><\/div><div class=\"message-box-bg-overlay bg-fill fill\" style=\"background-color:rgb(89, 89, 89);\"><\/div><div class=\"container relative\"><div class=\"inner last-reset\">\n<div class=\"row align-middle align-center\"  id=\"row-384698706\">\n\n\t<div id=\"col-365942712\" class=\"col small-12 large-12\"  >\n\t\t\t\t<div class=\"col-inner\"  >\n\t\t\t\n\t\t\t\n<h2>1 Tag<\/h2>\n<p>Polen <span class=\"red\">*<\/span><\/p>\n\t\t<\/div>\n\t\t\t\t\t<\/div>\n\n\t\n<\/div>\n<\/div><\/div><\/div>\n<div class=\"message-box relative dark\" style=\"padding-top:15px;padding-bottom:15px;\"><div class=\"message-box-bg-image bg-fill fill\" ><\/div><div class=\"message-box-bg-overlay bg-fill fill\" style=\"background-color:rgb(129, 129, 129);\"><\/div><div class=\"container relative\"><div class=\"inner last-reset\">\n<div class=\"row align-middle align-center\"  id=\"row-2011815518\">\n\n\t<div id=\"col-573043943\" class=\"col small-12 large-12\"  >\n\t\t\t\t<div class=\"col-inner\"  >\n\t\t\t\n\t\t\t\n<h2>2 Tage<\/h2>\n<p>Deutschland <span class=\"red\">*<\/span><br \/>\nSlowakei <span class=\"red\">*<\/span><br \/>\nTschechische Republik <span class=\"red\">*<\/span><br \/>\nLuxemburg <span class=\"red\">*<\/span><br \/>\nBelgien <span class=\"red\">*<\/span><br \/>\nNiederlande <span class=\"red\">*<\/span><br \/>\nD\u00e4nemark <span class=\"red\">*<\/span><br \/>\nLitauen <span class=\"red\">*<\/span><br \/>\nEstland <span class=\"red\">*<\/span><br \/>\nLettland <span class=\"red\">*<\/span><br \/>\nUngarn <span class=\"red\">*<\/span><br \/>\n\u00d6sterreich <span class=\"red\">*<\/span><br \/>\nKroatien <span class=\"red\">*<\/span><br \/>\nSchweiz<\/p>\n\t\t<\/div>\n\t\t\t\t\t<\/div>\n\n\t\n<\/div>\n<\/div><\/div><\/div>\n<div class=\"message-box relative dark\" style=\"padding-top:15px;padding-bottom:15px;\"><div class=\"message-box-bg-image bg-fill fill\" ><\/div><div class=\"message-box-bg-overlay bg-fill fill\" style=\"background-color:rgb(169, 169, 169);\"><\/div><div class=\"container relative\"><div class=\"inner last-reset\">\n<div class=\"row align-middle align-center\"  id=\"row-1209699172\">\n\n\t<div id=\"col-15680889\" class=\"col small-12 large-12\"  >\n\t\t\t\t<div class=\"col-inner\"  >\n\t\t\t\n\t\t\t\n<h2>3 Tage<\/h2>\n<p>Italien <span class=\"red\">*<\/span><br \/>\nVatikan <span class=\"red\">*<\/span><br \/>\nFrankreich <span class=\"red\">*<\/span><br \/>\nGro\u00dfbritannien<br \/>\nRum\u00e4nien <span class=\"red\">*<\/span><br \/>\nSchweden <span class=\"red\">*<\/span><br \/>\nSlowenien <span class=\"red\">*<\/span><\/p>\n\t\t<\/div>\n\t\t\t\t\t<\/div>\n\n\t\n<\/div>\n<\/div><\/div><\/div>\n\t\t<\/div>\n\t\t\t\t\t<\/div>\n\n\t\n\n\t<div id=\"col-1455610345\" class=\"col medium-6 small-12 large-6\"  >\n\t\t\t\t<div class=\"col-inner\"  >\n\t\t\t\n\t\t\t\n<div class=\"message-box relative\" style=\"padding-top:15px;padding-bottom:15px;\"><div class=\"message-box-bg-image bg-fill fill\" ><\/div><div class=\"message-box-bg-overlay bg-fill fill\" style=\"background-color:rgb(211, 211, 211);\"><\/div><div class=\"container relative\"><div class=\"inner last-reset\">\n<div class=\"row align-middle align-center\"  id=\"row-1845819354\">\n\n\t<div id=\"col-1727260537\" class=\"col small-12 large-12\"  >\n\t\t\t\t<div class=\"col-inner\"  >\n\t\t\t\n\t\t\t\n<h2>4 Tage und mehr<\/h2>\n<p>Spanien <span class=\"red\">*<\/span><br \/>\nPortugal <span class=\"red\">*<\/span><br \/>\nMalta<br \/>\nZypern<br \/>\nGriechenland<br \/>\nIrland<br \/>\nIsland<br \/>\nNorwegen<br \/>\nFinnland <span class=\"red\">*<\/span><br \/>\nBulgarien <span class=\"red\">*<\/span><\/p>\n\t\t<\/div>\n\t\t\t\t\t<\/div>\n\n\t\n<\/div>\n<\/div><\/div><\/div>\n<div class=\"message-box relative\" style=\"padding-top:15px;padding-bottom:15px;\"><div class=\"message-box-bg-image bg-fill fill\" ><\/div><div class=\"message-box-bg-overlay bg-fill fill\" style=\"background-color:rgb(255, 255, 255);\"><\/div><div class=\"container relative\"><div class=\"inner last-reset\">\n<div class=\"row align-middle align-center\"  id=\"row-1781609437\">\n\n\t<div id=\"col-489065649\" class=\"col small-12 large-12\"  >\n\t\t\t\t<div class=\"col-inner\"  >\n\t\t\t\n\t\t\t\n<h2>6 Tage und mehr<\/h2>\n<p>Serbien<br \/>\nBosnien und Herzegowina<br \/>\nMazedonien<br \/>\nAlbanien<br \/>\nMontenegro<br \/>\nUkraine<br \/>\nMoldawien<br \/>\nRussland<br \/>\nWei\u00dfrussland<\/p>\n\t\t<\/div>\n\t\t\t\t\t<\/div>\n\n\t\n<\/div>\n<\/div><\/div><\/div>\n<div class=\"message-box relative\" style=\"padding-top:15px;padding-bottom:15px;\"><div class=\"message-box-bg-image bg-fill fill\" ><\/div><div class=\"message-box-bg-overlay bg-fill fill\" style=\"background-color:rgb(230, 230, 230);\"><\/div><div class=\"container relative\"><div class=\"inner last-reset\">\n<div class=\"row align-middle align-center\"  id=\"row-534212431\">\n\n\t<div id=\"col-1335559687\" class=\"col small-12 large-12\"  >\n\t\t\t\t<div class=\"col-inner\"  >\n\t\t\t\n\t\t\t\n<h2><span class=\"red\">*<\/span> Kostenloser Versand<\/h2>\n<p>Wir versenden jede Bestellung \u00fcber 99 Euro kostenlos!<\/p>\n\t\t<\/div>\n\t\t\t\t\t<\/div>\n\n\t\n<\/div>\n<\/div><\/div><\/div>\n\t\t<\/div>\n\t\t\t\t\t<\/div>\n\n\t\n<\/div>\n\t\t<\/div>\n\t\t\t\t\t<\/div>\n\n\t\n\n<style>\n#row-138135912 > .col > .col-inner {\n  background-color: rgb(230, 230, 230);\n}\n<\/style>\n<\/div>\n\t<div id=\"gap-568382271\" class=\"gap-element clearfix\" style=\"display:block; height:auto;\">\n\t\t\n<style>\n#gap-568382271 {\n  padding-top: 33px;\n}\n<\/style>\n\t<\/div>\n\t\n<div class=\"row align-middle\"  id=\"row-1372291515\">\n\n\t<div id=\"col-1873559526\" class=\"col medium-4 small-12 large-4\"  >\n\t\t\t\t<div class=\"col-inner\"  >\n\t\t\t\n\t\t\t\n\t<div class=\"img has-hover x md-x lg-x y md-y lg-y\" id=\"image_868392852\">\n\t\t\t\t\t\t\t\t<div class=\"img-inner dark\" >\n\t\t\t<img loading=\"lazy\" decoding=\"async\" width=\"352\" height=\"400\" src=\"https:\/\/pgwear.net\/wp-content\/uploads\/2021\/09\/PGwearLogo-1000x400-1.png\" class=\"attachment-original size-original\" alt=\"\" srcset=\"https:\/\/pgwear.net\/wp-content\/uploads\/2021\/09\/PGwearLogo-1000x400-1.png 352w, https:\/\/pgwear.net\/wp-content\/uploads\/2021\/09\/PGwearLogo-1000x400-1-264x300.png 264w\" sizes=\"auto, (max-width: 352px) 100vw, 352px\" \/>\t\t\t\t\t\t\t<div class=\"overlay\" style=\"background-color: rgba(255, 255, 255, 0)\"><\/div>\n\t\t\t\t\t\t\n\t\t\t\t\t<\/div>\n\t\t\t\t\t\t\t\t\n<style>\n#image_868392852 {\n  width: 100%;\n}\n<\/style>\n\t<\/div>\n\t\n\t\t<\/div>\n\t\t\t\t\t<\/div>\n\n\t\n\n\t<div id=\"col-1268848600\" class=\"col medium-8 small-12 large-8\"  >\n\t\t\t\t<div class=\"col-inner\"  >\n\t\t\t\n\t\t\t\n<div class=\"container section-title-container\" ><h3 class=\"section-title section-title-normal\"><b aria-hidden=\"true\"><\/b><span class=\"section-title-main\" >Versand<\/span><b aria-hidden=\"true\"><\/b><\/h3><\/div>\n\t<div id=\"text-2213720615\" class=\"text\">\n\t\t\n<p><strong>1.<\/strong> Wir versenden unsere Produkte weltweit. Die genauen Versandkosten bekommst du schon beim Bestellungsvorgang.<br \/>\n<strong>2<\/strong>. Die Lieferung erfolgt per UPS, GLS, DPD oder per Post.<br \/>\n<strong>3.<\/strong> Die Versandkosten beginnen bei 4,49 Euro.<br \/>\n<strong>4.<\/strong> Alle Bestellungen \u00fcber 99 EUR werden kostenlos in alle rot gekennzeichneten L\u00e4nder verschickt.<br \/>\n<strong>5.<\/strong> Kostenlose R\u00fccksendung f\u00fcr alle rot gekennzeichneten L\u00e4nder.<br \/>\n<strong>&#8212;<\/strong><\/p>\n\t\t\n<style>\n#text-2213720615 {\n  font-size: 0.8rem;\n  line-height: 2.2;\n  text-align: left;\n}\n<\/style>\n\t<\/div>\n\t\n\t\t<\/div>\n\t\t\t\t\t<\/div>\n\n\t\n\n<style>\n#row-1372291515 > .col > .col-inner {\n  padding: 44px 0px 0px 0px;\n}\n<\/style>\n<\/div>\n\t<div id=\"gap-264742400\" class=\"gap-element clearfix\" style=\"display:block; height:auto;\">\n\t\t\n<style>\n#gap-264742400 {\n  padding-top: 61px;\n}\n<\/style>\n\t<\/div>\n\t\n<div class=\"row row-collapse row-full-width align-middle align-center\"  id=\"row-469441474\">\n\n\t<div id=\"col-1516022425\" class=\"col medium-5 small-12 large-5\"  >\n\t\t\t\t<div class=\"col-inner text-center\"  >\n\t\t\t\n\t\t\t\n\t<div class=\"img has-hover x md-x lg-x y md-y lg-y\" id=\"image_1787592725\">\n\t\t<a class=\"image-lightbox lightbox-gallery\" title=\"\" href=\"https:\/\/pgwear.net\/wp-content\/uploads\/2022\/04\/world.png\">\t\t\t\t\t\t<div class=\"img-inner image-zoom-long dark\" style=\"margin:0px 0px 46px 0px;\">\n\t\t\t<img loading=\"lazy\" decoding=\"async\" width=\"964\" height=\"574\" src=\"https:\/\/pgwear.net\/wp-content\/uploads\/2022\/04\/world.png\" class=\"attachment-original size-original\" alt=\"\" srcset=\"https:\/\/pgwear.net\/wp-content\/uploads\/2022\/04\/world.png 964w, https:\/\/pgwear.net\/wp-content\/uploads\/2022\/04\/world-300x179.png 300w, https:\/\/pgwear.net\/wp-content\/uploads\/2022\/04\/world-768x457.png 768w, https:\/\/pgwear.net\/wp-content\/uploads\/2022\/04\/world-866x516.png 866w\" sizes=\"auto, (max-width: 964px) 100vw, 964px\" \/>\t\t\t\t\t\t\n\t\t\t\t\t<\/div>\n\t\t\t\t\t\t<\/a>\t\t\n<style>\n#image_1787592725 {\n  width: 100%;\n}\n<\/style>\n\t<\/div>\n\t\n\t\t<\/div>\n\t\t\t\t\t<\/div>\n\n\t\n\n\t<div id=\"col-238148756\" class=\"col medium-2 small-12 large-2\"  >\n\t\t\t\t<div class=\"col-inner\"  >\n\t\t\t\n\t\t\t\n<div class=\"message-box relative dark\" style=\"padding-top:15px;padding-bottom:15px;\"><div class=\"message-box-bg-image bg-fill fill\" ><\/div><div class=\"message-box-bg-overlay bg-fill fill\" style=\"background-color:rgb(89, 89, 89);\"><\/div><div class=\"container relative\"><div class=\"inner last-reset\">\n<div class=\"row align-middle align-center\"  id=\"row-836075634\">\n\n\t<div id=\"col-1350591390\" class=\"col small-12 large-12\"  >\n\t\t\t\t<div class=\"col-inner\"  >\n\t\t\t\n\t\t\t\n<h2>1 Tag<\/h2>\n\t\t<\/div>\n\t\t\t\t\t<\/div>\n\n\t\n<\/div>\n<\/div><\/div><\/div>\n<div class=\"message-box relative dark\" style=\"padding-top:15px;padding-bottom:15px;\"><div class=\"message-box-bg-image bg-fill fill\" ><\/div><div class=\"message-box-bg-overlay bg-fill fill\" style=\"background-color:rgb(129, 129, 129);\"><\/div><div class=\"container relative\"><div class=\"inner last-reset\">\n<div class=\"row align-middle align-center\"  id=\"row-278328374\">\n\n\t<div id=\"col-1079404657\" class=\"col small-12 large-12\"  >\n\t\t\t\t<div class=\"col-inner\"  >\n\t\t\t\n\t\t\t\n<h2>2 Tage<\/h2>\n\t\t<\/div>\n\t\t\t\t\t<\/div>\n\n\t\n<\/div>\n<\/div><\/div><\/div>\n<div class=\"message-box relative dark\" style=\"padding-top:15px;padding-bottom:15px;\"><div class=\"message-box-bg-image bg-fill fill\" ><\/div><div class=\"message-box-bg-overlay bg-fill fill\" style=\"background-color:rgb(169, 169, 169);\"><\/div><div class=\"container relative\"><div class=\"inner last-reset\">\n<div class=\"row align-middle align-center\"  id=\"row-1440613087\">\n\n\t<div id=\"col-2137341863\" class=\"col small-12 large-12\"  >\n\t\t\t\t<div class=\"col-inner\"  >\n\t\t\t\n\t\t\t\n<h2>3 Tage<\/h2>\n\t\t<\/div>\n\t\t\t\t\t<\/div>\n\n\t\n<\/div>\n<\/div><\/div><\/div>\n<div class=\"message-box relative\" style=\"padding-top:15px;padding-bottom:15px;\"><div class=\"message-box-bg-image bg-fill fill\" ><\/div><div class=\"message-box-bg-overlay bg-fill fill\" style=\"background-color:rgb(211, 211, 211);\"><\/div><div class=\"container relative\"><div class=\"inner last-reset\">\n<div class=\"row align-middle align-center\"  id=\"row-1593955229\">\n\n\t<div id=\"col-119524024\" class=\"col small-12 large-12\"  >\n\t\t\t\t<div class=\"col-inner\"  >\n\t\t\t\n\t\t\t\n<h2>4 Tage und mehr<\/h2>\n\t\t<\/div>\n\t\t\t\t\t<\/div>\n\n\t\n<\/div>\n<\/div><\/div><\/div>\n<div class=\"message-box relative bord\" style=\"padding-top:15px;padding-bottom:15px;\"><div class=\"message-box-bg-image bg-fill fill\" ><\/div><div class=\"message-box-bg-overlay bg-fill fill\" style=\"background-color:rgb(255, 255, 255);\"><\/div><div class=\"container relative\"><div class=\"inner last-reset\">\n<div class=\"row align-middle align-center\"  id=\"row-572368943\">\n\n\t<div id=\"col-1487267257\" class=\"col small-12 large-12\"  >\n\t\t\t\t<div class=\"col-inner\"  >\n\t\t\t\n\t\t\t\n<h2>6 Tage und mehr<\/h2>\n\t\t<\/div>\n\t\t\t\t\t<\/div>\n\n\t\n<\/div>\n<\/div><\/div><\/div>\n\t\t<\/div>\n\t\t\t\t\t<\/div>\n\n\t\n<\/div>\n\t<div id=\"gap-354214974\" class=\"gap-element clearfix\" style=\"display:block; height:auto;\">\n\t\t\n<style>\n#gap-354214974 {\n  padding-top: 101px;\n}\n<\/style>\n\t<\/div>\n\t\n","protected":false},"excerpt":{"rendered":"","protected":false},"author":1,"featured_media":0,"parent":0,"menu_order":0,"comment_status":"closed","ping_status":"closed","template":"page-blank.php","meta":{"_acf_changed":false,"footnotes":""},"class_list":["post-18098","page","type-page","status-publish","hentry"],"acf":[],"_links":{"self":[{"href":"https:\/\/pgwear.net\/de\/wp-json\/wp\/v2\/pages\/18098","targetHints":{"allow":["GET"]}}],"collection":[{"href":"https:\/\/pgwear.net\/de\/wp-json\/wp\/v2\/pages"}],"about":[{"href":"https:\/\/pgwear.net\/de\/wp-json\/wp\/v2\/types\/page"}],"author":[{"embeddable":true,"href":"https:\/\/pgwear.net\/de\/wp-json\/wp\/v2\/users\/1"}],"replies":[{"embeddable":true,"href":"https:\/\/pgwear.net\/de\/wp-json\/wp\/v2\/comments?post=18098"}],"version-history":[{"count":0,"href":"https:\/\/pgwear.net\/de\/wp-json\/wp\/v2\/pages\/18098\/revisions"}],"wp:attachment":[{"href":"https:\/\/pgwear.net\/de\/wp-json\/wp\/v2\/media?parent=18098"}],"curies":[{"name":"wp","href":"https:\/\/api.w.org\/{rel}","templated":true}]}}