{"id":18158,"date":"2021-11-05T13:37:51","date_gmt":"2021-11-05T12:37:51","guid":{"rendered":"https:\/\/dev.pgwear.net\/umtausch-rueckgabe\/"},"modified":"2024-05-28T08:54:56","modified_gmt":"2024-05-28T06:54:56","slug":"umtausch-rueckgabe","status":"publish","type":"page","link":"https:\/\/pgwear.net\/de\/umtausch-rueckgabe\/","title":{"rendered":"Umtausch \/ R\u00fcckgabe"},"content":{"rendered":"\n\t<section class=\"section\" id=\"section_1161726049\">\n\t\t<div class=\"section-bg fill\" >\n\t\t\t\t\t\t\t\t\t\n\t\t\t\n\n\t\t<\/div>\n\n\t\t\n\n\t\t<div class=\"section-content relative\">\n\t\t\t\n\n<div class=\"row\"  id=\"row-1087551111\">\n\n\n\t<div id=\"col-545785083\" class=\"col medium-12 small-12 large-7\"  >\n\t\t\t\t<div class=\"col-inner\" style=\"background-color:rgb(240, 247, 251);\" >\n\t\t\t\n\t\t\t\n\n\t<div id=\"text-3377846734\" class=\"text\">\n\t\t\n\n<h2>Verwalte deine R\u00fccksendungen bequem in der Rubrik Mein Konto<\/h2>\n\t\t\n<style>\n#text-3377846734 {\n  font-size: 1.25rem;\n  text-align: left;\n}\n<\/style>\n\t<\/div>\n\t\n\t<div id=\"text-2229144141\" class=\"text\">\n\t\t\n\n<p>Es ist eine gute Idee, ein Konto in unserem Shop anzulegen - so kannst du bequem und schnell die R\u00fcckgabe von Waren veranlassen oder eine Reklamation einreichen.<\/p>\n\t\t\n<style>\n#text-2229144141 {\n  text-align: left;\n}\n<\/style>\n\t<\/div>\n\t\n<a href=\"https:\/\/pgwear.net\/pl\/moje-konto\/orders\/\" class=\"button secondary\" >\n\t\t<span>Eine R\u00fcckgabe oder Reklamation bestellen<\/span>\n\t<i class=\"icon-angle-right\" aria-hidden=\"true\"><\/i><\/a>\n\n\n\t<div id=\"gap-883405870\" class=\"gap-element clearfix\" style=\"display:block; height:auto;\">\n\t\t\n<style>\n#gap-883405870 {\n  padding-top: 50px;\n}\n<\/style>\n\t<\/div>\n\t\n\n\n  <div class=\"banner has-hover\" id=\"banner-982708293\">\n          <div class=\"banner-inner fill\">\n        <div class=\"banner-bg fill\" >\n            <img loading=\"lazy\" decoding=\"async\" width=\"1020\" height=\"680\" src=\"https:\/\/pgwear.net\/wp-content\/uploads\/2023\/04\/pgwear-106-1024x683.jpg\" class=\"bg attachment-large size-large\" alt=\"\" \/>                                    \n                    <\/div>\n\t\t\n        <div class=\"banner-layers container\">\n            <div class=\"fill banner-link\"><\/div>            \n\n\n        <\/div>\n      <\/div>\n\n            \n<style>\n#banner-982708293 {\n  padding-top: 200px;\n  background-color: rgba(255, 255, 255, 0);\n}\n@media (min-width:550px) {\n  #banner-982708293 {\n    padding-top: 419px;\n  }\n}\n<\/style>\n  <\/div>\n\n\n\n\t\t<\/div>\n\t\t\t\t\n<style>\n#col-545785083 > .col-inner {\n  padding: 10% 10% 10% 10%;\n}\n<\/style>\n\t<\/div>\n\n\t\n\n\t<div id=\"col-16667723\" class=\"col medium-12 small-12 large-5\"  >\n\t\t\t\t<div class=\"col-inner\"  >\n\t\t\t\n\t\t\t\n\n<div class=\"row align-equal\"  id=\"row-1702623808\">\n\n\n\t<div id=\"col-1039607326\" class=\"col small-12 large-12\"  >\n\t\t\t\t<div class=\"col-inner\" style=\"background-color:rgb(240, 247, 251);\" >\n\t\t\t\n\t\t\t\n\n\t<div class=\"box has-hover   has-hover box-shade dark box-text-bottom\" >\n\n\t\t<div class=\"box-image\" >\n\t\t\t<a href=\"https:\/\/www.pgwear.net\/pdf\/PGWEAR_formularz_zwrotu.pdf\" >\t\t\t<div class=\"image-glow image-cover\" style=\"padding-top:200px;\">\n\t\t\t\t<img loading=\"lazy\" decoding=\"async\" width=\"640\" height=\"427\" src=\"https:\/\/pgwear.net\/wp-content\/uploads\/2023\/04\/form-gf6661a268_640.jpg\" class=\"attachment- size-\" alt=\"\" srcset=\"https:\/\/pgwear.net\/wp-content\/uploads\/2023\/04\/form-gf6661a268_640.jpg 640w, https:\/\/pgwear.net\/wp-content\/uploads\/2023\/04\/form-gf6661a268_640-300x200.jpg 300w\" sizes=\"auto, (max-width: 640px) 100vw, 640px\" \/>\t\t\t\t<div class=\"overlay\" style=\"background-color:rgba(0, 0, 0, 0.43)\"><\/div>\t\t\t\t<div class=\"shade\"><\/div>\t\t\t<\/div>\n\t\t\t<\/a>\t\t<\/div>\n\n\t\t<div class=\"box-text text-left\" >\n\t\t\t<div class=\"box-text-inner\">\n\t\t\t\t\n\n<h2>Du hast noch kein Konto?<\/h2>\n<p><a href=\"https:\/\/www.pgwear.net\/pdf\/PGWEAR_R\u00fccksendeformular.pdf\" target=\"_blank\" rel=\"nofollow noopener\">Lade das R\u00fcckgabeformular herunter.<\/a><\/p>\n\n\t\t\t<\/div>\n\t\t<\/div>\n\t<\/div>\n\t\n\n\t\t<\/div>\n\t\t\t\t\n<style>\n#col-1039607326 > .col-inner {\n  padding: 10% 10% 10% 10%;\n}\n<\/style>\n\t<\/div>\n\n\t\n\n<\/div>\n<div class=\"row\"  id=\"row-1753967889\">\n\n\n\t<div id=\"col-1469625046\" class=\"col small-12 large-12\"  >\n\t\t\t\t<div class=\"col-inner\"  >\n\t\t\t\n\t\t\t\n\n<div class=\"row\"  id=\"row-1238896650\">\n\n\n\t<div id=\"col-1251734177\" class=\"col small-12 large-12\"  >\n\t\t\t\t<div class=\"col-inner\" style=\"background-color:rgb(240, 247, 251);\" >\n\t\t\t\n\t\t\t\n\n<h2>Bequeme R\u00fcckgabe auch f\u00fcr K\u00e4ufer ohne Konto<\/h2>\n<p>Wenn du kein Konto bei uns hast - nichts verloren. Kontaktiere uns und bestelle eine R\u00fccksendung oder reklamiere sie.<\/p>\n<div class=\"accordion\">\n\n\t<div id=\"accordion-931837423\" class=\"accordion-item\">\n\t\t<a id=\"accordion-931837423-label\" class=\"accordion-title plain\" href=\"#accordion-item-zur\u00fcckkehren\" aria-expanded=\"false\" aria-controls=\"accordion-931837423-content\">\n\t\t\t<button class=\"toggle\" aria-label=\"Umschalten\"><i class=\"icon-angle-down\" aria-hidden=\"true\"><\/i><\/button>\n\t\t\t<span>Zur\u00fcckkehren<\/span>\n\t\t<\/a>\n\t\t<div id=\"accordion-931837423-content\" class=\"accordion-inner\" aria-labelledby=\"accordion-931837423-label\">\n\t\t\t\n\n<h3><a href=\"https:\/\/www.pgwear.net\/pdf\/PGWEAR_R\u00fccksendeformular.pdf\" target=\"_blank\" rel=\"nofollow noopener\">Download des R\u00fcckgabeformulars<\/a><\/h3>\n\n\t\t<\/div>\n\t<\/div>\n\t\n\t<div id=\"accordion-797027485\" class=\"accordion-item\">\n\t\t<a id=\"accordion-797027485-label\" class=\"accordion-title plain\" href=\"#accordion-item-beschwerde\" aria-expanded=\"false\" aria-controls=\"accordion-797027485-content\">\n\t\t\t<button class=\"toggle\" aria-label=\"Umschalten\"><i class=\"icon-angle-down\" aria-hidden=\"true\"><\/i><\/button>\n\t\t\t<span>Beschwerde<\/span>\n\t\t<\/a>\n\t\t<div id=\"accordion-797027485-content\" class=\"accordion-inner\" aria-labelledby=\"accordion-797027485-label\">\n\t\t\t\n\n<p>Um eine Beschwerde ohne ein Shop-Konto einzureichen, wende dich bitte an: <a href=\"mailto:shop@pgwear.net\">shop@pgwear.net.<\/a><\/p>\n\n\t\t<\/div>\n\t<\/div>\n\t\n\n<\/div>\n\n\t\t<\/div>\n\t\t\t\t\n<style>\n#col-1251734177 > .col-inner {\n  padding: 10% 10% 10% 10%;\n}\n<\/style>\n\t<\/div>\n\n\t\n\n<\/div>\n\n\t\t<\/div>\n\t\t\t\t\t<\/div>\n\n\t\n\n<\/div>\n\n\t\t<\/div>\n\t\t\t\t\t<\/div>\n\n\t\n\n<\/div>\n\n\t\t<\/div>\n\n\t\t\n<style>\n#section_1161726049 {\n  padding-top: 30px;\n  padding-bottom: 30px;\n}\n<\/style>\n\t<\/section>\n\t\n\n\t<section class=\"section\" id=\"section_140367851\">\n\t\t<div class=\"section-bg fill\" >\n\t\t\t\t\t\t\t\t\t\n\t\t\t\n\n\t\t<\/div>\n\n\t\t\n\n\t\t<div class=\"section-content relative\">\n\t\t\t\n\t<div id=\"gap-1294106402\" class=\"gap-element clearfix\" style=\"display:block; height:auto;\">\n\t\t\n<style>\n#gap-1294106402 {\n  padding-top: 30px;\n}\n<\/style>\n\t<\/div>\n\t\n<div class=\"row\"  id=\"row-247649411\">\n\n\t<div id=\"col-874475763\" class=\"col medium-4 small-12 large-4\"  >\n\t\t\t\t<div class=\"col-inner\"  >\n\t\t\t\n\t\t\t\n\t<div id=\"text-2987502594\" class=\"text\">\n\t\t\n<h2>VERSAND UND R\u00dcCKGABE<\/h2>\n\t\t\n<style>\n#text-2987502594 {\n  font-size: 1.75rem;\n}\n<\/style>\n\t<\/div>\n\t\n\t\t<\/div>\n\t\t\t\t\t<\/div>\n\n\t\n\n\t<div id=\"col-132969351\" class=\"col medium-8 small-12 large-8\"  >\n\t\t\t\t<div class=\"col-inner\"  >\n\t\t\t\n\t\t\t\n<ul>\n<li class=\"bullet-star\">Der PGWEAR-Shop bietet die Lieferung von Waren in alle L\u00e4nder der Welt an.<\/li>\n<li class=\"bullet-star\"><strong>Die kostenlose Lieferung<\/strong> in Polen gilt f\u00fcr Bestellungen \u00fcber 200 PLN<\/li>\n<li class=\"bullet-star\">F\u00fcr Bestellungen \u00fcber 99 EUR gilt die <strong>kostenlose Lieferung<\/strong> in EU-L\u00e4nder (ausgenommen Zypern, Malta, Griechenland, Kroatien und Irland).<\/li>\n<li class=\"bullet-star\">Die Versandkosten f\u00fcr gekaufte Waren beginnen ab 5 EUR \u2013 die endg\u00fcltigen Kosten werden nach dem Hinzuf\u00fcgen der Produkte zum Warenkorb angezeigt. Die Kosten h\u00e4ngen vom Zielland und dem Gewicht der Sendung ab<\/li>\n<li class=\"bullet-star\">Der Kunde hat 100 Tage Zeit, die gekaufte Ware zur\u00fcckzuschicken.<\/li>\n<li class=\"bullet-star\"><strong>Die kostenlose R\u00fccksendung<\/strong> gilt f\u00fcr Bestellungen aus EU-L\u00e4ndern (ausgenommen Zypern, Malta, Griechenland, Kroatien und Irland) und gilt f\u00fcr Bestellungen \u00fcber 99 EUR.<\/li>\n<li class=\"bullet-star\">F\u00fchrt die R\u00fccksendung der Ware zu einer Minderung des Bestellwertes unter 99 EUR, erfolgt die R\u00fccksendung auf Kosten des Kunden<\/li>\n<li class=\"bullet-star\">Liegt der Bestellwert unter 99 EUR oder kommt die Bestellung aus einem Land au\u00dferhalb der EU und Zyperns, Maltas, Griechenlands und Irlands, ist der Kunde verpflichtet, die Ware auf eigene Kosten an folgende Adresse zur\u00fcckzusenden:<br \/><span class=\"fancy-underline\"><span style=\"color: #282828;\"><em>PGWEAR Prz\u0119dzalniana 8, 15688 Bia\u0142ystok POLEN<\/em><\/span><\/span><\/li>\n<li class=\"bullet-star\">Um die Ware zur\u00fcckzusenden, nutze die R\u00fcckgabe-Option in der Bestellliste im Kundenkonto im Shop oder f\u00fclle das R\u00fcckgabeformular aus, das unter folgenderAdresse verf\u00fcgbar ist: URL. Das ausgef\u00fcllte Formular ist an folgende Adresse zu senden: shop@pgwear.net<\/li>\n<li class=\"bullet-star\">Das KOSTENLOSE R\u00fccksendeverfahren wird von Kurierunternehmen durchgef\u00fchrt: DPD, UPS, GLS, je nachdem, auf welches Land sich die R\u00fccksendung bezieht.<\/li>\n<\/ul>\n\t\t<\/div>\n\t\t\t\t\t<\/div>\n\n\t\n<\/div>\n\t\t<\/div>\n\n\t\t\n<style>\n#section_140367851 {\n  padding-top: 30px;\n  padding-bottom: 30px;\n}\n<\/style>\n\t<\/section>\n\t\n\n\t<section class=\"section\" id=\"section_294026691\">\n\t\t<div class=\"section-bg fill\" >\n\t\t\t\t\t\t\t\t\t\n\t\t\t\n\n\t\t<\/div>\n\n\t\t\n\n\t\t<div class=\"section-content relative\">\n\t\t\t\n\t<div id=\"gap-193757448\" class=\"gap-element clearfix\" style=\"display:block; height:auto;\">\n\t\t\n<style>\n#gap-193757448 {\n  padding-top: 30px;\n}\n<\/style>\n\t<\/div>\n\t\n<div class=\"row\"  id=\"row-44511147\">\n\n\t<div id=\"col-1609242866\" class=\"col medium-4 small-12 large-4\"  >\n\t\t\t\t<div class=\"col-inner\"  >\n\t\t\t\n\t\t\t\n\t<div id=\"text-881155822\" class=\"text\">\n\t\t\n<h2>REKL:AMATIONEN<\/h2>\n\t\t\n<style>\n#text-881155822 {\n  font-size: 1.75rem;\n}\n<\/style>\n\t<\/div>\n\t\n\t\t<\/div>\n\t\t\t\t\t<\/div>\n\n\t\n\n\t<div id=\"col-885219798\" class=\"col medium-8 small-12 large-8\"  >\n\t\t\t\t<div class=\"col-inner\"  >\n\t\t\t\n\t\t\t\n<p>Es tut uns sehr leid, dass das PGWEAR-Produkt fehlerhaft oder besch\u00e4digt ist. Um eine Beschwerde \u00fcber ein Produkt einzureichen, f\u00fclle bitte das R\u00fccksendeformular im Kundenkonto im Shop aus oder f\u00fclle das R\u00fccksendeformular aus, das unter der <a href=\"https:\/\/www.pgwear.net\/pdf\/PGWEAR_R\u00fccksendeformular.pdf\" target=\"_blank\" rel=\"noopener\"><strong>URL<\/strong><\/a> verf\u00fcgbar ist<\/p>\n<p>Das ausgef\u00fcllte Formular ist an <a href=\"mailto:shop@pgwear.net\">shop@pgwear.net<\/a> zu senden<\/p>\n<p>Wir bem\u00fchen uns, sicherzustellen, dass jede Bewerbung so schnell wie m\u00f6glich geantwortet wird. Du wirst per E-Mail \u00fcber die n\u00e4chsten Schritte informiert.<\/p>\n\t\t<\/div>\n\t\t\t\t\t<\/div>\n\n\t\n<\/div>\n\t\t<\/div>\n\n\t\t\n<style>\n#section_294026691 {\n  padding-top: 30px;\n  padding-bottom: 30px;\n}\n<\/style>\n\t<\/section>\n\t\n","protected":false},"excerpt":{"rendered":"","protected":false},"author":1,"featured_media":0,"parent":0,"menu_order":0,"comment_status":"closed","ping_status":"closed","template":"page-blank.php","meta":{"_acf_changed":false,"footnotes":""},"class_list":["post-18158","page","type-page","status-publish","hentry"],"acf":[],"_links":{"self":[{"href":"https:\/\/pgwear.net\/de\/wp-json\/wp\/v2\/pages\/18158","targetHints":{"allow":["GET"]}}],"collection":[{"href":"https:\/\/pgwear.net\/de\/wp-json\/wp\/v2\/pages"}],"about":[{"href":"https:\/\/pgwear.net\/de\/wp-json\/wp\/v2\/types\/page"}],"author":[{"embeddable":true,"href":"https:\/\/pgwear.net\/de\/wp-json\/wp\/v2\/users\/1"}],"replies":[{"embeddable":true,"href":"https:\/\/pgwear.net\/de\/wp-json\/wp\/v2\/comments?post=18158"}],"version-history":[{"count":0,"href":"https:\/\/pgwear.net\/de\/wp-json\/wp\/v2\/pages\/18158\/revisions"}],"wp:attachment":[{"href":"https:\/\/pgwear.net\/de\/wp-json\/wp\/v2\/media?parent=18158"}],"curies":[{"name":"wp","href":"https:\/\/api.w.org\/{rel}","templated":true}]}}