{"id":100641,"date":"2023-09-20T10:09:26","date_gmt":"2023-09-20T08:09:26","guid":{"rendered":"https:\/\/pgwear.net\/?post_type=product&#038;p=100641"},"modified":"2025-12-02T12:15:50","modified_gmt":"2025-12-02T11:15:50","slug":"t-shirt-stripe-no-respect-schwarz","status":"publish","type":"product","link":"https:\/\/pgwear.net\/de\/p\/t-shirt-stripe-no-respect-schwarz\/","title":{"rendered":"T-shirt &#8220;Stripe&#8221; No Respect Schwarz"},"content":{"rendered":"<p>Das minimalistische Design f\u00fcr diejenigen, die im Stadion anonym bleiben m\u00f6chten, perfekte Passform und Qualit\u00e4t f\u00fcr diejenigen, die auf der Stra\u00dfe stilvoll bleiben m\u00f6chten, schlichter Streifen und ein Logo- <a href=\"https:\/\/pgwear.net\/de\/feature\/balaclava-motiv\/\">kleinen schwarze Sturmhaube<\/a> f\u00fcr diejenigen, die diskret zeigen m\u00f6chten, dass sie zur Ultras-Bewegung geh\u00f6ren! Darum geht es in diesem <a href=\"https:\/\/pgwear.net\/de\/tag\/no-respect-de\/\">NO RESPECT<\/a> T-Shirt!<\/p>\n","protected":false},"excerpt":{"rendered":"<p>Das minimalistische Design f\u00fcr diejenigen, die im Stadion anonym bleiben m\u00f6chten, perfekte Passform und Qualit\u00e4t f\u00fcr diejenigen, die auf der Stra\u00dfe stilvoll bleiben m\u00f6chten, schlichter Streifen und ein Logo- kleinen schwarze Sturmhaube f\u00fcr diejenigen, die diskret zeigen m\u00f6chten, dass sie zur Ultras-Bewegung geh\u00f6ren!<\/p>\n","protected":false},"featured_media":100571,"template":"","meta":{"_acf_changed":false},"product_brand":[],"product_cat":[3613],"product_tag":[1976],"class_list":{"0":"post-100641","1":"product","2":"type-product","3":"status-publish","4":"has-post-thumbnail","6":"product_cat-no-respect-de","7":"product_tag-no-respect-de","8":"pa_gramatura-180-gr-m2-de","9":"pa_kolor-schwarz","10":"pa_kroj-klassisch","11":"pa_material-100-baumwolle-de-2","12":"pa_rozmiar-l-de","13":"pa_rozmiar-m-de-2","14":"pa_rozmiar-s-de","15":"pa_rozmiar-xl-de","16":"pa_rozmiar-xxl-de","17":"pa_rozmiar-xxxl-de","18":"feature-balaclava-motiv","20":"first","21":"outofstock","22":"taxable","23":"shipping-taxable","24":"product-type-variable"},"acf":[],"_links":{"self":[{"href":"https:\/\/pgwear.net\/de\/wp-json\/wp\/v2\/product\/100641","targetHints":{"allow":["GET"]}}],"collection":[{"href":"https:\/\/pgwear.net\/de\/wp-json\/wp\/v2\/product"}],"about":[{"href":"https:\/\/pgwear.net\/de\/wp-json\/wp\/v2\/types\/product"}],"wp:featuredmedia":[{"embeddable":true,"href":"https:\/\/pgwear.net\/de\/wp-json\/wp\/v2\/media\/100571"}],"wp:attachment":[{"href":"https:\/\/pgwear.net\/de\/wp-json\/wp\/v2\/media?parent=100641"}],"wp:term":[{"taxonomy":"product_brand","embeddable":true,"href":"https:\/\/pgwear.net\/de\/wp-json\/wp\/v2\/product_brand?post=100641"},{"taxonomy":"product_cat","embeddable":true,"href":"https:\/\/pgwear.net\/de\/wp-json\/wp\/v2\/product_cat?post=100641"},{"taxonomy":"product_tag","embeddable":true,"href":"https:\/\/pgwear.net\/de\/wp-json\/wp\/v2\/product_tag?post=100641"}],"curies":[{"name":"wp","href":"https:\/\/api.w.org\/{rel}","templated":true}]}}