{"id":100747,"date":"2023-09-20T10:09:24","date_gmt":"2023-09-20T08:09:24","guid":{"rendered":"https:\/\/pgwear.net\/p\/t-shirt-sofia-no-respect-schwarz\/"},"modified":"2026-02-06T14:45:30","modified_gmt":"2026-02-06T13:45:30","slug":"t-shirt-sofia-no-respect-schwarz","status":"publish","type":"product","link":"https:\/\/pgwear.net\/de\/p\/t-shirt-sofia-no-respect-schwarz\/","title":{"rendered":"T-shirt &#8220;Sofia&#8221; No Respect Schwarz"},"content":{"rendered":"<p>Klassisch geschnittenes T-Shirt aus hochwertigem Material mit einzigartigem Aufdruck und unserem Slogan. Es betrifft alles, was die Herzen von Ultras, Hooligans und Fu\u00dfballfans vor dem Spiel auf der Stra\u00dfe h\u00f6her schlagen l\u00e4sst \u2013 Kampf mit den Feinden, Polizei und <a href=\"https:\/\/pgwear.net\/de\/feature\/awayday-de\/\">Ausw\u00e4rtsspiele<\/a>! Trage <a href=\"https:\/\/pgwear.net\/de\/tag\/no-respect-de\/\">NO RESPECT<\/a> stolz sowohl auf der Stra\u00dfe als auch im Stadion!<\/p>\n","protected":false},"excerpt":{"rendered":"<p>Klassisch geschnittenes T-Shirt aus hochwertigem Material mit einzigartigem Aufdruck und unserem Slogan.<\/p>\n","protected":false},"featured_media":100722,"template":"","meta":{"_acf_changed":false},"product_brand":[],"product_cat":[3613],"product_tag":[3279,1976],"class_list":{"0":"post-100747","1":"product","2":"type-product","3":"status-publish","4":"has-post-thumbnail","6":"product_cat-no-respect-de","7":"product_tag-letzte-chance","8":"product_tag-no-respect-de","9":"pa_gramatura-180-gr-m2-de","10":"pa_kolor-schwarz","11":"pa_kroj-klassisch","12":"pa_material-100-baumwolle-de-2","13":"pa_nadruk-grosser-brustaufdruck","14":"pa_rozmiar-l-de","15":"pa_rozmiar-m-de-2","16":"pa_rozmiar-s-de","17":"pa_rozmiar-xl-de","18":"pa_rozmiar-xxl-de","19":"pa_rozmiar-xxxl-de","21":"first","22":"outofstock","23":"taxable","24":"shipping-taxable","25":"product-type-variable"},"acf":[],"_links":{"self":[{"href":"https:\/\/pgwear.net\/de\/wp-json\/wp\/v2\/product\/100747","targetHints":{"allow":["GET"]}}],"collection":[{"href":"https:\/\/pgwear.net\/de\/wp-json\/wp\/v2\/product"}],"about":[{"href":"https:\/\/pgwear.net\/de\/wp-json\/wp\/v2\/types\/product"}],"wp:featuredmedia":[{"embeddable":true,"href":"https:\/\/pgwear.net\/de\/wp-json\/wp\/v2\/media\/100722"}],"wp:attachment":[{"href":"https:\/\/pgwear.net\/de\/wp-json\/wp\/v2\/media?parent=100747"}],"wp:term":[{"taxonomy":"product_brand","embeddable":true,"href":"https:\/\/pgwear.net\/de\/wp-json\/wp\/v2\/product_brand?post=100747"},{"taxonomy":"product_cat","embeddable":true,"href":"https:\/\/pgwear.net\/de\/wp-json\/wp\/v2\/product_cat?post=100747"},{"taxonomy":"product_tag","embeddable":true,"href":"https:\/\/pgwear.net\/de\/wp-json\/wp\/v2\/product_tag?post=100747"}],"curies":[{"name":"wp","href":"https:\/\/api.w.org\/{rel}","templated":true}]}}