{"id":101166,"date":"2023-09-20T10:09:09","date_gmt":"2023-09-20T08:09:09","guid":{"rendered":"https:\/\/pgwear.net\/p\/maske-hoodie-maniac-no-respect-schwarz\/"},"modified":"2026-03-23T08:04:50","modified_gmt":"2026-03-23T07:04:50","slug":"maske-hoodie-maniac-no-respect-schwarz","status":"publish","type":"product","link":"https:\/\/pgwear.net\/de\/p\/maske-hoodie-maniac-no-respect-schwarz\/","title":{"rendered":"Maske Hoodie &#8220;Maniac&#8221; No Respect Schwarz"},"content":{"rendered":"<p>Legend\u00e4rer <a href=\"https:\/\/pgwear.net\/de\/c\/sweatshirts\/\">Kapuzenpullover<\/a> mit durchgehendem Rei\u00dfverschluss, in die Kapuze eingen\u00e4hter Maske und <a href=\"https:\/\/pgwear.net\/de\/feature\/grose-tasche\/\">ger\u00e4umiger Tasche<\/a> auf der Vorderseite. Hergestellt aus Materialien h\u00f6chster Qualit\u00e4t mit Liebe zum Detail! Egal, wo dud ich befindest, zu Hause oder unterwegs, dieses Produkt sch\u00fctzt vor Polizei und CCTV-Kameras, sowohl auf der Stra\u00dfe als auch im Stadion!<\/p>\n","protected":false},"excerpt":{"rendered":"<p>Legend\u00e4rer Kapuzenpullover mit durchgehendem Rei\u00dfverschluss, in die Kapuze eingen\u00e4hter Maske und ger\u00e4umiger Tasche auf der Vorderseite. Hergestellt aus Materialien h\u00f6chster Qualit\u00e4t mit Liebe zum Detail!<\/p>\n","protected":false},"featured_media":101137,"template":"","meta":{"_acf_changed":false},"product_brand":[],"product_cat":[3561,3563,610],"product_tag":[1976],"class_list":{"0":"post-101166","1":"product","2":"type-product","3":"status-publish","4":"has-post-thumbnail","6":"product_cat-kapuzenpullover","7":"product_cat-kapuzenpullover-mit-sturmhaube","8":"product_cat-sweatshirts","9":"product_tag-no-respect-de","10":"pa_gramatura-340-gr-m2-de","11":"pa_kolor-schwarz","12":"pa_kroj-klassisch","13":"pa_material-100-baumwolle-de-2","14":"pa_nadruk-grosser-brustaufdruck","15":"pa_rozmiar-l-de","16":"pa_rozmiar-m-de-2","17":"pa_rozmiar-s-de","18":"pa_rozmiar-xl-de","19":"pa_rozmiar-xxl-de","20":"pa_rozmiar-xxxl-de","21":"feature-integrierte-maske","23":"first","24":"instock","25":"taxable","26":"shipping-taxable","27":"purchasable","28":"product-type-variable"},"acf":[],"_links":{"self":[{"href":"https:\/\/pgwear.net\/de\/wp-json\/wp\/v2\/product\/101166","targetHints":{"allow":["GET"]}}],"collection":[{"href":"https:\/\/pgwear.net\/de\/wp-json\/wp\/v2\/product"}],"about":[{"href":"https:\/\/pgwear.net\/de\/wp-json\/wp\/v2\/types\/product"}],"wp:featuredmedia":[{"embeddable":true,"href":"https:\/\/pgwear.net\/de\/wp-json\/wp\/v2\/media\/101137"}],"wp:attachment":[{"href":"https:\/\/pgwear.net\/de\/wp-json\/wp\/v2\/media?parent=101166"}],"wp:term":[{"taxonomy":"product_brand","embeddable":true,"href":"https:\/\/pgwear.net\/de\/wp-json\/wp\/v2\/product_brand?post=101166"},{"taxonomy":"product_cat","embeddable":true,"href":"https:\/\/pgwear.net\/de\/wp-json\/wp\/v2\/product_cat?post=101166"},{"taxonomy":"product_tag","embeddable":true,"href":"https:\/\/pgwear.net\/de\/wp-json\/wp\/v2\/product_tag?post=101166"}],"curies":[{"name":"wp","href":"https:\/\/api.w.org\/{rel}","templated":true}]}}