{"id":101368,"date":"2023-09-20T10:09:06","date_gmt":"2023-09-20T08:09:06","guid":{"rendered":"https:\/\/pgwear.net\/p\/muetze-action-classic-no-respect-schwarz\/"},"modified":"2025-11-17T16:58:37","modified_gmt":"2025-11-17T15:58:37","slug":"mutze-action-classic-no-respect-schwarz","status":"publish","type":"product","link":"https:\/\/pgwear.net\/de\/p\/mutze-action-classic-no-respect-schwarz\/","title":{"rendered":"M\u00fctze Action &#8220;Classic&#8221; No Respect Schwarz"},"content":{"rendered":"<p>Eines der am h\u00e4ufigsten gekauften aus der Linie \u201e<a href=\"https:\/\/pgwear.net\/de\/tag\/no-respect-de\/\">NO RESPECT<\/a>\u201c-Produkte ist eine klassische <a href=\"https:\/\/pgwear.net\/de\/feature\/wintermuetze\/\">Winterm\u00fctze<\/a> mit unter der Falte verstecktem Rei\u00dfverschluss. Sch\u00fctzt perfekt vor K\u00e4lte und Polizeikameras.<\/p>\n","protected":false},"excerpt":{"rendered":"<p>Eines der am h\u00e4ufigsten gekauften aus der Linie \u201eNO RESPECT\u201c-Produkte ist eine klassische Winterm\u00fctze mit unter der Falte verstecktem Rei\u00dfverschluss. Sch\u00fctzt perfekt vor K\u00e4lte und Polizeikameras.<\/p>\n","protected":false},"featured_media":101356,"template":"","meta":{"_acf_changed":false},"product_brand":[],"product_cat":[3573],"product_tag":[1976],"class_list":{"0":"post-101368","1":"product","2":"type-product","3":"status-publish","4":"has-post-thumbnail","6":"product_cat-wintermuetzen","7":"product_tag-no-respect-de","8":"pa_kolor-schwarz","9":"pa_material-100-acryl-de","10":"feature-wintermuetze","12":"first","13":"instock","14":"taxable","15":"shipping-taxable","16":"purchasable","17":"product-type-simple"},"acf":[],"_links":{"self":[{"href":"https:\/\/pgwear.net\/de\/wp-json\/wp\/v2\/product\/101368","targetHints":{"allow":["GET"]}}],"collection":[{"href":"https:\/\/pgwear.net\/de\/wp-json\/wp\/v2\/product"}],"about":[{"href":"https:\/\/pgwear.net\/de\/wp-json\/wp\/v2\/types\/product"}],"wp:featuredmedia":[{"embeddable":true,"href":"https:\/\/pgwear.net\/de\/wp-json\/wp\/v2\/media\/101356"}],"wp:attachment":[{"href":"https:\/\/pgwear.net\/de\/wp-json\/wp\/v2\/media?parent=101368"}],"wp:term":[{"taxonomy":"product_brand","embeddable":true,"href":"https:\/\/pgwear.net\/de\/wp-json\/wp\/v2\/product_brand?post=101368"},{"taxonomy":"product_cat","embeddable":true,"href":"https:\/\/pgwear.net\/de\/wp-json\/wp\/v2\/product_cat?post=101368"},{"taxonomy":"product_tag","embeddable":true,"href":"https:\/\/pgwear.net\/de\/wp-json\/wp\/v2\/product_tag?post=101368"}],"curies":[{"name":"wp","href":"https:\/\/api.w.org\/{rel}","templated":true}]}}