{"id":102140,"date":"2023-09-26T08:31:03","date_gmt":"2023-09-26T06:31:03","guid":{"rendered":"https:\/\/pgwear.net\/p\/t-shirt-thank-you-mom-weiss\/"},"modified":"2026-04-16T17:13:47","modified_gmt":"2026-04-16T15:13:47","slug":"t-shirt-thank-you-mom-weiss","status":"publish","type":"product","link":"https:\/\/pgwear.net\/de\/p\/t-shirt-thank-you-mom-weiss\/","title":{"rendered":"T-shirt &#8220;Thank You Mom&#8221; Wei\u00df"},"content":{"rendered":"<p>Ja, V\u00e4ter sind diejenigen, die uns zum ersten Mal ins Stadion bringen! Vom Vater zum Sohn \u2013 diese nie endende, sch\u00f6ne Tradition wollen wir fortsetzen! Aber wir d\u00fcrfen auch die M\u00fctter nicht vergessen \u2013 das sind Frauen, die uns zur Welt gebracht, gro\u00dfgezogen, gef\u00fcttert und gepflegt haben. Sie verstehen und unterst\u00fctzen uns auch in den schwierigsten Zeiten und ziehen niemals die Schultern zur\u00fcck! Und sie sind diejenigen, die nie einschlafen, bis wir sicher von unseren Spieltagen zur\u00fcckkommen, selbst wenn wir \u00e4lter werden \ud83d\ude42 Danke, Mama!<\/p>\n","protected":false},"excerpt":{"rendered":"<p>Ja, V\u00e4ter sind diejenigen, die uns zum ersten Mal ins Stadion bringen! Vom Vater zum Sohn \u2013 diese nie endende, sch\u00f6ne Tradition wollen wir fortsetzen!<\/p>\n","protected":false},"featured_media":102117,"template":"","meta":{"_acf_changed":false},"product_brand":[],"product_cat":[660],"product_tag":[3841,3279,2839],"class_list":{"0":"post-102140","1":"product","2":"type-product","3":"status-publish","4":"has-post-thumbnail","6":"product_cat-t-shirts-de","7":"product_tag-blue-monday","8":"product_tag-letzte-chance","9":"product_tag-sale-de","10":"pa_gramatura-180-gr-m2-de","11":"pa_kolor-weiss","12":"pa_material-100-baumwolle-de-2","13":"pa_nadruk-grosser-brustaufdruck","14":"pa_rozmiar-l-de","15":"pa_rozmiar-m-de-2","16":"pa_rozmiar-s-de","17":"pa_rozmiar-xl-de","18":"pa_rozmiar-xxl-de","19":"pa_rozmiar-xxxl-de","21":"first","22":"instock","23":"sale","24":"taxable","25":"shipping-taxable","26":"purchasable","27":"product-type-variable"},"acf":[],"_links":{"self":[{"href":"https:\/\/pgwear.net\/de\/wp-json\/wp\/v2\/product\/102140","targetHints":{"allow":["GET"]}}],"collection":[{"href":"https:\/\/pgwear.net\/de\/wp-json\/wp\/v2\/product"}],"about":[{"href":"https:\/\/pgwear.net\/de\/wp-json\/wp\/v2\/types\/product"}],"wp:featuredmedia":[{"embeddable":true,"href":"https:\/\/pgwear.net\/de\/wp-json\/wp\/v2\/media\/102117"}],"wp:attachment":[{"href":"https:\/\/pgwear.net\/de\/wp-json\/wp\/v2\/media?parent=102140"}],"wp:term":[{"taxonomy":"product_brand","embeddable":true,"href":"https:\/\/pgwear.net\/de\/wp-json\/wp\/v2\/product_brand?post=102140"},{"taxonomy":"product_cat","embeddable":true,"href":"https:\/\/pgwear.net\/de\/wp-json\/wp\/v2\/product_cat?post=102140"},{"taxonomy":"product_tag","embeddable":true,"href":"https:\/\/pgwear.net\/de\/wp-json\/wp\/v2\/product_tag?post=102140"}],"curies":[{"name":"wp","href":"https:\/\/api.w.org\/{rel}","templated":true}]}}