{"id":102191,"date":"2023-09-26T08:31:02","date_gmt":"2023-09-26T06:31:02","guid":{"rendered":"https:\/\/pgwear.net\/p\/t-shirt-travelsupport-golf-weiss\/"},"modified":"2026-03-13T18:51:29","modified_gmt":"2026-03-13T17:51:29","slug":"t-shirt-travel-support-golf-weiss","status":"publish","type":"product","link":"https:\/\/pgwear.net\/de\/p\/t-shirt-travel-support-golf-weiss\/","title":{"rendered":"T-shirt &#8220;Travel&amp;Support Golf&#8221; Wei\u00df"},"content":{"rendered":"<p>Gibt es etwas Besseres, als das Wochenende auf <a href=\"https:\/\/pgwear.net\/de\/feature\/awayday-de\/\">Ausw\u00e4rtsspiel<\/a> zu verbringen, um die geliebte Fu\u00dfballmannschaft zu unterst\u00fctzen? Nat\u00fcrlich nicht! Denn DIE BESTEN TAGE SIND AUSW\u00c4RTSTAGE! Schnapp dir ein <a href=\"https:\/\/pgwear.net\/de\/feature\/thema-bier\/\">Bier<\/a>, nimm deine treuen Freunde mit, steige zusammen in den Minivan und bereite dich auf die Abenteuer vor!<\/p>\n","protected":false},"excerpt":{"rendered":"<p>Gibt es etwas Besseres, als das Wochenende auf Ausw\u00e4rtsspiel zu verbringen, um die geliebte Fu\u00dfballmannschaft zu unterst\u00fctzen? Nat\u00fcrlich nicht! Denn DIE BESTEN TAGE SIND AUSW\u00c4RTSTAGE! Schnapp dir ein Bier, nimm deine treuen Freunde mit, steige zusammen in den Minivan und bereite dich auf die Abenteuer vor!<\/p>\n","protected":false},"featured_media":102159,"template":"","meta":{"_acf_changed":false},"product_brand":[],"product_cat":[660],"product_tag":[3841,3279,2839],"class_list":{"0":"post-102191","1":"product","2":"type-product","3":"status-publish","4":"has-post-thumbnail","6":"product_cat-t-shirts-de","7":"product_tag-blue-monday","8":"product_tag-letzte-chance","9":"product_tag-sale-de","10":"pa_gramatura-180-gr-m2-de","11":"pa_kolor-weiss","12":"pa_material-100-baumwolle-de-2","13":"pa_nadruk-grosser-brustaufdruck","14":"pa_rozmiar-l-de","15":"pa_rozmiar-m-de-2","16":"pa_rozmiar-s-de","17":"pa_rozmiar-xl-de","18":"pa_rozmiar-xxl-de","19":"pa_rozmiar-xxxl-de","20":"feature-awayday-de","22":"first","23":"instock","24":"sale","25":"taxable","26":"shipping-taxable","27":"purchasable","28":"product-type-variable"},"acf":[],"_links":{"self":[{"href":"https:\/\/pgwear.net\/de\/wp-json\/wp\/v2\/product\/102191","targetHints":{"allow":["GET"]}}],"collection":[{"href":"https:\/\/pgwear.net\/de\/wp-json\/wp\/v2\/product"}],"about":[{"href":"https:\/\/pgwear.net\/de\/wp-json\/wp\/v2\/types\/product"}],"wp:featuredmedia":[{"embeddable":true,"href":"https:\/\/pgwear.net\/de\/wp-json\/wp\/v2\/media\/102159"}],"wp:attachment":[{"href":"https:\/\/pgwear.net\/de\/wp-json\/wp\/v2\/media?parent=102191"}],"wp:term":[{"taxonomy":"product_brand","embeddable":true,"href":"https:\/\/pgwear.net\/de\/wp-json\/wp\/v2\/product_brand?post=102191"},{"taxonomy":"product_cat","embeddable":true,"href":"https:\/\/pgwear.net\/de\/wp-json\/wp\/v2\/product_cat?post=102191"},{"taxonomy":"product_tag","embeddable":true,"href":"https:\/\/pgwear.net\/de\/wp-json\/wp\/v2\/product_tag?post=102191"}],"curies":[{"name":"wp","href":"https:\/\/api.w.org\/{rel}","templated":true}]}}