{"id":102287,"date":"2023-09-26T11:48:44","date_gmt":"2023-09-26T09:48:44","guid":{"rendered":"https:\/\/pgwear.net\/p\/t-shirt-travelsupport-vw-weiss\/"},"modified":"2026-04-15T11:52:13","modified_gmt":"2026-04-15T09:52:13","slug":"t-shirt-travelsupport-vw-weis","status":"publish","type":"product","link":"https:\/\/pgwear.net\/de\/p\/t-shirt-travelsupport-vw-weis\/","title":{"rendered":"T-shirt &#8220;Travel&amp;Support VW&#8221; Wei\u00df"},"content":{"rendered":"<p>Gibt es etwas Besseres, als das Wochenende auf <a href=\"https:\/\/pgwear.net\/de\/feature\/awayday-de\/\">Ausw\u00e4rtsspiel<\/a> zu verbringen und geliebte Fu\u00dfballmannschaft zu unterst\u00fctzen? Nat\u00fcrlich nicht! Denn DIE BESTEN TAGE SIND AUSW\u00c4RTSTAGE! Schnapp dir ein <a href=\"https:\/\/pgwear.net\/de\/feature\/thema-bier\/\">Bier<\/a>, nimm treue Freunde mit, springe zusammen ins Auto und bereite dich auf die Abenteuer vor!<\/p>\n","protected":false},"excerpt":{"rendered":"<p>Gibt es etwas Besseres, als das Wochenende auf Ausw\u00e4rtsspiel zu verbringen und geliebte Fu\u00dfballmannschaft zu unterst\u00fctzen? Nat\u00fcrlich nicht! Denn DIE BESTEN TAGE SIND AUSW\u00c4RTSTAGE! Schnapp dir ein Bier, nimm treue Freunde mit, springe zusammen ins Auto und bereite dich auf die Abenteuer vor!<\/p>\n","protected":false},"featured_media":102266,"template":"","meta":{"_acf_changed":false},"product_brand":[],"product_cat":[660],"product_tag":[3841,3279,2839],"class_list":{"0":"post-102287","1":"product","2":"type-product","3":"status-publish","4":"has-post-thumbnail","6":"product_cat-t-shirts-de","7":"product_tag-blue-monday","8":"product_tag-letzte-chance","9":"product_tag-sale-de","10":"pa_gramatura-180-gr-m2-de","11":"pa_kolor-weiss","12":"pa_material-100-baumwolle-de-2","13":"pa_nadruk-grosser-brustaufdruck","14":"pa_rozmiar-l-de","15":"pa_rozmiar-m-de-2","16":"pa_rozmiar-s-de","17":"pa_rozmiar-xl-de","18":"pa_rozmiar-xxl-de","19":"pa_rozmiar-xxxl-de","20":"feature-awayday-de","22":"first","23":"instock","24":"sale","25":"taxable","26":"shipping-taxable","27":"purchasable","28":"product-type-variable"},"acf":[],"_links":{"self":[{"href":"https:\/\/pgwear.net\/de\/wp-json\/wp\/v2\/product\/102287","targetHints":{"allow":["GET"]}}],"collection":[{"href":"https:\/\/pgwear.net\/de\/wp-json\/wp\/v2\/product"}],"about":[{"href":"https:\/\/pgwear.net\/de\/wp-json\/wp\/v2\/types\/product"}],"wp:featuredmedia":[{"embeddable":true,"href":"https:\/\/pgwear.net\/de\/wp-json\/wp\/v2\/media\/102266"}],"wp:attachment":[{"href":"https:\/\/pgwear.net\/de\/wp-json\/wp\/v2\/media?parent=102287"}],"wp:term":[{"taxonomy":"product_brand","embeddable":true,"href":"https:\/\/pgwear.net\/de\/wp-json\/wp\/v2\/product_brand?post=102287"},{"taxonomy":"product_cat","embeddable":true,"href":"https:\/\/pgwear.net\/de\/wp-json\/wp\/v2\/product_cat?post=102287"},{"taxonomy":"product_tag","embeddable":true,"href":"https:\/\/pgwear.net\/de\/wp-json\/wp\/v2\/product_tag?post=102287"}],"curies":[{"name":"wp","href":"https:\/\/api.w.org\/{rel}","templated":true}]}}