{"id":102690,"date":"2023-09-14T11:09:27","date_gmt":"2023-09-14T09:09:27","guid":{"rendered":"https:\/\/pgwear.net\/p\/t-shirt-no-cops-weiss\/"},"modified":"2026-04-17T17:16:51","modified_gmt":"2026-04-17T15:16:51","slug":"t-shirt-no-cops-weiss","status":"publish","type":"product","link":"https:\/\/pgwear.net\/de\/p\/t-shirt-no-cops-weiss\/","title":{"rendered":"T-shirt &#8220;No cops&#8221; Wei\u00df"},"content":{"rendered":"<p>Diese Grafik von PGWEAR repr\u00e4sentiert alles, was Ultras am Spieltag erleben. Die hellen Flutlichter des geliebten Stadions k\u00f6nnen manchmal von unseren Hauptfeinden \u2013 Bullen \u2013 verdunkelt werden! Aber echte Fu\u00dfballfans sind immer gegen sie! Gib niemals auf! <a href=\"https:\/\/pgwear.net\/de\/feature\/acab-de\/\">ACAB<\/a>! <a href=\"https:\/\/pgwear.net\/de\/feature\/1312-de\/\">1312<\/a>!<\/p>\n","protected":false},"excerpt":{"rendered":"<p>Diese Grafik von PGWEAR repr\u00e4sentiert alles, was Ultras am Spieltag erleben. Die hellen Flutlichter des geliebten Stadions k\u00f6nnen manchmal von unseren Hauptfeinden \u2013 Bullen \u2013 verdunkelt werden!<\/p>\n","protected":false},"featured_media":130350,"template":"","meta":{"_acf_changed":false},"product_brand":[],"product_cat":[658,660],"product_tag":[2791],"class_list":{"0":"post-102690","1":"product","2":"type-product","3":"status-publish","4":"has-post-thumbnail","6":"product_cat-neuheiten","7":"product_cat-t-shirts-de","8":"product_tag-fruhling-sommer-2024","9":"pa_gramatura-180-gr-m2-de","10":"pa_kolekcja-fruhling-sommer-2024","11":"pa_kolor-weiss","12":"pa_material-100-baumwolle-de-2","13":"pa_nadruk-brustaufdruck","14":"pa_nadruk-grosser-rueckenaufdruck","15":"pa_rozmiar-l-de","16":"pa_rozmiar-m-de-2","17":"pa_rozmiar-s-de","18":"pa_rozmiar-xl-de","19":"pa_rozmiar-xxl-de","20":"pa_rozmiar-xxxl-de","22":"first","23":"instock","24":"taxable","25":"shipping-taxable","26":"purchasable","27":"product-type-variable"},"acf":[],"_links":{"self":[{"href":"https:\/\/pgwear.net\/de\/wp-json\/wp\/v2\/product\/102690","targetHints":{"allow":["GET"]}}],"collection":[{"href":"https:\/\/pgwear.net\/de\/wp-json\/wp\/v2\/product"}],"about":[{"href":"https:\/\/pgwear.net\/de\/wp-json\/wp\/v2\/types\/product"}],"wp:featuredmedia":[{"embeddable":true,"href":"https:\/\/pgwear.net\/de\/wp-json\/wp\/v2\/media\/130350"}],"wp:attachment":[{"href":"https:\/\/pgwear.net\/de\/wp-json\/wp\/v2\/media?parent=102690"}],"wp:term":[{"taxonomy":"product_brand","embeddable":true,"href":"https:\/\/pgwear.net\/de\/wp-json\/wp\/v2\/product_brand?post=102690"},{"taxonomy":"product_cat","embeddable":true,"href":"https:\/\/pgwear.net\/de\/wp-json\/wp\/v2\/product_cat?post=102690"},{"taxonomy":"product_tag","embeddable":true,"href":"https:\/\/pgwear.net\/de\/wp-json\/wp\/v2\/product_tag?post=102690"}],"curies":[{"name":"wp","href":"https:\/\/api.w.org\/{rel}","templated":true}]}}