{"id":102710,"date":"2023-09-14T11:09:29","date_gmt":"2023-09-14T09:09:29","guid":{"rendered":"https:\/\/pgwear.net\/p\/t-shirt-cans-schwarz\/"},"modified":"2026-03-31T12:53:36","modified_gmt":"2026-03-31T10:53:36","slug":"t-shirt-cans-olive","status":"publish","type":"product","link":"https:\/\/pgwear.net\/de\/p\/t-shirt-cans-olive\/","title":{"rendered":"T-shirt &#8220;Cans&#8221; Olive"},"content":{"rendered":"<p><a href=\"https:\/\/pgwear.net\/de\/feature\/thema-bier\/\">Bier<\/a> ist in der Fu\u00dfballkultur nicht einfach nur ein Getr\u00e4nk! Damit verbunden sind abenteuerliche <a href=\"https:\/\/pgwear.net\/de\/feature\/awayday-de\/\">Ausw\u00e4rtstage<\/a>, riesiege Freude auf der Trib\u00fcne nach dem Tor, endlose Stunden mit treuen Freunden in der \u00f6rtlichen Kneipe \u2026 Bei PGWEAR m\u00f6gen wir alle Arten von Bier \u2013 ALLE DOSEN SIND WUNDERSCH\u00d6N! Schlie\u00dfe dich der Party und trinke nie alleine! Dieses coole T-Shirt ist in zwei Farbvarianten erh\u00e4ltlich.<\/p>\n","protected":false},"excerpt":{"rendered":"<p>Bier ist in der Fu\u00dfballkultur nicht einfach nur ein Getr\u00e4nk! Damit verbunden sind abenteuerliche Ausw\u00e4rtstage, riesiege Freude auf der Trib\u00fcne nach dem Tor, endlose Stunden mit treuen Freunden in der \u00f6rtlichen Kneipe \u2026<\/p>\n","protected":false},"featured_media":130338,"template":"","meta":{"_acf_changed":false},"product_brand":[],"product_cat":[658,660],"product_tag":[2791],"class_list":{"0":"post-102710","1":"product","2":"type-product","3":"status-publish","4":"has-post-thumbnail","6":"product_cat-neuheiten","7":"product_cat-t-shirts-de","8":"product_tag-fruhling-sommer-2024","9":"pa_gramatura-180-gr-m2-de","10":"pa_kolekcja-fruhling-sommer-2024","11":"pa_kolor-olivgruen-de","12":"pa_material-100-baumwolle-de-2","13":"pa_nadruk-grosser-brustaufdruck","14":"pa_rozmiar-l-de","15":"pa_rozmiar-m-de-2","16":"pa_rozmiar-s-de","17":"pa_rozmiar-xl-de","18":"pa_rozmiar-xxl-de","19":"pa_rozmiar-xxxl-de","20":"feature-acab-de","21":"feature-thema-bier","23":"first","24":"instock","25":"taxable","26":"shipping-taxable","27":"purchasable","28":"product-type-variable"},"acf":[],"_links":{"self":[{"href":"https:\/\/pgwear.net\/de\/wp-json\/wp\/v2\/product\/102710","targetHints":{"allow":["GET"]}}],"collection":[{"href":"https:\/\/pgwear.net\/de\/wp-json\/wp\/v2\/product"}],"about":[{"href":"https:\/\/pgwear.net\/de\/wp-json\/wp\/v2\/types\/product"}],"wp:featuredmedia":[{"embeddable":true,"href":"https:\/\/pgwear.net\/de\/wp-json\/wp\/v2\/media\/130338"}],"wp:attachment":[{"href":"https:\/\/pgwear.net\/de\/wp-json\/wp\/v2\/media?parent=102710"}],"wp:term":[{"taxonomy":"product_brand","embeddable":true,"href":"https:\/\/pgwear.net\/de\/wp-json\/wp\/v2\/product_brand?post=102710"},{"taxonomy":"product_cat","embeddable":true,"href":"https:\/\/pgwear.net\/de\/wp-json\/wp\/v2\/product_cat?post=102710"},{"taxonomy":"product_tag","embeddable":true,"href":"https:\/\/pgwear.net\/de\/wp-json\/wp\/v2\/product_tag?post=102710"}],"curies":[{"name":"wp","href":"https:\/\/api.w.org\/{rel}","templated":true}]}}