{"id":103067,"date":"2023-09-29T14:10:02","date_gmt":"2023-09-29T12:10:02","guid":{"rendered":"https:\/\/pgwear.net\/p\/t-shirt-burning-car-schwarz\/"},"modified":"2026-04-07T19:14:38","modified_gmt":"2026-04-07T17:14:38","slug":"t-shirt-burning-car-schwarz","status":"publish","type":"product","link":"https:\/\/pgwear.net\/de\/p\/t-shirt-burning-car-schwarz\/","title":{"rendered":"T-shirt &#8220;Burning Car&#8221; Schwarz"},"content":{"rendered":"<p>Dieses Bild kannst du auf der Stra\u00dfe bei Unruhen oder im Stadion bei den verr\u00fccktesten Fu\u00dfballspielen sehen! Das legend\u00e4re Design in einer neuen Version von PGWEAR Ultras Shop dr\u00fcckt unsere besten W\u00fcnsche an ACAB aus! Diesmal ist das ein schwarzet-shirt! Trage ihn stolz \u2013 <a href=\"https:\/\/pgwear.net\/de\/feature\/1312-de\/\">1312<\/a>!<\/p>\n","protected":false},"excerpt":{"rendered":"<p>Dieses Bild kannst du auf der Stra\u00dfe bei Unruhen oder im Stadion bei den verr\u00fccktesten Fu\u00dfballspielen sehen! Das legend\u00e4re Design in einer neuen Version von PGWEAR Ultras Shop dr\u00fcckt unsere besten W\u00fcnsche an ACAB aus! Diesmal ist das ein schwarzet-shirt! Trage ihn stolz \u2013 1312!<\/p>\n","protected":false},"featured_media":103053,"template":"","meta":{"_acf_changed":false},"product_brand":[],"product_cat":[660],"product_tag":[],"class_list":{"0":"post-103067","1":"product","2":"type-product","3":"status-publish","4":"has-post-thumbnail","6":"product_cat-t-shirts-de","7":"pa_kolor-schwarz","8":"pa_rozmiar-l-de","9":"pa_rozmiar-m-de-2","10":"pa_rozmiar-s-de","11":"pa_rozmiar-xl-de","12":"pa_rozmiar-xxl-de","13":"pa_rozmiar-xxxl-de","14":"feature-1312-de","15":"feature-burning-car-de","17":"first","18":"instock","19":"taxable","20":"shipping-taxable","21":"purchasable","22":"product-type-variable"},"acf":[],"_links":{"self":[{"href":"https:\/\/pgwear.net\/de\/wp-json\/wp\/v2\/product\/103067","targetHints":{"allow":["GET"]}}],"collection":[{"href":"https:\/\/pgwear.net\/de\/wp-json\/wp\/v2\/product"}],"about":[{"href":"https:\/\/pgwear.net\/de\/wp-json\/wp\/v2\/types\/product"}],"wp:featuredmedia":[{"embeddable":true,"href":"https:\/\/pgwear.net\/de\/wp-json\/wp\/v2\/media\/103053"}],"wp:attachment":[{"href":"https:\/\/pgwear.net\/de\/wp-json\/wp\/v2\/media?parent=103067"}],"wp:term":[{"taxonomy":"product_brand","embeddable":true,"href":"https:\/\/pgwear.net\/de\/wp-json\/wp\/v2\/product_brand?post=103067"},{"taxonomy":"product_cat","embeddable":true,"href":"https:\/\/pgwear.net\/de\/wp-json\/wp\/v2\/product_cat?post=103067"},{"taxonomy":"product_tag","embeddable":true,"href":"https:\/\/pgwear.net\/de\/wp-json\/wp\/v2\/product_tag?post=103067"}],"curies":[{"name":"wp","href":"https:\/\/api.w.org\/{rel}","templated":true}]}}