{"id":103121,"date":"2023-09-29T14:10:01","date_gmt":"2023-09-29T12:10:01","guid":{"rendered":"https:\/\/pgwear.net\/p\/full-face-hoodie-roast-schwarz\/"},"modified":"2026-03-23T08:07:37","modified_gmt":"2026-03-23T07:07:37","slug":"full-face-hoodie-roast-schwarz","status":"publish","type":"product","link":"https:\/\/pgwear.net\/de\/p\/full-face-hoodie-roast-schwarz\/","title":{"rendered":"Full Face Hoodie &#8220;Roast&#8221; Schwarz"},"content":{"rendered":"<p>Haben wir hier Grillparty-Liebhaber? PGWEAR l\u00e4dt dieses Mal zu einem modifizierten Event ein! Feiere den Spieltag sowohl auf der Stra\u00dfe als auch im Stadion, indem du die entsprechenden Gr\u00fc\u00dfe an Polizei schickst!<\/p>\n","protected":false},"excerpt":{"rendered":"<p>Haben wir hier Grillparty-Liebhaber? PGWEAR l\u00e4dt dieses Mal zu einem modifizierten Event ein! Feiere den Spieltag sowohl auf der Stra\u00dfe als auch im Stadion, indem du die entsprechenden Gr\u00fc\u00dfe an Polizei schickst!<\/p>\n","protected":false},"featured_media":103584,"template":"","meta":{"_acf_changed":false},"product_brand":[],"product_cat":[3561,3563,610],"product_tag":[],"class_list":{"0":"post-103121","1":"product","2":"type-product","3":"status-publish","4":"has-post-thumbnail","6":"product_cat-kapuzenpullover","7":"product_cat-kapuzenpullover-mit-sturmhaube","8":"product_cat-sweatshirts","9":"pa_kolor-schwarz","10":"pa_rozmiar-l-de","11":"pa_rozmiar-m-de-2","12":"pa_rozmiar-s-de","13":"pa_rozmiar-xl-de","14":"pa_rozmiar-xxl-de","15":"pa_rozmiar-xxxl-de","16":"feature-1312-de","17":"feature-acab-de","19":"first","20":"instock","21":"taxable","22":"shipping-taxable","23":"purchasable","24":"product-type-variable"},"acf":[],"_links":{"self":[{"href":"https:\/\/pgwear.net\/de\/wp-json\/wp\/v2\/product\/103121","targetHints":{"allow":["GET"]}}],"collection":[{"href":"https:\/\/pgwear.net\/de\/wp-json\/wp\/v2\/product"}],"about":[{"href":"https:\/\/pgwear.net\/de\/wp-json\/wp\/v2\/types\/product"}],"wp:featuredmedia":[{"embeddable":true,"href":"https:\/\/pgwear.net\/de\/wp-json\/wp\/v2\/media\/103584"}],"wp:attachment":[{"href":"https:\/\/pgwear.net\/de\/wp-json\/wp\/v2\/media?parent=103121"}],"wp:term":[{"taxonomy":"product_brand","embeddable":true,"href":"https:\/\/pgwear.net\/de\/wp-json\/wp\/v2\/product_brand?post=103121"},{"taxonomy":"product_cat","embeddable":true,"href":"https:\/\/pgwear.net\/de\/wp-json\/wp\/v2\/product_cat?post=103121"},{"taxonomy":"product_tag","embeddable":true,"href":"https:\/\/pgwear.net\/de\/wp-json\/wp\/v2\/product_tag?post=103121"}],"curies":[{"name":"wp","href":"https:\/\/api.w.org\/{rel}","templated":true}]}}