{"id":103135,"date":"2023-09-29T14:09:59","date_gmt":"2023-09-29T12:09:59","guid":{"rendered":"https:\/\/pgwear.net\/p\/full-face-hoodie-burning-car-schwarz\/"},"modified":"2026-04-11T22:33:35","modified_gmt":"2026-04-11T20:33:35","slug":"full-face-hoodie-burning-car-schwarz","status":"publish","type":"product","link":"https:\/\/pgwear.net\/de\/p\/full-face-hoodie-burning-car-schwarz\/","title":{"rendered":"Full Face Hoodie &#8220;Burning Car&#8221; Schwarz"},"content":{"rendered":"<p>Dieses Bild kannst du auf der Stra\u00dfe bei Unruhen oder im Stadion bei den verr\u00fccktesten Fu\u00dfballspielen sehen! Das legend\u00e4re Design in einer neuen Version von PGWEAR Ultras Shop dr\u00fcckt unsere besten W\u00fcnsche an ACAB aus! Diesmal ist das ein schwarzer Hoodie mit Sturmhaube in der Kapuze! Trage ihn stolz \u2013 <a href=\"https:\/\/pgwear.net\/de\/feature\/1312-de\/\">1312<\/a>!<\/p>\n","protected":false},"excerpt":{"rendered":"<p>Dieses Bild kannst du auf der Stra\u00dfe bei Unruhen oder im Stadion bei den verr\u00fccktesten Fu\u00dfballspielen sehen! Das legend\u00e4re Design in einer neuen Version von PGWEAR Ultras Shop dr\u00fcckt unsere besten W\u00fcnsche an ACAB aus!<\/p>\n","protected":false},"featured_media":103105,"template":"","meta":{"_acf_changed":false},"product_brand":[],"product_cat":[3561,3563,610],"product_tag":[3279],"class_list":{"0":"post-103135","1":"product","2":"type-product","3":"status-publish","4":"has-post-thumbnail","6":"product_cat-kapuzenpullover","7":"product_cat-kapuzenpullover-mit-sturmhaube","8":"product_cat-sweatshirts","9":"product_tag-letzte-chance","10":"pa_kolor-schwarz","11":"pa_rozmiar-l-de","12":"pa_rozmiar-m-de-2","13":"pa_rozmiar-s-de","14":"pa_rozmiar-xl-de","15":"pa_rozmiar-xxl-de","16":"pa_rozmiar-xxxl-de","17":"feature-1312-de","18":"feature-burning-car-de","20":"first","21":"instock","22":"sale","23":"taxable","24":"shipping-taxable","25":"purchasable","26":"product-type-variable"},"acf":[],"_links":{"self":[{"href":"https:\/\/pgwear.net\/de\/wp-json\/wp\/v2\/product\/103135","targetHints":{"allow":["GET"]}}],"collection":[{"href":"https:\/\/pgwear.net\/de\/wp-json\/wp\/v2\/product"}],"about":[{"href":"https:\/\/pgwear.net\/de\/wp-json\/wp\/v2\/types\/product"}],"wp:featuredmedia":[{"embeddable":true,"href":"https:\/\/pgwear.net\/de\/wp-json\/wp\/v2\/media\/103105"}],"wp:attachment":[{"href":"https:\/\/pgwear.net\/de\/wp-json\/wp\/v2\/media?parent=103135"}],"wp:term":[{"taxonomy":"product_brand","embeddable":true,"href":"https:\/\/pgwear.net\/de\/wp-json\/wp\/v2\/product_brand?post=103135"},{"taxonomy":"product_cat","embeddable":true,"href":"https:\/\/pgwear.net\/de\/wp-json\/wp\/v2\/product_cat?post=103135"},{"taxonomy":"product_tag","embeddable":true,"href":"https:\/\/pgwear.net\/de\/wp-json\/wp\/v2\/product_tag?post=103135"}],"curies":[{"name":"wp","href":"https:\/\/api.w.org\/{rel}","templated":true}]}}