{"id":103571,"date":"2023-10-02T12:45:51","date_gmt":"2023-10-02T10:45:51","guid":{"rendered":"https:\/\/pgwear.net\/p\/t-shirt-1312-belt-schwarz\/"},"modified":"2026-03-20T14:03:59","modified_gmt":"2026-03-20T13:03:59","slug":"t-shirt-1312-belt-schwarz","status":"publish","type":"product","link":"https:\/\/pgwear.net\/de\/p\/t-shirt-1312-belt-schwarz\/","title":{"rendered":"T-shirt &#8220;1312 Belt&#8221; Schwarz"},"content":{"rendered":"<p>Dieser Aufdruck stellt alles dar, was Ultras w\u00e4hrend des Spieltags erleben. Die hellen Flutlichter des geliebten Stadions k\u00f6nnen manchmal von unseren Hauptfeinden \u2013 der Polizei \u2013 verdunkelt werden! Aber echte Fu\u00dfballfans stehen ihnen immer standhaft gegen\u00fcber! Nigdy si\u0119 nie poddawaj! <a href=\"https:\/\/pgwear.net\/de\/feature\/1312-de\/\">1312<\/a>!<\/p>\n","protected":false},"excerpt":{"rendered":"<p>Dieser Aufdruck stellt alles dar, was Ultras w\u00e4hrend des Spieltags erleben. Die hellen Flutlichter des geliebten Stadions k\u00f6nnen manchmal von unseren Hauptfeinden \u2013 der Polizei \u2013 verdunkelt werden!<\/p>\n","protected":false},"featured_media":103542,"template":"","meta":{"_acf_changed":false},"product_brand":[],"product_cat":[660],"product_tag":[],"class_list":{"0":"post-103571","1":"product","2":"type-product","3":"status-publish","4":"has-post-thumbnail","6":"product_cat-t-shirts-de","7":"pa_gramatura-180-gr-m2-de","8":"pa_kolor-schwarz","9":"pa_kroj-klassisch","10":"pa_material-100-baumwolle-de-2","11":"pa_nadruk-grosser-brustaufdruck","12":"pa_rozmiar-l-de","13":"pa_rozmiar-m-de-2","14":"pa_rozmiar-s-de","15":"pa_rozmiar-xl-de","16":"pa_rozmiar-xxl-de","17":"pa_rozmiar-xxxl-de","18":"feature-1312-de","20":"first","21":"instock","22":"taxable","23":"shipping-taxable","24":"purchasable","25":"product-type-variable"},"acf":[],"_links":{"self":[{"href":"https:\/\/pgwear.net\/de\/wp-json\/wp\/v2\/product\/103571","targetHints":{"allow":["GET"]}}],"collection":[{"href":"https:\/\/pgwear.net\/de\/wp-json\/wp\/v2\/product"}],"about":[{"href":"https:\/\/pgwear.net\/de\/wp-json\/wp\/v2\/types\/product"}],"wp:featuredmedia":[{"embeddable":true,"href":"https:\/\/pgwear.net\/de\/wp-json\/wp\/v2\/media\/103542"}],"wp:attachment":[{"href":"https:\/\/pgwear.net\/de\/wp-json\/wp\/v2\/media?parent=103571"}],"wp:term":[{"taxonomy":"product_brand","embeddable":true,"href":"https:\/\/pgwear.net\/de\/wp-json\/wp\/v2\/product_brand?post=103571"},{"taxonomy":"product_cat","embeddable":true,"href":"https:\/\/pgwear.net\/de\/wp-json\/wp\/v2\/product_cat?post=103571"},{"taxonomy":"product_tag","embeddable":true,"href":"https:\/\/pgwear.net\/de\/wp-json\/wp\/v2\/product_tag?post=103571"}],"curies":[{"name":"wp","href":"https:\/\/api.w.org\/{rel}","templated":true}]}}