{"id":103620,"date":"2023-09-14T11:09:33","date_gmt":"2023-09-14T09:09:33","guid":{"rendered":"https:\/\/pgwear.net\/p\/t-shirt-tagging-white\/"},"modified":"2026-03-24T12:17:03","modified_gmt":"2026-03-24T11:17:03","slug":"t-shirt-tagging-weiss","status":"publish","type":"product","link":"https:\/\/pgwear.net\/de\/p\/t-shirt-tagging-weiss\/","title":{"rendered":"T-shirt &#8220;Tagging&#8221; Wei\u00df"},"content":{"rendered":"<p>Wir reden nicht mit ihnen. Wir h\u00f6ren ihnen nicht zu. Und wir wollen sie nicht auf der Stra\u00dfe oder im Stadion sehen. Weil alle Bullen Bastarde sind! <a href=\"https:\/\/pgwear.net\/de\/feature\/1312-de\/\">1312<\/a>! Dieses PGWEAR T-Shirt ist in zwei Farbvarianten erh\u00e4ltlich.<\/p>\n","protected":false},"excerpt":{"rendered":"<p>Wir reden nicht mit ihnen. Wir h\u00f6ren ihnen nicht zu. Und wir wollen sie nicht auf der Stra\u00dfe oder im Stadion sehen. Weil alle Bullen Bastarde sind!<\/p>\n","protected":false},"featured_media":130301,"template":"","meta":{"_acf_changed":false},"product_brand":[],"product_cat":[658,660],"product_tag":[2791],"class_list":{"0":"post-103620","1":"product","2":"type-product","3":"status-publish","4":"has-post-thumbnail","6":"product_cat-neuheiten","7":"product_cat-t-shirts-de","8":"product_tag-fruhling-sommer-2024","9":"pa_gramatura-180-gr-m2-de","10":"pa_kolekcja-fruhling-sommer-2024","11":"pa_kolor-weiss","12":"pa_material-100-baumwolle-de-2","13":"pa_nadruk-brustaufdruck","14":"pa_nadruk-grosser-rueckenaufdruck","15":"pa_rozmiar-l-de","16":"pa_rozmiar-m-de-2","17":"pa_rozmiar-s-de","18":"pa_rozmiar-xl-de","19":"pa_rozmiar-xxl-de","20":"pa_rozmiar-xxxl-de","21":"feature-1312-de","23":"first","24":"instock","25":"taxable","26":"shipping-taxable","27":"purchasable","28":"product-type-variable"},"acf":[],"_links":{"self":[{"href":"https:\/\/pgwear.net\/de\/wp-json\/wp\/v2\/product\/103620","targetHints":{"allow":["GET"]}}],"collection":[{"href":"https:\/\/pgwear.net\/de\/wp-json\/wp\/v2\/product"}],"about":[{"href":"https:\/\/pgwear.net\/de\/wp-json\/wp\/v2\/types\/product"}],"wp:featuredmedia":[{"embeddable":true,"href":"https:\/\/pgwear.net\/de\/wp-json\/wp\/v2\/media\/130301"}],"wp:attachment":[{"href":"https:\/\/pgwear.net\/de\/wp-json\/wp\/v2\/media?parent=103620"}],"wp:term":[{"taxonomy":"product_brand","embeddable":true,"href":"https:\/\/pgwear.net\/de\/wp-json\/wp\/v2\/product_brand?post=103620"},{"taxonomy":"product_cat","embeddable":true,"href":"https:\/\/pgwear.net\/de\/wp-json\/wp\/v2\/product_cat?post=103620"},{"taxonomy":"product_tag","embeddable":true,"href":"https:\/\/pgwear.net\/de\/wp-json\/wp\/v2\/product_tag?post=103620"}],"curies":[{"name":"wp","href":"https:\/\/api.w.org\/{rel}","templated":true}]}}