{"id":104097,"date":"2023-09-14T11:09:37","date_gmt":"2023-09-14T09:09:37","guid":{"rendered":"https:\/\/pgwear.net\/p\/t-shirt-nss-navy\/"},"modified":"2026-03-23T07:58:25","modified_gmt":"2026-03-23T06:58:25","slug":"t-shirt-nss-navy","status":"publish","type":"product","link":"https:\/\/pgwear.net\/de\/p\/t-shirt-nss-navy\/","title":{"rendered":"T-shirt &#8220;NSS&#8221; Navy"},"content":{"rendered":"<p>Dieses <a href=\"https:\/\/pgwear.net\/de\/c\/t-shirts-de\/\">T-Shirt<\/a> ist auf der R\u00fcckseite mit einem gro\u00dfen einfarbigen PGWEAR -Aufdruck im Ultras Still verziert, der das vertr\u00e4umte <a href=\"https:\/\/pgwear.net\/de\/blog\/retro-kleidung-fuer-ultras\/\">Old-School<\/a>-Stadion und eine Menge Fu\u00dfballfans darstellt. Egal, ob deine Mannschaft gut oder schlecht spielt, egal, ob du zu Hause oder <a href=\"https:\/\/pgwear.net\/de\/feature\/awayday-de\/\">ausw\u00e4rts<\/a> bist \u2013 H\u00f6r niemals auf, zu unterst\u00fctzen! W\u00e4hle dieses T-Shirt aus drei verf\u00fcgbaren Farbvarianten!<\/p>\n","protected":false},"excerpt":{"rendered":"<p>Dieses T-Shirt ist auf der R\u00fcckseite mit einem gro\u00dfen einfarbigen PGWEAR -Aufdruck im Ultras Still verziert, der das vertr\u00e4umte Old-School-Stadion und eine Menge Fu\u00dfballfans darstellt.<\/p>\n","protected":false},"featured_media":130248,"template":"","meta":{"_acf_changed":false},"product_brand":[],"product_cat":[658,660],"product_tag":[2791],"class_list":{"0":"post-104097","1":"product","2":"type-product","3":"status-publish","4":"has-post-thumbnail","6":"product_cat-neuheiten","7":"product_cat-t-shirts-de","8":"product_tag-fruhling-sommer-2024","9":"pa_gramatura-180-gr-m2-de","10":"pa_kolekcja-fruhling-sommer-2024","11":"pa_kolor-marineblau","12":"pa_material-100-baumwolle-de-2","13":"pa_rozmiar-l-de","14":"pa_rozmiar-m-de-2","15":"pa_rozmiar-s-de","16":"pa_rozmiar-xl-de","17":"pa_rozmiar-xxl-de","18":"pa_rozmiar-xxxl-de","20":"first","21":"instock","22":"taxable","23":"shipping-taxable","24":"purchasable","25":"product-type-variable"},"acf":[],"_links":{"self":[{"href":"https:\/\/pgwear.net\/de\/wp-json\/wp\/v2\/product\/104097","targetHints":{"allow":["GET"]}}],"collection":[{"href":"https:\/\/pgwear.net\/de\/wp-json\/wp\/v2\/product"}],"about":[{"href":"https:\/\/pgwear.net\/de\/wp-json\/wp\/v2\/types\/product"}],"wp:featuredmedia":[{"embeddable":true,"href":"https:\/\/pgwear.net\/de\/wp-json\/wp\/v2\/media\/130248"}],"wp:attachment":[{"href":"https:\/\/pgwear.net\/de\/wp-json\/wp\/v2\/media?parent=104097"}],"wp:term":[{"taxonomy":"product_brand","embeddable":true,"href":"https:\/\/pgwear.net\/de\/wp-json\/wp\/v2\/product_brand?post=104097"},{"taxonomy":"product_cat","embeddable":true,"href":"https:\/\/pgwear.net\/de\/wp-json\/wp\/v2\/product_cat?post=104097"},{"taxonomy":"product_tag","embeddable":true,"href":"https:\/\/pgwear.net\/de\/wp-json\/wp\/v2\/product_tag?post=104097"}],"curies":[{"name":"wp","href":"https:\/\/api.w.org\/{rel}","templated":true}]}}