{"id":104283,"date":"2023-09-14T11:09:46","date_gmt":"2023-09-14T09:09:46","guid":{"rendered":"https:\/\/pgwear.net\/p\/t-shirt-mission-gruen-weiss\/"},"modified":"2026-02-13T08:33:51","modified_gmt":"2026-02-13T07:33:51","slug":"t-shirt-mission-t-shirt-mission-grun-weiss","status":"publish","type":"product","link":"https:\/\/pgwear.net\/de\/p\/t-shirt-mission-t-shirt-mission-grun-weiss\/","title":{"rendered":"T-shirt &#8220;Mission&#8221; Gr\u00fcn\/Wei\u00df"},"content":{"rendered":"<p>Dieses minimalistische <a href=\"https:\/\/pgwear.net\/de\/material\/100-baumwolle-de-2\/\">Baumwoll<\/a>&#8211;<a href=\"https:\/\/pgwear.net\/de\/c\/t-shirts-de\/\">Tshirt<\/a> ist die perfekte Wahl f\u00fcr hei\u00dfe Sommertage, an denen du stundenlang mit treuen Freunden in eine gegnerische Stadt zum <a href=\"https:\/\/pgwear.net\/de\/feature\/awayday-de\/\">Ausw\u00e4rtsspiel<\/a> reisen musst. Ultimativer Komfort und Stil garantiert! W\u00e4hle die Variante basierend auf den Farben deiner Lieblings-Fu\u00dfballmannschaft! Dieses hier ist perfekt f\u00fcr Fans von Vereinen wie <a href=\"https:\/\/pgwear.net\/de\/fussballteam\/fc-groningen-de\/\">FC Groningen<\/a>, <a href=\"https:\/\/pgwear.net\/de\/fussballteam\/fk-zalgiris-de\/\">FK \u017dalgiris Vilniaus<\/a>, <a href=\"https:\/\/pgwear.net\/de\/fussballteam\/sk-rapid-wien-de\/\">SK Rapid Wien<\/a>, Lechia Gda\u0144sk, <a href=\"https:\/\/pgwear.net\/de\/fussballteam\/sporting-cp-de\/\">Sporting CP<\/a>, <a href=\"https:\/\/pgwear.net\/de\/fussballteam\/viborg-ff-de\/\">Viborg FF<\/a>, Panathinaikos Athens, Omonoia FC, Celtic Glasgow, FC St Gallen, Real Betis, Saint-\u00c9tienne, Shamrock Rovers.<\/p>\n","protected":false},"excerpt":{"rendered":"<p>Dieses minimalistische Baumwoll-Tshirt ist die perfekte Wahl f\u00fcr hei\u00dfe Sommertage, an denen du stundenlang mit treuen Freunden in eine gegnerische Stadt zum Ausw\u00e4rtsspiel reisen musst.<\/p>\n","protected":false},"featured_media":129161,"template":"","meta":{"_acf_changed":false},"product_brand":[],"product_cat":[3611,658,660],"product_tag":[2791],"class_list":{"0":"post-104283","1":"product","2":"type-product","3":"status-publish","4":"has-post-thumbnail","6":"product_cat-casual-de","7":"product_cat-neuheiten","8":"product_cat-t-shirts-de","9":"product_tag-fruhling-sommer-2024","10":"pa_gramatura-180-gr-m2-de","11":"pa_kolekcja-fruhling-sommer-2024","12":"pa_kolor-schwarz","13":"pa_kolor-weis-grun","14":"pa_material-100-baumwolle-de-2","15":"pa_rozmiar-l-de","16":"pa_rozmiar-m-de-2","17":"pa_rozmiar-s-de","18":"pa_rozmiar-xl-de","19":"pa_rozmiar-xxl-de","20":"pa_rozmiar-xxxl-de","22":"first","23":"outofstock","24":"taxable","25":"shipping-taxable","26":"product-type-variable"},"acf":[],"_links":{"self":[{"href":"https:\/\/pgwear.net\/de\/wp-json\/wp\/v2\/product\/104283","targetHints":{"allow":["GET"]}}],"collection":[{"href":"https:\/\/pgwear.net\/de\/wp-json\/wp\/v2\/product"}],"about":[{"href":"https:\/\/pgwear.net\/de\/wp-json\/wp\/v2\/types\/product"}],"wp:featuredmedia":[{"embeddable":true,"href":"https:\/\/pgwear.net\/de\/wp-json\/wp\/v2\/media\/129161"}],"wp:attachment":[{"href":"https:\/\/pgwear.net\/de\/wp-json\/wp\/v2\/media?parent=104283"}],"wp:term":[{"taxonomy":"product_brand","embeddable":true,"href":"https:\/\/pgwear.net\/de\/wp-json\/wp\/v2\/product_brand?post=104283"},{"taxonomy":"product_cat","embeddable":true,"href":"https:\/\/pgwear.net\/de\/wp-json\/wp\/v2\/product_cat?post=104283"},{"taxonomy":"product_tag","embeddable":true,"href":"https:\/\/pgwear.net\/de\/wp-json\/wp\/v2\/product_tag?post=104283"}],"curies":[{"name":"wp","href":"https:\/\/api.w.org\/{rel}","templated":true}]}}