{"id":104357,"date":"2023-09-14T11:09:53","date_gmt":"2023-09-14T09:09:53","guid":{"rendered":"https:\/\/pgwear.net\/p\/t-shirt-label-schwarz\/"},"modified":"2026-03-05T17:21:07","modified_gmt":"2026-03-05T16:21:07","slug":"t-shirt-label-schwarz","status":"publish","type":"product","link":"https:\/\/pgwear.net\/de\/p\/t-shirt-label-schwarz\/","title":{"rendered":"T-shirt &#8220;Label&#8221; Schwarz"},"content":{"rendered":"<p><a href=\"https:\/\/pgwear.net\/de\/feature\/thema-bier\/\">Bier<\/a> ist in der Fu\u00dfballkultur nicht einfach nur ein Getr\u00e4nk! Es wird mit abenteuerlichen <a href=\"https:\/\/pgwear.net\/de\/feature\/awayday-de\/\">Ausw\u00e4rtstagen<\/a>, Freude auf der Trib\u00fcne nach dem Tor, endlosen Stunden mit treuen Freunden in der \u00f6rtlichen Kneipe assoziiert &#8230; Dises PGWEAR-<a href=\"https:\/\/pgwear.net\/de\/c\/t-shirts-de\/\">T-Shirt<\/a> ist mit dem Etikett des Bieres verziert und repr\u00e4sentiert den Sinn und die Wichtigkeit, dazuzugeh\u00f6ren des Fandoms \u2013 wenn du hier bist, wist du nie alleine trinken! Erh\u00e4ltlich in drei Farbversionen.<\/p>\n","protected":false},"excerpt":{"rendered":"<p>Bier ist in der Fu\u00dfballkultur nicht einfach nur ein Getr\u00e4nk! Es wird mit abenteuerlichen Ausw\u00e4rtstagen, Freude auf der Trib\u00fcne nach dem Tor, endlosen Stunden mit treuen Freunden in der \u00f6rtlichen Kneipe assoziiert &#8230;<\/p>\n","protected":false},"featured_media":129087,"template":"","meta":{"_acf_changed":false},"product_brand":[],"product_cat":[3611,658,660],"product_tag":[2791,3279],"class_list":{"0":"post-104357","1":"product","2":"type-product","3":"status-publish","4":"has-post-thumbnail","6":"product_cat-casual-de","7":"product_cat-neuheiten","8":"product_cat-t-shirts-de","9":"product_tag-fruhling-sommer-2024","10":"product_tag-letzte-chance","11":"pa_gramatura-180-gr-m2-de","12":"pa_kolekcja-fruhling-sommer-2024","13":"pa_kolor-schwarz","14":"pa_material-100-baumwolle-de-2","15":"pa_nadruk-brustaufdruck","16":"pa_rozmiar-l-de","17":"pa_rozmiar-m-de-2","18":"pa_rozmiar-s-de","19":"pa_rozmiar-xl-de","20":"pa_rozmiar-xxl-de","21":"pa_rozmiar-xxxl-de","22":"feature-thema-bier","24":"first","25":"instock","26":"sale","27":"taxable","28":"shipping-taxable","29":"purchasable","30":"product-type-variable"},"acf":[],"_links":{"self":[{"href":"https:\/\/pgwear.net\/de\/wp-json\/wp\/v2\/product\/104357","targetHints":{"allow":["GET"]}}],"collection":[{"href":"https:\/\/pgwear.net\/de\/wp-json\/wp\/v2\/product"}],"about":[{"href":"https:\/\/pgwear.net\/de\/wp-json\/wp\/v2\/types\/product"}],"wp:featuredmedia":[{"embeddable":true,"href":"https:\/\/pgwear.net\/de\/wp-json\/wp\/v2\/media\/129087"}],"wp:attachment":[{"href":"https:\/\/pgwear.net\/de\/wp-json\/wp\/v2\/media?parent=104357"}],"wp:term":[{"taxonomy":"product_brand","embeddable":true,"href":"https:\/\/pgwear.net\/de\/wp-json\/wp\/v2\/product_brand?post=104357"},{"taxonomy":"product_cat","embeddable":true,"href":"https:\/\/pgwear.net\/de\/wp-json\/wp\/v2\/product_cat?post=104357"},{"taxonomy":"product_tag","embeddable":true,"href":"https:\/\/pgwear.net\/de\/wp-json\/wp\/v2\/product_tag?post=104357"}],"curies":[{"name":"wp","href":"https:\/\/api.w.org\/{rel}","templated":true}]}}