{"id":104719,"date":"2023-09-14T11:10:53","date_gmt":"2023-09-14T09:10:53","guid":{"rendered":"https:\/\/pgwear.net\/p\/retro-football-jersey-sytp-navy\/"},"modified":"2026-04-04T00:56:35","modified_gmt":"2026-04-03T22:56:35","slug":"retro-football-jersey-sytp-navy","status":"publish","type":"product","link":"https:\/\/pgwear.net\/de\/p\/retro-football-jersey-sytp-navy\/","title":{"rendered":"Retro Football Jersey &#8220;SYTP&#8221; Navy"},"content":{"rendered":"<p>Dieses stylische <a href=\"https:\/\/pgwear.net\/de\/blog\/retro-kleidung-fuer-ultras\/\">Retro<\/a>&#8211;<a href=\"https:\/\/pgwear.net\/de\/feature\/fusballtrikot\/\">Fu\u00dfballtrikot<\/a> in drei verschiedenen k\u00f6niglichen Farbkombinationen ist etwas gewidmet, ohne Ultras nicht leben k\u00f6nnen. Es ist das Licht, die Sch\u00f6nheit und das Feuer der St\u00e4nde! Ja, das ist <a href=\"https:\/\/pgwear.net\/de\/feature\/pyro-thema\/\">Pyro<\/a>! Sei der Teil der Bewegung \u2013 SAGE JA ZU PYRO! W\u00e4hle deine Lieblingsfarbvariante!<\/p>\n","protected":false},"excerpt":{"rendered":"<p>Dieses stylische Retro-Fu\u00dfballtrikot in drei verschiedenen k\u00f6niglichen Farbkombinationen ist etwas gewidmet, ohne Ultras nicht leben k\u00f6nnen.<\/p>\n","protected":false},"featured_media":129036,"template":"","meta":{"_acf_changed":false},"product_brand":[],"product_cat":[658,660],"product_tag":[3841,2791,3279,2127],"class_list":{"0":"post-104719","1":"product","2":"type-product","3":"status-publish","4":"has-post-thumbnail","6":"product_cat-neuheiten","7":"product_cat-t-shirts-de","8":"product_tag-blue-monday","9":"product_tag-fruhling-sommer-2024","10":"product_tag-letzte-chance","11":"product_tag-retro-de","12":"pa_gramatura-160-gr-m2-de","13":"pa_kolekcja-fruhling-sommer-2024","14":"pa_kolor-marineblau","15":"pa_material-100-polyester-de-3","16":"pa_nadruk-aufduck-auf-der-gesamten-oberflaeche","17":"pa_rozmiar-l-de","18":"pa_rozmiar-m-de-2","19":"pa_rozmiar-s-de","20":"pa_rozmiar-xl-de","21":"pa_rozmiar-xxl-de","22":"pa_rozmiar-xxxl-de","23":"feature-fusballtrikot","24":"feature-pyro-thema","26":"first","27":"instock","28":"sale","29":"taxable","30":"shipping-taxable","31":"purchasable","32":"product-type-variable"},"acf":[],"_links":{"self":[{"href":"https:\/\/pgwear.net\/de\/wp-json\/wp\/v2\/product\/104719","targetHints":{"allow":["GET"]}}],"collection":[{"href":"https:\/\/pgwear.net\/de\/wp-json\/wp\/v2\/product"}],"about":[{"href":"https:\/\/pgwear.net\/de\/wp-json\/wp\/v2\/types\/product"}],"wp:featuredmedia":[{"embeddable":true,"href":"https:\/\/pgwear.net\/de\/wp-json\/wp\/v2\/media\/129036"}],"wp:attachment":[{"href":"https:\/\/pgwear.net\/de\/wp-json\/wp\/v2\/media?parent=104719"}],"wp:term":[{"taxonomy":"product_brand","embeddable":true,"href":"https:\/\/pgwear.net\/de\/wp-json\/wp\/v2\/product_brand?post=104719"},{"taxonomy":"product_cat","embeddable":true,"href":"https:\/\/pgwear.net\/de\/wp-json\/wp\/v2\/product_cat?post=104719"},{"taxonomy":"product_tag","embeddable":true,"href":"https:\/\/pgwear.net\/de\/wp-json\/wp\/v2\/product_tag?post=104719"}],"curies":[{"name":"wp","href":"https:\/\/api.w.org\/{rel}","templated":true}]}}