{"id":106839,"date":"2023-09-14T11:11:25","date_gmt":"2023-09-14T09:11:25","guid":{"rendered":"https:\/\/pgwear.net\/p\/full-face-jacke-force-schwarz\/"},"modified":"2026-02-05T10:10:02","modified_gmt":"2026-02-05T09:10:02","slug":"full-face-jacke-force-schwarz","status":"publish","type":"product","link":"https:\/\/pgwear.net\/de\/p\/full-face-jacke-force-schwarz\/","title":{"rendered":"Full Face Jacke &#8220;Force&#8221; Schwarz"},"content":{"rendered":"<p>Die leichte und verstaubare <a href=\"https:\/\/pgwear.net\/de\/c\/jacken\/\">Jacke<\/a> im Anorak-Stil ist ein Must-have in jeder Ultra-, Casual- oder Fu\u00dfballfan-Garderobe! Sie verf\u00fcgt \u00fcber eine <a href=\"https:\/\/pgwear.net\/de\/feature\/grose-tasche\/\">ger\u00e4umige Tasche<\/a> auf der Vorderseite, um sicherzustellen, dass du alles, was du auf der Trib\u00fcne brauchst, mitnehmen kannst. Verziert mit kleinen PGWEAR-Logos auf der Vorderseite und auf der Schulter sorgt dieses Produkt f\u00fcr Stil und Komfort an k\u00e4lteren Tagen auf der Stra\u00dfe und im Stadion! Erh\u00e4ltlich in zwei Farbvarianten.<\/p>\n","protected":false},"excerpt":{"rendered":"<p>Die leichte und verstaubare Jacke im Anorak-Stil ist ein Must-have in jeder Ultra-, Casual- oder Fu\u00dfballfan-Garderobe!<\/p>\n","protected":false},"featured_media":128589,"template":"","meta":{"_acf_changed":false},"product_brand":[],"product_cat":[656,3585,658],"product_tag":[2791,3279],"class_list":{"0":"post-106839","1":"product","2":"type-product","3":"status-publish","4":"has-post-thumbnail","6":"product_cat-jacken","7":"product_cat-leichte-jacken","8":"product_cat-neuheiten","9":"product_tag-fruhling-sommer-2024","10":"product_tag-letzte-chance","11":"pa_gramatura-100-gr-m2-de","12":"pa_kolekcja-fruhling-sommer-2024","13":"pa_kolor-schwarz","14":"pa_kroj-klassisch","15":"pa_material-100-polyester-de-3","16":"pa_nadruk-pgwear-aufdruck","17":"pa_rozmiar-l-de","18":"pa_rozmiar-m-de-2","19":"pa_rozmiar-s-de","20":"pa_rozmiar-xl-de","21":"pa_rozmiar-xxl-de","22":"pa_rozmiar-xxxl-de","23":"feature-grose-tasche","25":"first","26":"outofstock","27":"taxable","28":"shipping-taxable","29":"product-type-variable"},"acf":[],"_links":{"self":[{"href":"https:\/\/pgwear.net\/de\/wp-json\/wp\/v2\/product\/106839","targetHints":{"allow":["GET"]}}],"collection":[{"href":"https:\/\/pgwear.net\/de\/wp-json\/wp\/v2\/product"}],"about":[{"href":"https:\/\/pgwear.net\/de\/wp-json\/wp\/v2\/types\/product"}],"wp:featuredmedia":[{"embeddable":true,"href":"https:\/\/pgwear.net\/de\/wp-json\/wp\/v2\/media\/128589"}],"wp:attachment":[{"href":"https:\/\/pgwear.net\/de\/wp-json\/wp\/v2\/media?parent=106839"}],"wp:term":[{"taxonomy":"product_brand","embeddable":true,"href":"https:\/\/pgwear.net\/de\/wp-json\/wp\/v2\/product_brand?post=106839"},{"taxonomy":"product_cat","embeddable":true,"href":"https:\/\/pgwear.net\/de\/wp-json\/wp\/v2\/product_cat?post=106839"},{"taxonomy":"product_tag","embeddable":true,"href":"https:\/\/pgwear.net\/de\/wp-json\/wp\/v2\/product_tag?post=106839"}],"curies":[{"name":"wp","href":"https:\/\/api.w.org\/{rel}","templated":true}]}}