{"id":106854,"date":"2023-09-14T11:11:24","date_gmt":"2023-09-14T09:11:24","guid":{"rendered":"https:\/\/pgwear.net\/p\/full-face-softshell-jacke-aggressive-czarny\/"},"modified":"2026-03-04T05:50:25","modified_gmt":"2026-03-04T04:50:25","slug":"full-face-softshell-jacke-aggressive-czarny","status":"publish","type":"product","link":"https:\/\/pgwear.net\/de\/p\/full-face-softshell-jacke-aggressive-czarny\/","title":{"rendered":"Full Face Softshell Jacke &#8220;Aggressive&#8221; Schwarz"},"content":{"rendered":"<p>Die Softshelljacke mit Rei\u00dfverschluss von PGWEAR ist perfekt f\u00fcr alle, vom gelegentlichen Stadionbesucher bis zum Hardcore-Fu\u00dfballfan und Ultras! Diese Jacke h\u00e4lt dich nicht nur an k\u00e4lteren oder regnerischen Tagen auf der Trib\u00fcne warm, sondern sch\u00fctzt dank der <a href=\"https:\/\/pgwear.net\/de\/feature\/integrierte-sturmhaube\/\">im Kragen eingen\u00e4hten Sturmhaube<\/a> auch dein Gesicht vor Polizei und CCTV-kameras!<\/p>\n","protected":false},"excerpt":{"rendered":"<p>Die Softshelljacke mit Rei\u00dfverschluss von PGWEAR ist perfekt f\u00fcr alle, vom gelegentlichen Stadionbesucher bis zum Hardcore-Fu\u00dfballfan und Ultras!<\/p>\n","protected":false},"featured_media":128619,"template":"","meta":{"_acf_changed":false},"product_brand":[],"product_cat":[658,3589],"product_tag":[2791],"class_list":{"0":"post-106854","1":"product","2":"type-product","3":"status-publish","4":"has-post-thumbnail","6":"product_cat-neuheiten","7":"product_cat-softshelljacken","8":"product_tag-fruhling-sommer-2024","9":"pa_gramatura-320gr-m2-de","10":"pa_kolekcja-fruhling-sommer-2024","11":"pa_kolor-schwarz","12":"pa_kroj-klassisch","13":"pa_material-100-polyester-de-3","14":"pa_nadruk-drytex-logo-auf-der-ruckseite","15":"pa_nadruk-reflektierendes-logo-auf-der-rechten-schulter","16":"pa_rozmiar-l-de","17":"pa_rozmiar-m-de-2","18":"pa_rozmiar-s-de","19":"pa_rozmiar-xl-de","20":"pa_rozmiar-xxl-de","21":"pa_rozmiar-xxxl-de","22":"feature-integrierte-sturmhaube","24":"first","25":"instock","26":"taxable","27":"shipping-taxable","28":"purchasable","29":"product-type-variable"},"acf":[],"_links":{"self":[{"href":"https:\/\/pgwear.net\/de\/wp-json\/wp\/v2\/product\/106854","targetHints":{"allow":["GET"]}}],"collection":[{"href":"https:\/\/pgwear.net\/de\/wp-json\/wp\/v2\/product"}],"about":[{"href":"https:\/\/pgwear.net\/de\/wp-json\/wp\/v2\/types\/product"}],"wp:featuredmedia":[{"embeddable":true,"href":"https:\/\/pgwear.net\/de\/wp-json\/wp\/v2\/media\/128619"}],"wp:attachment":[{"href":"https:\/\/pgwear.net\/de\/wp-json\/wp\/v2\/media?parent=106854"}],"wp:term":[{"taxonomy":"product_brand","embeddable":true,"href":"https:\/\/pgwear.net\/de\/wp-json\/wp\/v2\/product_brand?post=106854"},{"taxonomy":"product_cat","embeddable":true,"href":"https:\/\/pgwear.net\/de\/wp-json\/wp\/v2\/product_cat?post=106854"},{"taxonomy":"product_tag","embeddable":true,"href":"https:\/\/pgwear.net\/de\/wp-json\/wp\/v2\/product_tag?post=106854"}],"curies":[{"name":"wp","href":"https:\/\/api.w.org\/{rel}","templated":true}]}}