{"id":107018,"date":"2023-09-14T11:09:21","date_gmt":"2023-09-14T09:09:21","guid":{"rendered":"https:\/\/pgwear.net\/p\/t-shirt-chicksbeers-2\/"},"modified":"2026-03-31T12:54:43","modified_gmt":"2026-03-31T10:54:43","slug":"t-shirt-chicks-beers","status":"publish","type":"product","link":"https:\/\/pgwear.net\/de\/p\/t-shirt-chicks-beers\/","title":{"rendered":"T-shirt &#8220;Chicks&amp;Beers&#8221;"},"content":{"rendered":"<p>PGWEAR assoziiert den Sommer mit <a href=\"https:\/\/pgwear.net\/de\/feature\/copacabana-de\/\">copACABana<\/a> \u2013 einem imagin\u00e4ren Ort, an dem alle Tr\u00e4ume von Ultras wahr werden! Goldener Sand, blaues Meer, jede Menge k\u00fchles <a href=\"https:\/\/pgwear.net\/de\/feature\/thema-bier\/\">Bier<\/a> und leckere Cocktails, hei\u00dfe Girls und keine Feinde \u2013 das ist der Ort, an dem wir unseren Urlaub verbringen wollen!<\/p>\n","protected":false},"excerpt":{"rendered":"<p>PGWEAR assoziiert den Sommer mit copACABana \u2013 einem imagin\u00e4ren Ort, an dem alle Tr\u00e4ume von Ultras wahr werden!<\/p>\n","protected":false},"featured_media":106907,"template":"","meta":{"_acf_changed":false},"product_brand":[],"product_cat":[658,660],"product_tag":[2791,3616],"class_list":{"0":"post-107018","1":"product","2":"type-product","3":"status-publish","4":"has-post-thumbnail","6":"product_cat-neuheiten","7":"product_cat-t-shirts-de","8":"product_tag-fruhling-sommer-2024","9":"product_tag-summer-capsule-de","10":"pa_gramatura-180-gr-m2-de","11":"pa_kolekcja-fruhling-sommer-2024","12":"pa_kolor-weiss","13":"pa_kroj-klassisch","14":"pa_material-100-baumwolle-de-2","15":"pa_nadruk-brustaufdruck","16":"pa_nadruk-grosser-rueckenaufdruck","17":"pa_rozmiar-l-de","18":"pa_rozmiar-m-de-2","19":"pa_rozmiar-s-de","20":"pa_rozmiar-xl-de","21":"pa_rozmiar-xxl-de","22":"pa_rozmiar-xxxl-de","23":"feature-acab-de","24":"feature-copacabana-de","26":"first","27":"instock","28":"taxable","29":"shipping-taxable","30":"purchasable","31":"product-type-variable"},"acf":[],"_links":{"self":[{"href":"https:\/\/pgwear.net\/de\/wp-json\/wp\/v2\/product\/107018","targetHints":{"allow":["GET"]}}],"collection":[{"href":"https:\/\/pgwear.net\/de\/wp-json\/wp\/v2\/product"}],"about":[{"href":"https:\/\/pgwear.net\/de\/wp-json\/wp\/v2\/types\/product"}],"wp:featuredmedia":[{"embeddable":true,"href":"https:\/\/pgwear.net\/de\/wp-json\/wp\/v2\/media\/106907"}],"wp:attachment":[{"href":"https:\/\/pgwear.net\/de\/wp-json\/wp\/v2\/media?parent=107018"}],"wp:term":[{"taxonomy":"product_brand","embeddable":true,"href":"https:\/\/pgwear.net\/de\/wp-json\/wp\/v2\/product_brand?post=107018"},{"taxonomy":"product_cat","embeddable":true,"href":"https:\/\/pgwear.net\/de\/wp-json\/wp\/v2\/product_cat?post=107018"},{"taxonomy":"product_tag","embeddable":true,"href":"https:\/\/pgwear.net\/de\/wp-json\/wp\/v2\/product_tag?post=107018"}],"curies":[{"name":"wp","href":"https:\/\/api.w.org\/{rel}","templated":true}]}}