{"id":107033,"date":"2023-09-14T11:09:22","date_gmt":"2023-09-14T09:09:22","guid":{"rendered":"https:\/\/pgwear.net\/p\/t-shirt-surfer-blau\/"},"modified":"2026-03-31T12:54:35","modified_gmt":"2026-03-31T10:54:35","slug":"t-shirt-surfer-blau","status":"publish","type":"product","link":"https:\/\/pgwear.net\/de\/p\/t-shirt-surfer-blau\/","title":{"rendered":"T-shirt &#8220;Surfer&#8221; Blau"},"content":{"rendered":"<p>PGWEAR assoziiert den Sommer mit <a href=\"https:\/\/pgwear.net\/de\/feature\/copacabana-de\/\">copACABana<\/a> \u2013 einem imagin\u00e4ren Ort, an dem alle Tr\u00e4ume von Ultras wahr werden! Goldener Sand, blaues Meer, jede Menge k\u00fchles <a href=\"https:\/\/pgwear.net\/de\/feature\/thema-bier\/\">Bier<\/a> und leckere Cocktails, hei\u00dfe Girls und keine Feinde \u2013 das ist der Ort, an dem wir unseren Urlaub verbringen wollen! Erlebe ein paar verr\u00fcckte Wellen! <a href=\"https:\/\/pgwear.net\/de\/c\/t-shirts-de\/\">Das Produkt<\/a> ist in zwei Farben erh\u00e4ltlich!<\/p>\n","protected":false},"excerpt":{"rendered":"<p>PGWEAR assoziiert den Sommer mit copACABana \u2013 einem imagin\u00e4ren Ort, an dem alle Tr\u00e4ume von Ultras wahr werden!<\/p>\n","protected":false},"featured_media":106939,"template":"","meta":{"_acf_changed":false},"product_brand":[],"product_cat":[658,660],"product_tag":[3841],"class_list":{"0":"post-107033","1":"product","2":"type-product","3":"status-publish","4":"has-post-thumbnail","6":"product_cat-neuheiten","7":"product_cat-t-shirts-de","8":"product_tag-blue-monday","9":"pa_gramatura-180-gr-m2-de","10":"pa_kolekcja-fruhling-sommer-2024","11":"pa_kolor-blau","12":"pa_kroj-klassisch","13":"pa_material-100-baumwolle-de-2","14":"pa_nadruk-grosser-brustaufdruck","15":"pa_nadruk-grosser-rueckenaufdruck","16":"pa_rozmiar-l-de","17":"pa_rozmiar-m-de-2","18":"pa_rozmiar-s-de","19":"pa_rozmiar-xl-de","20":"pa_rozmiar-xxl-de","21":"pa_rozmiar-xxxl-de","22":"feature-copacabana-de","23":"feature-surfing-de","25":"first","26":"instock","27":"taxable","28":"shipping-taxable","29":"purchasable","30":"product-type-variable"},"acf":[],"_links":{"self":[{"href":"https:\/\/pgwear.net\/de\/wp-json\/wp\/v2\/product\/107033","targetHints":{"allow":["GET"]}}],"collection":[{"href":"https:\/\/pgwear.net\/de\/wp-json\/wp\/v2\/product"}],"about":[{"href":"https:\/\/pgwear.net\/de\/wp-json\/wp\/v2\/types\/product"}],"wp:featuredmedia":[{"embeddable":true,"href":"https:\/\/pgwear.net\/de\/wp-json\/wp\/v2\/media\/106939"}],"wp:attachment":[{"href":"https:\/\/pgwear.net\/de\/wp-json\/wp\/v2\/media?parent=107033"}],"wp:term":[{"taxonomy":"product_brand","embeddable":true,"href":"https:\/\/pgwear.net\/de\/wp-json\/wp\/v2\/product_brand?post=107033"},{"taxonomy":"product_cat","embeddable":true,"href":"https:\/\/pgwear.net\/de\/wp-json\/wp\/v2\/product_cat?post=107033"},{"taxonomy":"product_tag","embeddable":true,"href":"https:\/\/pgwear.net\/de\/wp-json\/wp\/v2\/product_tag?post=107033"}],"curies":[{"name":"wp","href":"https:\/\/api.w.org\/{rel}","templated":true}]}}