{"id":109103,"date":"2023-10-17T10:53:13","date_gmt":"2023-10-17T08:53:13","guid":{"rendered":"https:\/\/pgwear.net\/p\/t-shirt-cazy-wife-dark-grey\/"},"modified":"2026-03-23T07:58:05","modified_gmt":"2026-03-23T06:58:05","slug":"t-shirt-crazy-wife-dark-grey","status":"publish","type":"product","link":"https:\/\/pgwear.net\/de\/p\/t-shirt-crazy-wife-dark-grey\/","title":{"rendered":"T-shirt &#8220;Crazy wife&#8221; Dark Grey"},"content":{"rendered":"<p>Ein Fu\u00dfballfan, Hooligan oder Ultras zu sein, ist in einer Beziehung immer eine Herausforderung. Denn unsere Frauen sind nie gl\u00fccklich, wenn wir unserer Zeit auf Bier mit unseren treuen Kumpels verbringen, zu <a href=\"https:\/\/pgwear.net\/de\/feature\/awayday-de\/\">Ausw\u00e4rtsspielen<\/a> reisen oder den \u00f6rtlichen Stand besuchen. Also m\u00fcssen wir schnell von zu Hause weglaufen! \ud83d\ude09<\/p>\n","protected":false},"excerpt":{"rendered":"<p>Ein Fu\u00dfballfan, Hooligan oder Ultras zu sein, ist in einer Beziehung immer eine Herausforderung. Denn unsere Frauen sind nie gl\u00fccklich, wenn wir unserer Zeit auf Bier mit unseren treuen Kumpels verbringen, zu Ausw\u00e4rtsspielen reisen oder den \u00f6rtlichen Stand besuchen. Also m\u00fcssen wir schnell von zu Hause weglaufen! \ud83d\ude09<\/p>\n","protected":false},"featured_media":109075,"template":"","meta":{"_acf_changed":false},"product_brand":[],"product_cat":[660],"product_tag":[3847,2839],"class_list":{"0":"post-109103","1":"product","2":"type-product","3":"status-publish","4":"has-post-thumbnail","6":"product_cat-t-shirts-de","7":"product_tag-love","8":"product_tag-sale-de","9":"pa_gramatura-180-gr-m2-de","10":"pa_kolor-dunkelgrau","11":"pa_kroj-klassisch","12":"pa_material-100-baumwolle-de-2","13":"pa_nadruk-grosser-brustaufdruck","14":"pa_rozmiar-l-de","15":"pa_rozmiar-m-de-2","16":"pa_rozmiar-s-de","17":"pa_rozmiar-xl-de","18":"pa_rozmiar-xxl-de","19":"pa_rozmiar-xxxl-de","21":"first","22":"instock","23":"taxable","24":"shipping-taxable","25":"purchasable","26":"product-type-variable"},"acf":[],"_links":{"self":[{"href":"https:\/\/pgwear.net\/de\/wp-json\/wp\/v2\/product\/109103","targetHints":{"allow":["GET"]}}],"collection":[{"href":"https:\/\/pgwear.net\/de\/wp-json\/wp\/v2\/product"}],"about":[{"href":"https:\/\/pgwear.net\/de\/wp-json\/wp\/v2\/types\/product"}],"wp:featuredmedia":[{"embeddable":true,"href":"https:\/\/pgwear.net\/de\/wp-json\/wp\/v2\/media\/109075"}],"wp:attachment":[{"href":"https:\/\/pgwear.net\/de\/wp-json\/wp\/v2\/media?parent=109103"}],"wp:term":[{"taxonomy":"product_brand","embeddable":true,"href":"https:\/\/pgwear.net\/de\/wp-json\/wp\/v2\/product_brand?post=109103"},{"taxonomy":"product_cat","embeddable":true,"href":"https:\/\/pgwear.net\/de\/wp-json\/wp\/v2\/product_cat?post=109103"},{"taxonomy":"product_tag","embeddable":true,"href":"https:\/\/pgwear.net\/de\/wp-json\/wp\/v2\/product_tag?post=109103"}],"curies":[{"name":"wp","href":"https:\/\/api.w.org\/{rel}","templated":true}]}}