{"id":109697,"date":"2023-10-19T10:48:04","date_gmt":"2023-10-19T08:48:04","guid":{"rendered":"https:\/\/pgwear.net\/p\/t-shirt-elios-marineblau\/"},"modified":"2026-03-31T12:52:48","modified_gmt":"2026-03-31T10:52:48","slug":"t-shirt-elios-marineblau","status":"publish","type":"product","link":"https:\/\/pgwear.net\/de\/p\/t-shirt-elios-marineblau\/","title":{"rendered":"T-shirt &#8220;Elios&#8221; Marineblau"},"content":{"rendered":"<p>Lerne den Helden der Trib\u00fcne kennen, den Meister des Lichts! Red Flare ELIOS! Dieses Produkt repr\u00e4sentiert unsere Leidenschaft, Emotionen und unser Engagement f\u00fcr das Team und ist der unersetzliche Teil von Tifo! Schlie\u00df dich der Bewegung an \u2013 SAY YES TO <a href=\"https:\/\/pgwear.net\/de\/feature\/pyro-thema\/\">PYRO<\/a> und trage dieses <a href=\"https:\/\/pgwear.net\/de\/c\/t-shirts-de\/\">T-shirt<\/a> stolz sowohl auf der Stra\u00dfe als auch im Stadion!<\/p>\n","protected":false},"excerpt":{"rendered":"<p>Lerne den Helden der Trib\u00fcne kennen, den Meister des Lichts! Red Flare ELIOS! Dieses Produkt repr\u00e4sentiert unsere Leidenschaft, Emotionen und unser Engagement f\u00fcr das Team und ist der unersetzliche Teil von Tifo!<\/p>\n","protected":false},"featured_media":109681,"template":"","meta":{"_acf_changed":false},"product_brand":[],"product_cat":[660],"product_tag":[2839],"class_list":{"0":"post-109697","1":"product","2":"type-product","3":"status-publish","4":"has-post-thumbnail","6":"product_cat-t-shirts-de","7":"product_tag-sale-de","8":"pa_gramatura-180-gr-m2-de","9":"pa_kolor-graphite-de","10":"pa_kroj-klassisch","11":"pa_material-100-baumwolle-de-2","12":"pa_nadruk-aufdruck-links-auf-der-brust","13":"pa_nadruk-grosser-rueckenaufdruck","14":"pa_rozmiar-l-de","15":"pa_rozmiar-m-de-2","16":"pa_rozmiar-s-de","17":"pa_rozmiar-xl-de","18":"pa_rozmiar-xxl-de","19":"pa_rozmiar-xxxl-de","20":"feature-pyro-thema","22":"first","23":"instock","24":"taxable","25":"shipping-taxable","26":"purchasable","27":"product-type-variable"},"acf":[],"_links":{"self":[{"href":"https:\/\/pgwear.net\/de\/wp-json\/wp\/v2\/product\/109697","targetHints":{"allow":["GET"]}}],"collection":[{"href":"https:\/\/pgwear.net\/de\/wp-json\/wp\/v2\/product"}],"about":[{"href":"https:\/\/pgwear.net\/de\/wp-json\/wp\/v2\/types\/product"}],"wp:featuredmedia":[{"embeddable":true,"href":"https:\/\/pgwear.net\/de\/wp-json\/wp\/v2\/media\/109681"}],"wp:attachment":[{"href":"https:\/\/pgwear.net\/de\/wp-json\/wp\/v2\/media?parent=109697"}],"wp:term":[{"taxonomy":"product_brand","embeddable":true,"href":"https:\/\/pgwear.net\/de\/wp-json\/wp\/v2\/product_brand?post=109697"},{"taxonomy":"product_cat","embeddable":true,"href":"https:\/\/pgwear.net\/de\/wp-json\/wp\/v2\/product_cat?post=109697"},{"taxonomy":"product_tag","embeddable":true,"href":"https:\/\/pgwear.net\/de\/wp-json\/wp\/v2\/product_tag?post=109697"}],"curies":[{"name":"wp","href":"https:\/\/api.w.org\/{rel}","templated":true}]}}