{"id":12210,"date":"2022-01-26T14:58:01","date_gmt":"2022-01-26T13:58:01","guid":{"rendered":"https:\/\/dev.pgwear.net\/p\/t-shirt-acab-worldwide\/"},"modified":"2026-04-15T21:00:41","modified_gmt":"2026-04-15T19:00:41","slug":"t-shirt-acab-worldwide","status":"publish","type":"product","link":"https:\/\/pgwear.net\/de\/p\/t-shirt-acab-worldwide\/","title":{"rendered":"T-shirt &#8220;ACAB Worldwide&#8221;"},"content":{"rendered":"<p>Von Anfang an ist PGWEAR ber\u00fchmt f\u00fcr seine originellen Designs, die sich auf die <a href=\"https:\/\/pgwear.net\/de\/feature\/die-aufschrift-ultras\/\">Ultras-Kultur<\/a> beziehen. .Dieses T-Shirt ist keine Ausnahme! Es repr\u00e4sentiert die Idee der Ultras-Bewegung, die uns \u00fcber alle Umst\u00e4nde vereint \u2013 <a href=\"https:\/\/pgwear.net\/de\/feature\/acab-de\/\">ACAB WORLDWIDE<\/a>! Bis in alle Ewigkeit! <a href=\"https:\/\/pgwear.net\/de\/feature\/1312-de\/\">1312<\/a>!<\/p>\n","protected":false},"excerpt":{"rendered":"<p>Von Anfang an ist PGWEAR ber\u00fchmt f\u00fcr seine originellen Designs, die sich auf die Ultras-Kultur beziehen.<\/p>\n","protected":false},"featured_media":12184,"template":"","meta":{"_acf_changed":false},"product_brand":[],"product_cat":[660],"product_tag":[3279],"class_list":{"0":"post-12210","1":"product","2":"type-product","3":"status-publish","4":"has-post-thumbnail","6":"product_cat-t-shirts-de","7":"product_tag-letzte-chance","8":"pa_gramatura-180-gr-m2-de","9":"pa_kolekcja-fruhling-sommer-2022","10":"pa_kolor-schwarz","11":"pa_kroj-klassisch","12":"pa_material-100-baumwolle-de-2","13":"pa_nadruk-grosser-brustaufdruck","14":"pa_rozmiar-l-de","15":"pa_rozmiar-m-de-2","16":"pa_rozmiar-s-de","17":"pa_rozmiar-xl-de","18":"pa_rozmiar-xxl-de","19":"pa_rozmiar-xxxl-de","20":"feature-acab-de","22":"first","23":"instock","24":"sale","25":"taxable","26":"shipping-taxable","27":"purchasable","28":"product-type-variable"},"acf":[],"_links":{"self":[{"href":"https:\/\/pgwear.net\/de\/wp-json\/wp\/v2\/product\/12210","targetHints":{"allow":["GET"]}}],"collection":[{"href":"https:\/\/pgwear.net\/de\/wp-json\/wp\/v2\/product"}],"about":[{"href":"https:\/\/pgwear.net\/de\/wp-json\/wp\/v2\/types\/product"}],"wp:featuredmedia":[{"embeddable":true,"href":"https:\/\/pgwear.net\/de\/wp-json\/wp\/v2\/media\/12184"}],"wp:attachment":[{"href":"https:\/\/pgwear.net\/de\/wp-json\/wp\/v2\/media?parent=12210"}],"wp:term":[{"taxonomy":"product_brand","embeddable":true,"href":"https:\/\/pgwear.net\/de\/wp-json\/wp\/v2\/product_brand?post=12210"},{"taxonomy":"product_cat","embeddable":true,"href":"https:\/\/pgwear.net\/de\/wp-json\/wp\/v2\/product_cat?post=12210"},{"taxonomy":"product_tag","embeddable":true,"href":"https:\/\/pgwear.net\/de\/wp-json\/wp\/v2\/product_tag?post=12210"}],"curies":[{"name":"wp","href":"https:\/\/api.w.org\/{rel}","templated":true}]}}