{"id":12306,"date":"2022-01-26T14:57:59","date_gmt":"2022-01-26T13:57:59","guid":{"rendered":"https:\/\/dev.pgwear.net\/p\/t-shirt-1312\/"},"modified":"2025-12-02T13:20:33","modified_gmt":"2025-12-02T12:20:33","slug":"ss22-t-shirt-1312","status":"publish","type":"product","link":"https:\/\/pgwear.net\/de\/p\/ss22-t-shirt-1312\/","title":{"rendered":"T-shirt &#8220;1312&#8221;"},"content":{"rendered":"<p>Das ikonische Ultras-Design von PGWEAR! Ein T-Shirt mit dem ber\u00fchmten \u201e1312\u201c-Motiv aus Fackeln, Bierflaschen und l\u00e4ssigen Sneakern! Perfekt f\u00fcr hei\u00dfe Sommertage! Trage es stolz sowohl auf der Stra\u00dfe als auch im Stadion!  <\/p>\n","protected":false},"excerpt":{"rendered":"<p>Das ikonische Ultras-Design von PGWEAR! Ein T-Shirt mit dem ber\u00fchmten \u201e1312\u201c-Motiv aus Fackeln, Bierflaschen und l\u00e4ssigen Sneakern! <\/p>\n","protected":false},"featured_media":12283,"template":"","meta":{"_acf_changed":false},"product_brand":[],"product_cat":[1477],"product_tag":[],"class_list":{"0":"post-12306","1":"product","2":"type-product","3":"status-publish","4":"has-post-thumbnail","6":"product_cat-archiv","7":"pa_gramatura-180-gr-m2-de","8":"pa_kolekcja-fruhling-sommer-2022","9":"pa_kolor-schwarz","10":"pa_kroj-klassisch","11":"pa_material-100-baumwolle-de-2","12":"pa_nadruk-grosser-brustaufdruck","13":"pa_rozmiar-l-de","14":"pa_rozmiar-m-de-2","15":"pa_rozmiar-s-de","16":"pa_rozmiar-xl-de","17":"pa_rozmiar-xxl-de","18":"pa_rozmiar-xxxl-de","19":"feature-1312-de","20":"feature-thema-bier","22":"first","23":"outofstock","24":"taxable","25":"shipping-taxable","26":"product-type-variable"},"acf":[],"_links":{"self":[{"href":"https:\/\/pgwear.net\/de\/wp-json\/wp\/v2\/product\/12306","targetHints":{"allow":["GET"]}}],"collection":[{"href":"https:\/\/pgwear.net\/de\/wp-json\/wp\/v2\/product"}],"about":[{"href":"https:\/\/pgwear.net\/de\/wp-json\/wp\/v2\/types\/product"}],"wp:featuredmedia":[{"embeddable":true,"href":"https:\/\/pgwear.net\/de\/wp-json\/wp\/v2\/media\/12283"}],"wp:attachment":[{"href":"https:\/\/pgwear.net\/de\/wp-json\/wp\/v2\/media?parent=12306"}],"wp:term":[{"taxonomy":"product_brand","embeddable":true,"href":"https:\/\/pgwear.net\/de\/wp-json\/wp\/v2\/product_brand?post=12306"},{"taxonomy":"product_cat","embeddable":true,"href":"https:\/\/pgwear.net\/de\/wp-json\/wp\/v2\/product_cat?post=12306"},{"taxonomy":"product_tag","embeddable":true,"href":"https:\/\/pgwear.net\/de\/wp-json\/wp\/v2\/product_tag?post=12306"}],"curies":[{"name":"wp","href":"https:\/\/api.w.org\/{rel}","templated":true}]}}