{"id":12603,"date":"2022-01-26T14:57:57","date_gmt":"2022-01-26T13:57:57","guid":{"rendered":"https:\/\/dev.pgwear.net\/p\/leichtecargo-hose-stage-grey\/"},"modified":"2026-04-13T13:02:26","modified_gmt":"2026-04-13T11:02:26","slug":"ss22-leichte-cargo-hose-stage-grey","status":"publish","type":"product","link":"https:\/\/pgwear.net\/de\/p\/ss22-leichte-cargo-hose-stage-grey\/","title":{"rendered":"LeichteCargo Hose &#8220;Stage&#8221; Grey"},"content":{"rendered":"<p>Egal, wer du bist: Fu\u00dfball-Casual, Ultras oder Hardcore- Hooligan, sind traditionelle Cargohosen ein Must-have in deinem Kleiderschrank! Dieses Mal pr\u00e4sentiert PGWEAR ULTRAS SHOP eine leichte Version von klassischen Cargo-Hosen f\u00fcr k\u00fchlere Fr\u00fchlings- und Sommertage. Erh\u00e4ltlich in drei Farbvarianten. Erh\u00e4ltlich in drei Farbvarianten. <\/p>\n","protected":false},"excerpt":{"rendered":"<p>Egal, wer du bist: Fu\u00dfball-Casual, Ultras oder Hardcore- Hooligan, sind traditionelle Cargohosen ein Must-have in deinem Kleiderschrank!<\/p>\n","protected":false},"featured_media":12574,"template":"","meta":{"_acf_changed":false},"product_brand":[],"product_cat":[3601,425,658],"product_tag":[3279],"class_list":{"0":"post-12603","1":"product","2":"type-product","3":"status-publish","4":"has-post-thumbnail","6":"product_cat-cargohosen","7":"product_cat-hosen","8":"product_cat-neuheiten","9":"product_tag-letzte-chance","10":"pa_gramatura-160-gr-m2-de","11":"pa_kolekcja-fruhling-sommer-2022","12":"pa_kolor-grau","13":"pa_material-100-baumwolle-de-2","14":"pa_rozmiar-l-de","15":"pa_rozmiar-m-de-2","16":"pa_rozmiar-s-de","17":"pa_rozmiar-xl-de","18":"pa_rozmiar-xxl-de","19":"pa_rozmiar-xxxl-de","20":"feature-cargohose","22":"first","23":"instock","24":"sale","25":"taxable","26":"shipping-taxable","27":"purchasable","28":"product-type-variable"},"acf":[],"_links":{"self":[{"href":"https:\/\/pgwear.net\/de\/wp-json\/wp\/v2\/product\/12603","targetHints":{"allow":["GET"]}}],"collection":[{"href":"https:\/\/pgwear.net\/de\/wp-json\/wp\/v2\/product"}],"about":[{"href":"https:\/\/pgwear.net\/de\/wp-json\/wp\/v2\/types\/product"}],"wp:featuredmedia":[{"embeddable":true,"href":"https:\/\/pgwear.net\/de\/wp-json\/wp\/v2\/media\/12574"}],"wp:attachment":[{"href":"https:\/\/pgwear.net\/de\/wp-json\/wp\/v2\/media?parent=12603"}],"wp:term":[{"taxonomy":"product_brand","embeddable":true,"href":"https:\/\/pgwear.net\/de\/wp-json\/wp\/v2\/product_brand?post=12603"},{"taxonomy":"product_cat","embeddable":true,"href":"https:\/\/pgwear.net\/de\/wp-json\/wp\/v2\/product_cat?post=12603"},{"taxonomy":"product_tag","embeddable":true,"href":"https:\/\/pgwear.net\/de\/wp-json\/wp\/v2\/product_tag?post=12603"}],"curies":[{"name":"wp","href":"https:\/\/api.w.org\/{rel}","templated":true}]}}