{"id":12832,"date":"2022-01-26T14:57:26","date_gmt":"2022-01-26T13:57:26","guid":{"rendered":"https:\/\/dev.pgwear.net\/p\/baseball-cap-mob-grey\/"},"modified":"2026-02-05T09:10:08","modified_gmt":"2026-02-05T08:10:08","slug":"ss22-baseball-cap-mob-grey","status":"publish","type":"product","link":"https:\/\/pgwear.net\/de\/p\/ss22-baseball-cap-mob-grey\/","title":{"rendered":"Baseball Cap &#8220;Mob&#8221; Grey"},"content":{"rendered":"<p>Eine l\u00e4ssige, stylische Baseballcap passt zu jedem Outfit eines Fu\u00dfballfans! Solange es um keinen Hochzeitsanzug geht! \ud83d\ude09 Vervollst\u00e4ndige deine Garderobe mit einer klassischen Baseballm\u00fctze von PGWEAR ULTRAS SHOP! Sie wird dein Gesicht nicht nur vor starker Sonne aber auch vor CCTV- Kameras und Polizei sch\u00fctzen. Die M\u00fctze ist in vier Farbvarianten erh\u00e4ltlich!<\/p>\n","protected":false},"excerpt":{"rendered":"<p>Eine l\u00e4ssige, stylische Baseballcap passt zu jedem Outfit eines Fu\u00dfballfans!<\/p>\n","protected":false},"featured_media":12821,"template":"","meta":{"_acf_changed":false},"product_brand":[],"product_cat":[3567,652,658],"product_tag":[3279],"class_list":{"0":"post-12832","1":"product","2":"type-product","3":"status-publish","4":"has-post-thumbnail","6":"product_cat-baseballcaps","7":"product_cat-mutzen","8":"product_cat-neuheiten","9":"product_tag-letzte-chance","10":"pa_kolekcja-fruhling-sommer-2022","11":"pa_kolor-grau","12":"pa_material-100-polyester-de-3","13":"feature-baseball-kappe","15":"first","16":"outofstock","17":"sale","18":"taxable","19":"shipping-taxable","20":"purchasable","21":"product-type-simple"},"acf":[],"_links":{"self":[{"href":"https:\/\/pgwear.net\/de\/wp-json\/wp\/v2\/product\/12832","targetHints":{"allow":["GET"]}}],"collection":[{"href":"https:\/\/pgwear.net\/de\/wp-json\/wp\/v2\/product"}],"about":[{"href":"https:\/\/pgwear.net\/de\/wp-json\/wp\/v2\/types\/product"}],"wp:featuredmedia":[{"embeddable":true,"href":"https:\/\/pgwear.net\/de\/wp-json\/wp\/v2\/media\/12821"}],"wp:attachment":[{"href":"https:\/\/pgwear.net\/de\/wp-json\/wp\/v2\/media?parent=12832"}],"wp:term":[{"taxonomy":"product_brand","embeddable":true,"href":"https:\/\/pgwear.net\/de\/wp-json\/wp\/v2\/product_brand?post=12832"},{"taxonomy":"product_cat","embeddable":true,"href":"https:\/\/pgwear.net\/de\/wp-json\/wp\/v2\/product_cat?post=12832"},{"taxonomy":"product_tag","embeddable":true,"href":"https:\/\/pgwear.net\/de\/wp-json\/wp\/v2\/product_tag?post=12832"}],"curies":[{"name":"wp","href":"https:\/\/api.w.org\/{rel}","templated":true}]}}