{"id":132036,"date":"2024-01-19T11:50:12","date_gmt":"2024-01-19T10:50:12","guid":{"rendered":"https:\/\/pgwear.net\/p\/sturmhaube-netz-anonymity\/"},"modified":"2026-03-20T15:29:17","modified_gmt":"2026-03-20T14:29:17","slug":"sturmhaube-netz-anonymity","status":"publish","type":"product","link":"https:\/\/pgwear.net\/de\/p\/sturmhaube-netz-anonymity\/","title":{"rendered":"Sturmhaube Netz &#8220;Anonymity&#8221;"},"content":{"rendered":"<p>Vermeide das Stadionverbot! Bleibe anonym sowohl auf der Stra\u00dfe als im Stadion vor Polizei, CCTV-Kameras oder Feinden! Es gibt nur eine Sache, die Euch dabei helfen kann! Das ist eine <a href=\"https:\/\/pgwear.net\/de\/c\/sturmhauben\/\">Sturmhaube<\/a>! PGWEAR pr\u00e4sentiert stolz die einzigartige Mesh-Sturmhaube mit dem <a href=\"https:\/\/pgwear.net\/de\/feature\/fullprint-sturmhaube\/\">Aufdruck<\/a>! Die Sicht ist perfekt, sogar wenn die Augen von au\u00dfen vollst\u00e4ndig abgedeckt bleiben! Unverzichtbares Accessoire f\u00fcr jeden Ultra, Hooligan und l\u00e4ssigen Fu\u00dfballfan!<\/p>\n","protected":false},"excerpt":{"rendered":"<p>Vermeide das Stadionverbot! Bleibe anonym sowohl auf der Stra\u00dfe als auch im Stadion vor Polizei, CCTV-Kameras oder Feinden!<\/p>\n","protected":false},"featured_media":132026,"template":"","meta":{"_acf_changed":false},"product_brand":[],"product_cat":[658,3575,654],"product_tag":[],"class_list":{"0":"post-132036","1":"product","2":"type-product","3":"status-publish","4":"has-post-thumbnail","6":"product_cat-neuheiten","7":"product_cat-sturmhauben-de","8":"product_cat-sturmhauben","9":"pa_kolor-schwarz","10":"pa_kolor-weiss","11":"feature-fullprint-sturmhaube","13":"first","14":"instock","15":"taxable","16":"shipping-taxable","17":"purchasable","18":"product-type-simple"},"acf":[],"_links":{"self":[{"href":"https:\/\/pgwear.net\/de\/wp-json\/wp\/v2\/product\/132036","targetHints":{"allow":["GET"]}}],"collection":[{"href":"https:\/\/pgwear.net\/de\/wp-json\/wp\/v2\/product"}],"about":[{"href":"https:\/\/pgwear.net\/de\/wp-json\/wp\/v2\/types\/product"}],"wp:featuredmedia":[{"embeddable":true,"href":"https:\/\/pgwear.net\/de\/wp-json\/wp\/v2\/media\/132026"}],"wp:attachment":[{"href":"https:\/\/pgwear.net\/de\/wp-json\/wp\/v2\/media?parent=132036"}],"wp:term":[{"taxonomy":"product_brand","embeddable":true,"href":"https:\/\/pgwear.net\/de\/wp-json\/wp\/v2\/product_brand?post=132036"},{"taxonomy":"product_cat","embeddable":true,"href":"https:\/\/pgwear.net\/de\/wp-json\/wp\/v2\/product_cat?post=132036"},{"taxonomy":"product_tag","embeddable":true,"href":"https:\/\/pgwear.net\/de\/wp-json\/wp\/v2\/product_tag?post=132036"}],"curies":[{"name":"wp","href":"https:\/\/api.w.org\/{rel}","templated":true}]}}