{"id":134389,"date":"2024-02-02T08:35:09","date_gmt":"2024-02-02T07:35:09","guid":{"rendered":"https:\/\/pgwear.net\/p\/t-shirt-love-is-in-the-air-weiss\/"},"modified":"2026-04-07T18:06:48","modified_gmt":"2026-04-07T16:06:48","slug":"t-shirt-love-is-in-the-air-weiss","status":"publish","type":"product","link":"https:\/\/pgwear.net\/de\/p\/t-shirt-love-is-in-the-air-weiss\/","title":{"rendered":"T-shirt &#8220;Love is in the air&#8221; Wei\u00df"},"content":{"rendered":"<p>Es gibt immer Unterschiede zwischen uns. Frauen m\u00f6chten gemeinsame Zeit auf einem romantischen Date in einem schicken Restaurant verbringen oder zu Hause beim Kuscheln auf dem Sofa eine Drama-Fernsehserie schauen. Aber wir sind anders! Wir wollen Action, kein Drama! Wir m\u00f6chten den Vormittag im Zug verbringen, aufs <a href=\"https:\/\/pgwear.net\/de\/feature\/awayday-de\/\">Ausw\u00e4rtsspiel fahren<\/a>, den Nachmittag auf der Trib\u00fcne verbringen und eine <a href=\"https:\/\/pgwear.net\/de\/feature\/pyro-thema\/\">Fackel abbrennen<\/a>, w\u00e4hrend wir unseren geliebten Fu\u00dfballverein unterst\u00fctzen, und den Abend im Pub mit unseren treuen Freunden verbringen! Allerdings k\u00f6nnen wir nicht ohne unsere geliebten Damen funktionieren! Bereite dich richtig auf den Valentinstag vor! \ud83d\ude09<\/p>\n","protected":false},"excerpt":{"rendered":"<p>Es gibt immer Unterschiede zwischen uns. Frauen m\u00f6chten gemeinsame Zeit auf einem romantischen Date in einem schicken Restaurant verbringen oder zu Hause beim Kuscheln auf dem Sofa eine Drama-Fernsehserie schauen. Aber wir sind anders!<\/p>\n","protected":false},"featured_media":134371,"template":"","meta":{"_acf_changed":false},"product_brand":[],"product_cat":[658,660],"product_tag":[3847],"class_list":{"0":"post-134389","1":"product","2":"type-product","3":"status-publish","4":"has-post-thumbnail","6":"product_cat-neuheiten","7":"product_cat-t-shirts-de","8":"product_tag-love","9":"pa_gramatura-180-gr-m2-de","10":"pa_kolekcja-fruhling-sommer-2024","11":"pa_kolor-weiss","12":"pa_material-100-baumwolle-de-2","13":"pa_nadruk-grosser-brustaufdruck","14":"pa_rozmiar-l-de","15":"pa_rozmiar-m-de-2","16":"pa_rozmiar-s-de","17":"pa_rozmiar-xl-de","18":"pa_rozmiar-xxl-de","19":"pa_rozmiar-xxxl-de","20":"feature-awayday-de","22":"first","23":"instock","24":"taxable","25":"shipping-taxable","26":"purchasable","27":"product-type-variable"},"acf":[],"_links":{"self":[{"href":"https:\/\/pgwear.net\/de\/wp-json\/wp\/v2\/product\/134389","targetHints":{"allow":["GET"]}}],"collection":[{"href":"https:\/\/pgwear.net\/de\/wp-json\/wp\/v2\/product"}],"about":[{"href":"https:\/\/pgwear.net\/de\/wp-json\/wp\/v2\/types\/product"}],"wp:featuredmedia":[{"embeddable":true,"href":"https:\/\/pgwear.net\/de\/wp-json\/wp\/v2\/media\/134371"}],"wp:attachment":[{"href":"https:\/\/pgwear.net\/de\/wp-json\/wp\/v2\/media?parent=134389"}],"wp:term":[{"taxonomy":"product_brand","embeddable":true,"href":"https:\/\/pgwear.net\/de\/wp-json\/wp\/v2\/product_brand?post=134389"},{"taxonomy":"product_cat","embeddable":true,"href":"https:\/\/pgwear.net\/de\/wp-json\/wp\/v2\/product_cat?post=134389"},{"taxonomy":"product_tag","embeddable":true,"href":"https:\/\/pgwear.net\/de\/wp-json\/wp\/v2\/product_tag?post=134389"}],"curies":[{"name":"wp","href":"https:\/\/api.w.org\/{rel}","templated":true}]}}