{"id":135186,"date":"2024-02-06T09:34:00","date_gmt":"2024-02-06T08:34:00","guid":{"rendered":"https:\/\/pgwear.net\/p\/handtuch-lazy-boy\/"},"modified":"2026-03-27T12:43:40","modified_gmt":"2026-03-27T11:43:40","slug":"badetuch-lazy-boy","status":"publish","type":"product","link":"https:\/\/pgwear.net\/de\/p\/badetuch-lazy-boy\/","title":{"rendered":"Badetuch &#8220;Lazy Boy"},"content":{"rendered":"<p>Die PGWEAR-Sommerkapselkollektion ist <a href=\"https:\/\/pgwear.net\/de\/feature\/copacabana-de\/\">copACABana<\/a> gewidmet \u2013 einem imagin\u00e4ren Ort, an dem alle Tr\u00e4ume von Ultras wahr werden! Goldener Sand, blaues Meer, jede Menge k\u00fchles <a href=\"https:\/\/pgwear.net\/de\/feature\/thema-bier\/\">Bier<\/a> und leckere Cocktails, hei\u00dfe Girls und keine Feinde \u2013 das ist der Ort, an dem wir unseren Urlaub verbringen wollen! Packe dich richtig f\u00fcr den Urlaub \u2013 nimm diesen besondere Strandtuch mit! Packe dich richtig f\u00fcr den Urlaub \u2013 nimm diesen besondere <a href=\"https:\/\/pgwear.net\/de\/feature\/handtuch\/\">Strandtuch<\/a> mit!<\/p>\n","protected":false},"excerpt":{"rendered":"<p>Die PGWEAR-Sommerkapselkollektion ist copACABana gewidmet \u2013 einem imagin\u00e4ren Ort, an dem alle Tr\u00e4ume von Ultras wahr werden!<\/p>\n","protected":false},"featured_media":135670,"template":"","meta":{"_acf_changed":false},"product_brand":[],"product_cat":[502,3543,658],"product_tag":[3616],"class_list":{"0":"post-135186","1":"product","2":"type-product","3":"status-publish","4":"has-post-thumbnail","6":"product_cat-accessories-de","7":"product_cat-badetuecher","8":"product_cat-neuheiten","9":"product_tag-summer-capsule-de","10":"pa_kolor-grun","11":"feature-acab-de","12":"feature-balaclava-motiv","13":"feature-copacabana-de","14":"feature-handtuch","15":"feature-thema-bier","17":"first","18":"instock","19":"taxable","20":"shipping-taxable","21":"purchasable","22":"product-type-simple"},"acf":[],"_links":{"self":[{"href":"https:\/\/pgwear.net\/de\/wp-json\/wp\/v2\/product\/135186","targetHints":{"allow":["GET"]}}],"collection":[{"href":"https:\/\/pgwear.net\/de\/wp-json\/wp\/v2\/product"}],"about":[{"href":"https:\/\/pgwear.net\/de\/wp-json\/wp\/v2\/types\/product"}],"wp:featuredmedia":[{"embeddable":true,"href":"https:\/\/pgwear.net\/de\/wp-json\/wp\/v2\/media\/135670"}],"wp:attachment":[{"href":"https:\/\/pgwear.net\/de\/wp-json\/wp\/v2\/media?parent=135186"}],"wp:term":[{"taxonomy":"product_brand","embeddable":true,"href":"https:\/\/pgwear.net\/de\/wp-json\/wp\/v2\/product_brand?post=135186"},{"taxonomy":"product_cat","embeddable":true,"href":"https:\/\/pgwear.net\/de\/wp-json\/wp\/v2\/product_cat?post=135186"},{"taxonomy":"product_tag","embeddable":true,"href":"https:\/\/pgwear.net\/de\/wp-json\/wp\/v2\/product_tag?post=135186"}],"curies":[{"name":"wp","href":"https:\/\/api.w.org\/{rel}","templated":true}]}}