{"id":135266,"date":"2024-02-06T09:34:19","date_gmt":"2024-02-06T08:34:19","guid":{"rendered":"https:\/\/pgwear.net\/p\/t-shirt-flight-weiss\/"},"modified":"2026-03-20T13:57:25","modified_gmt":"2026-03-20T12:57:25","slug":"t-shirt-flight-weiss","status":"publish","type":"product","link":"https:\/\/pgwear.net\/de\/p\/t-shirt-flight-weiss\/","title":{"rendered":"T-shirt &#8220;Flight&#8221; Wei\u00df"},"content":{"rendered":"<p>Die PGWEAR-Sommerkapselkollektion ist <a href=\"https:\/\/pgwear.net\/de\/feature\/copacabana-de\/\">copACABana<\/a> gewidmet \u2013 einem imagin\u00e4ren Ort, an dem alle Tr\u00e4ume von Ultras wahr werden! Goldener Sand, blaues Meer, jede Menge k\u00fchles <a href=\"https:\/\/pgwear.net\/de\/feature\/thema-bier\/\">Bier<\/a> und leckere Cocktails, hei\u00dfe M\u00e4dels und keine Feinde \u2013 das ist der Ort, an dem wir unseren Urlaub verbringen wollen! Halte deine Bordkarte bereit, bevor du einsteigst! Halte deine Bordkarte bereit, bevor du einsteigst!<\/p>\n","protected":false},"excerpt":{"rendered":"<p>Die PGWEAR-Sommerkapselkollektion ist copACABana gewidmet \u2013 einem imagin\u00e4ren Ort, an dem alle Tr\u00e4ume von Ultras wahr werden!<\/p>\n","protected":false},"featured_media":141443,"template":"","meta":{"_acf_changed":false},"product_brand":[],"product_cat":[660,658],"product_tag":[3616],"class_list":{"0":"post-135266","1":"product","2":"type-product","3":"status-publish","4":"has-post-thumbnail","6":"product_cat-t-shirts-de","7":"product_cat-neuheiten","8":"product_tag-summer-capsule-de","9":"pa_kolor-weiss","10":"pa_rozmiar-l-de","11":"pa_rozmiar-m-de-2","12":"pa_rozmiar-s-de","13":"pa_rozmiar-xl-de","14":"pa_rozmiar-xxl-de","15":"pa_rozmiar-xxxl-de","17":"first","18":"instock","19":"taxable","20":"shipping-taxable","21":"purchasable","22":"product-type-variable"},"acf":[],"_links":{"self":[{"href":"https:\/\/pgwear.net\/de\/wp-json\/wp\/v2\/product\/135266","targetHints":{"allow":["GET"]}}],"collection":[{"href":"https:\/\/pgwear.net\/de\/wp-json\/wp\/v2\/product"}],"about":[{"href":"https:\/\/pgwear.net\/de\/wp-json\/wp\/v2\/types\/product"}],"wp:featuredmedia":[{"embeddable":true,"href":"https:\/\/pgwear.net\/de\/wp-json\/wp\/v2\/media\/141443"}],"wp:attachment":[{"href":"https:\/\/pgwear.net\/de\/wp-json\/wp\/v2\/media?parent=135266"}],"wp:term":[{"taxonomy":"product_brand","embeddable":true,"href":"https:\/\/pgwear.net\/de\/wp-json\/wp\/v2\/product_brand?post=135266"},{"taxonomy":"product_cat","embeddable":true,"href":"https:\/\/pgwear.net\/de\/wp-json\/wp\/v2\/product_cat?post=135266"},{"taxonomy":"product_tag","embeddable":true,"href":"https:\/\/pgwear.net\/de\/wp-json\/wp\/v2\/product_tag?post=135266"}],"curies":[{"name":"wp","href":"https:\/\/api.w.org\/{rel}","templated":true}]}}