{"id":135314,"date":"2024-02-06T09:34:17","date_gmt":"2024-02-06T08:34:17","guid":{"rendered":"https:\/\/pgwear.net\/p\/t-shirt-escape-weiss\/"},"modified":"2026-04-08T16:24:57","modified_gmt":"2026-04-08T14:24:57","slug":"t-shirt-escape-weiss","status":"publish","type":"product","link":"https:\/\/pgwear.net\/de\/p\/t-shirt-escape-weiss\/","title":{"rendered":"T-shirt &#8220;Escape&#8221; Wei\u00df"},"content":{"rendered":"<p>Die PGWEAR-Sommerkapselkollektion ist <a href=\"https:\/\/pgwear.net\/de\/feature\/copacabana-de\/\">copACABana<\/a> gewidmet \u2013 einem imagin\u00e4ren Ort, an dem alle Tr\u00e4ume von Ultras wahr werden! Goldener Sand, blaues Meer, jede Menge k\u00fchles <a href=\"https:\/\/pgwear.net\/de\/feature\/thema-bier\/\">Bier<\/a> und leckere Cocktails, hei\u00dfe M\u00e4dchen und keine Feinde \u2013 ein gro\u00dfartiger Ort zum Entspannen f\u00fcr jeden Fu\u00dfballfan!<\/p>\n","protected":false},"excerpt":{"rendered":"<p>Die PGWEAR-Sommerkapselkollektion ist copACABana gewidmet \u2013 einem imagin\u00e4ren Ort, an dem alle Tr\u00e4ume von Ultras wahr werden!<\/p>\n","protected":false},"featured_media":141463,"template":"","meta":{"_acf_changed":false},"product_brand":[],"product_cat":[660,658],"product_tag":[3616],"class_list":{"0":"post-135314","1":"product","2":"type-product","3":"status-publish","4":"has-post-thumbnail","6":"product_cat-t-shirts-de","7":"product_cat-neuheiten","8":"product_tag-summer-capsule-de","9":"pa_kolor-weiss","10":"pa_rozmiar-l-de","11":"pa_rozmiar-m-de-2","12":"pa_rozmiar-s-de","13":"pa_rozmiar-xl-de","14":"pa_rozmiar-xxl-de","15":"pa_rozmiar-xxxl-de","16":"feature-acab-de","17":"feature-balaclava-motiv","18":"feature-copacabana-de","19":"feature-thema-bier","21":"first","22":"instock","23":"taxable","24":"shipping-taxable","25":"purchasable","26":"product-type-variable"},"acf":[],"_links":{"self":[{"href":"https:\/\/pgwear.net\/de\/wp-json\/wp\/v2\/product\/135314","targetHints":{"allow":["GET"]}}],"collection":[{"href":"https:\/\/pgwear.net\/de\/wp-json\/wp\/v2\/product"}],"about":[{"href":"https:\/\/pgwear.net\/de\/wp-json\/wp\/v2\/types\/product"}],"wp:featuredmedia":[{"embeddable":true,"href":"https:\/\/pgwear.net\/de\/wp-json\/wp\/v2\/media\/141463"}],"wp:attachment":[{"href":"https:\/\/pgwear.net\/de\/wp-json\/wp\/v2\/media?parent=135314"}],"wp:term":[{"taxonomy":"product_brand","embeddable":true,"href":"https:\/\/pgwear.net\/de\/wp-json\/wp\/v2\/product_brand?post=135314"},{"taxonomy":"product_cat","embeddable":true,"href":"https:\/\/pgwear.net\/de\/wp-json\/wp\/v2\/product_cat?post=135314"},{"taxonomy":"product_tag","embeddable":true,"href":"https:\/\/pgwear.net\/de\/wp-json\/wp\/v2\/product_tag?post=135314"}],"curies":[{"name":"wp","href":"https:\/\/api.w.org\/{rel}","templated":true}]}}