{"id":135321,"date":"2024-02-06T09:34:15","date_gmt":"2024-02-06T08:34:15","guid":{"rendered":"https:\/\/pgwear.net\/p\/t-shirt-escape-blau\/"},"modified":"2026-03-20T14:22:32","modified_gmt":"2026-03-20T13:22:32","slug":"t-shirt-escape-blau","status":"publish","type":"product","link":"https:\/\/pgwear.net\/de\/p\/t-shirt-escape-blau\/","title":{"rendered":"T-shirt &#8220;Escape&#8221; Blau"},"content":{"rendered":"<p>Die PGWEAR-Sommerkapselkollektion ist <a href=\"https:\/\/pgwear.net\/feature\/copacabana-de\/\">copACABana<\/a> gewidmet \u2013 einem imagin\u00e4ren Ort, an dem alle Tr\u00e4ume von Ultras wahr werden! Goldener Sand, blaues Meer, jede Menge k\u00fchles <a href=\"https:\/\/pgwear.net\/feature\/thema-bier\/\">Bier<\/a> und leckere Cocktails, hei\u00dfe M\u00e4dchen und keine Feinde \u2013 ein gro\u00dfartiger Ort zum Entspannen f\u00fcr jeden Fu\u00dfballfan!<\/p>\n","protected":false},"excerpt":{"rendered":"<p>Die PGWEAR-Sommerkapselkollektion ist copACABana gewidmet \u2013 einem imagin\u00e4ren Ort, an dem alle Tr\u00e4ume von Ultras wahr werden!<\/p>\n","protected":false},"featured_media":143732,"template":"","meta":{"_acf_changed":false},"product_brand":[],"product_cat":[658,660],"product_tag":[3841],"class_list":{"0":"post-135321","1":"product","2":"type-product","3":"status-publish","4":"has-post-thumbnail","6":"product_cat-neuheiten","7":"product_cat-t-shirts-de","8":"product_tag-blue-monday","9":"pa_gramatura-180-gr-m2-de","10":"pa_kolekcja-fruhling-sommer-2024","11":"pa_kolor-blau","12":"pa_kroj-klassisch","13":"pa_material-100-baumwolle-de-2","14":"pa_nadruk-aufdruck-links-auf-der-brust","15":"pa_nadruk-grosser-rueckenaufdruck","16":"pa_rozmiar-l-de","17":"pa_rozmiar-m-de-2","18":"pa_rozmiar-s-de","19":"pa_rozmiar-xl-de","20":"pa_rozmiar-xxl-de","21":"pa_rozmiar-xxxl-de","22":"feature-acab-de","23":"feature-balaclava-motiv","24":"feature-copacabana-de","25":"feature-thema-bier","27":"first","28":"instock","29":"taxable","30":"shipping-taxable","31":"purchasable","32":"product-type-variable"},"acf":[],"_links":{"self":[{"href":"https:\/\/pgwear.net\/de\/wp-json\/wp\/v2\/product\/135321","targetHints":{"allow":["GET"]}}],"collection":[{"href":"https:\/\/pgwear.net\/de\/wp-json\/wp\/v2\/product"}],"about":[{"href":"https:\/\/pgwear.net\/de\/wp-json\/wp\/v2\/types\/product"}],"wp:featuredmedia":[{"embeddable":true,"href":"https:\/\/pgwear.net\/de\/wp-json\/wp\/v2\/media\/143732"}],"wp:attachment":[{"href":"https:\/\/pgwear.net\/de\/wp-json\/wp\/v2\/media?parent=135321"}],"wp:term":[{"taxonomy":"product_brand","embeddable":true,"href":"https:\/\/pgwear.net\/de\/wp-json\/wp\/v2\/product_brand?post=135321"},{"taxonomy":"product_cat","embeddable":true,"href":"https:\/\/pgwear.net\/de\/wp-json\/wp\/v2\/product_cat?post=135321"},{"taxonomy":"product_tag","embeddable":true,"href":"https:\/\/pgwear.net\/de\/wp-json\/wp\/v2\/product_tag?post=135321"}],"curies":[{"name":"wp","href":"https:\/\/api.w.org\/{rel}","templated":true}]}}