{"id":135394,"date":"2024-02-06T09:34:07","date_gmt":"2024-02-06T08:34:07","guid":{"rendered":"https:\/\/pgwear.net\/p\/t-shirt-beach-schwarz\/"},"modified":"2026-02-26T10:12:07","modified_gmt":"2026-02-26T09:12:07","slug":"t-shirt-beach-schwarz","status":"publish","type":"product","link":"https:\/\/pgwear.net\/de\/p\/t-shirt-beach-schwarz\/","title":{"rendered":"T-shirt &#8220;Beach&#8221; Schwarz"},"content":{"rendered":"<p>Die PGWEAR-Sommerkapselkollektion ist <a href=\"https:\/\/pgwear.net\/de\/feature\/copacabana-de\/\">copACABana<\/a> gewidmet \u2013 einem imagin\u00e4ren Ort, an dem alle Tr\u00e4ume von Ultras wahr werden! Goldener Sand, blaues Meer, jede Menge k\u00fchles <a href=\"https:\/\/pgwear.net\/de\/feature\/thema-bier\/\">Bier<\/a> und leckere Cocktails, hei\u00dfe M\u00e4dels und keine Feinde \u2013 das ist der Ort, an dem wir unseren Urlaub verbringen wollen! Halte deine Bordkarte bereit, bevor du einsteigst!<\/p>\n","protected":false},"excerpt":{"rendered":"<p>Die PGWEAR-Sommerkapselkollektion ist copACABana gewidmet \u2013 einem imagin\u00e4ren Ort, an dem alle Tr\u00e4ume von Ultras wahr werden!<\/p>\n","protected":false},"featured_media":141525,"template":"","meta":{"_acf_changed":false},"product_brand":[],"product_cat":[660,658],"product_tag":[3279,3616],"class_list":{"0":"post-135394","1":"product","2":"type-product","3":"status-publish","4":"has-post-thumbnail","6":"product_cat-t-shirts-de","7":"product_cat-neuheiten","8":"product_tag-letzte-chance","9":"product_tag-summer-capsule-de","10":"pa_kolor-schwarz","11":"pa_rozmiar-l-de","12":"pa_rozmiar-m-de-2","13":"pa_rozmiar-s-de","14":"pa_rozmiar-xl-de","15":"pa_rozmiar-xxl-de","16":"pa_rozmiar-xxxl-de","17":"feature-acab-de","18":"feature-balaclava-motiv","19":"feature-copacabana-de","20":"feature-thema-bier","22":"first","23":"outofstock","24":"taxable","25":"shipping-taxable","26":"product-type-variable"},"acf":[],"_links":{"self":[{"href":"https:\/\/pgwear.net\/de\/wp-json\/wp\/v2\/product\/135394","targetHints":{"allow":["GET"]}}],"collection":[{"href":"https:\/\/pgwear.net\/de\/wp-json\/wp\/v2\/product"}],"about":[{"href":"https:\/\/pgwear.net\/de\/wp-json\/wp\/v2\/types\/product"}],"wp:featuredmedia":[{"embeddable":true,"href":"https:\/\/pgwear.net\/de\/wp-json\/wp\/v2\/media\/141525"}],"wp:attachment":[{"href":"https:\/\/pgwear.net\/de\/wp-json\/wp\/v2\/media?parent=135394"}],"wp:term":[{"taxonomy":"product_brand","embeddable":true,"href":"https:\/\/pgwear.net\/de\/wp-json\/wp\/v2\/product_brand?post=135394"},{"taxonomy":"product_cat","embeddable":true,"href":"https:\/\/pgwear.net\/de\/wp-json\/wp\/v2\/product_cat?post=135394"},{"taxonomy":"product_tag","embeddable":true,"href":"https:\/\/pgwear.net\/de\/wp-json\/wp\/v2\/product_tag?post=135394"}],"curies":[{"name":"wp","href":"https:\/\/api.w.org\/{rel}","templated":true}]}}