{"id":135439,"date":"2024-02-06T09:34:02","date_gmt":"2024-02-06T08:34:02","guid":{"rendered":"https:\/\/pgwear.net\/p\/t-shirt-alcoholidays-schwarz\/"},"modified":"2026-02-05T14:36:19","modified_gmt":"2026-02-05T13:36:19","slug":"t-shirt-alcoholidays-schwarz","status":"publish","type":"product","link":"https:\/\/pgwear.net\/de\/p\/t-shirt-alcoholidays-schwarz\/","title":{"rendered":"T-shirt &#8220;Alcoholidays&#8221; Schwarz"},"content":{"rendered":"<p><a href=\"https:\/\/pgwear.net\/de\/feature\/thema-bier\/\">Bier<\/a> ist in der Fu\u00dfballkultur nicht einfach nur ein Getr\u00e4nk! Damit verbunden sind erlebnisreiche <a href=\"https:\/\/pgwear.net\/de\/feature\/awayday-de\/\">Ausw\u00e4rtstage<\/a>, Freude auf der Trib\u00fcne nach dem Tor, endlose Stunden mit treuen Freunden in der Kneipe \u2026 Ohne Bier kann kein Urlaub gelingen! Wir vertrauen auf Bier \u2013 genie\u00dfe deinen Alkoholurlaub!<\/p>\n","protected":false},"excerpt":{"rendered":"<p>Bier ist in der Fu\u00dfballkultur nicht einfach nur ein Getr\u00e4nk! Damit verbunden sind erlebnisreiche Ausw\u00e4rtstage, Freude auf der Trib\u00fcne nach dem Tor, endlose Stunden mit treuen Freunden in der Kneipe \u2026<\/p>\n","protected":false},"featured_media":141553,"template":"","meta":{"_acf_changed":false},"product_brand":[],"product_cat":[660,658],"product_tag":[3279,3616],"class_list":{"0":"post-135439","1":"product","2":"type-product","3":"status-publish","4":"has-post-thumbnail","6":"product_cat-t-shirts-de","7":"product_cat-neuheiten","8":"product_tag-letzte-chance","9":"product_tag-summer-capsule-de","10":"pa_kolor-schwarz","11":"pa_rozmiar-l-de","12":"pa_rozmiar-m-de-2","13":"pa_rozmiar-s-de","14":"pa_rozmiar-xl-de","15":"pa_rozmiar-xxl-de","16":"pa_rozmiar-xxxl-de","17":"feature-balaclava-motiv","18":"feature-thema-bier","20":"first","21":"instock","22":"sale","23":"taxable","24":"shipping-taxable","25":"purchasable","26":"product-type-variable"},"acf":[],"_links":{"self":[{"href":"https:\/\/pgwear.net\/de\/wp-json\/wp\/v2\/product\/135439","targetHints":{"allow":["GET"]}}],"collection":[{"href":"https:\/\/pgwear.net\/de\/wp-json\/wp\/v2\/product"}],"about":[{"href":"https:\/\/pgwear.net\/de\/wp-json\/wp\/v2\/types\/product"}],"wp:featuredmedia":[{"embeddable":true,"href":"https:\/\/pgwear.net\/de\/wp-json\/wp\/v2\/media\/141553"}],"wp:attachment":[{"href":"https:\/\/pgwear.net\/de\/wp-json\/wp\/v2\/media?parent=135439"}],"wp:term":[{"taxonomy":"product_brand","embeddable":true,"href":"https:\/\/pgwear.net\/de\/wp-json\/wp\/v2\/product_brand?post=135439"},{"taxonomy":"product_cat","embeddable":true,"href":"https:\/\/pgwear.net\/de\/wp-json\/wp\/v2\/product_cat?post=135439"},{"taxonomy":"product_tag","embeddable":true,"href":"https:\/\/pgwear.net\/de\/wp-json\/wp\/v2\/product_tag?post=135439"}],"curies":[{"name":"wp","href":"https:\/\/api.w.org\/{rel}","templated":true}]}}