{"id":139121,"date":"2024-02-28T08:23:19","date_gmt":"2024-02-28T07:23:19","guid":{"rendered":"https:\/\/pgwear.net\/p\/full-face-kapuzenpullover-striker-no-respect-navy\/"},"modified":"2026-02-04T21:14:23","modified_gmt":"2026-02-04T20:14:23","slug":"full-face-kapuzenpullover-striker-no-respect-navy","status":"publish","type":"product","link":"https:\/\/pgwear.net\/de\/p\/full-face-kapuzenpullover-striker-no-respect-navy\/","title":{"rendered":"Full Face Kapuzenpullover &#8220;Striker&#8221; No Respect Navy"},"content":{"rendered":"<p>Legend\u00e4rer <a href=\"https:\/\/pgwear.net\/de\/tag\/no-respect-de\/\">NO RESPECT<\/a> Zip-Hoodie mit eingen\u00e4hter Sturmhaube im Kragen und ger\u00e4umiger Tasche auf der Vorderseite. Hergestellt aus den <a href=\"https:\/\/pgwear.net\/de\/material\/100-baumwolle-de-2\/\">hochwertigsten Materialien<\/a> mit Liebe zum Detail! Egal wohin du gehst, mit diesem Produkt bleibst du sowohl auf der Stra\u00dfe als auch im Stadion vor Polizei und CCTV-Kameras anonym! Erh\u00e4ltlich in sechs Farbversionen.<\/p>\n","protected":false},"excerpt":{"rendered":"<p>Legend\u00e4rer NO RESPECT Zip-Hoodie mit eingen\u00e4hter Sturmhaube im Kragen und ger\u00e4umiger Tasche auf der Vorderseite. Hergestellt aus Materialien h\u00f6chster Qualit\u00e4t mit Liebe zum Detail!<\/p>\n","protected":false},"featured_media":139088,"template":"","meta":{"_acf_changed":false},"product_brand":[],"product_cat":[610,3561,3563,658],"product_tag":[3279,1976],"class_list":{"0":"post-139121","1":"product","2":"type-product","3":"status-publish","4":"has-post-thumbnail","6":"product_cat-sweatshirts","7":"product_cat-kapuzenpullover","8":"product_cat-kapuzenpullover-mit-sturmhaube","9":"product_cat-neuheiten","10":"product_tag-letzte-chance","11":"product_tag-no-respect-de","12":"pa_gramatura-340-gr-m2-de","13":"pa_kolor-schwarz","14":"pa_kroj-klassisch","15":"pa_material-100-baumwolle-de-2","16":"pa_rozmiar-l-de","17":"pa_rozmiar-m-de-2","18":"pa_rozmiar-s-de","19":"pa_rozmiar-xl-de","20":"pa_rozmiar-xxl-de","21":"pa_rozmiar-xxxl-de","22":"feature-grose-tasche","23":"feature-integrierte-sturmhaube","25":"first","26":"outofstock","27":"taxable","28":"shipping-taxable","29":"product-type-variable"},"acf":[],"_links":{"self":[{"href":"https:\/\/pgwear.net\/de\/wp-json\/wp\/v2\/product\/139121","targetHints":{"allow":["GET"]}}],"collection":[{"href":"https:\/\/pgwear.net\/de\/wp-json\/wp\/v2\/product"}],"about":[{"href":"https:\/\/pgwear.net\/de\/wp-json\/wp\/v2\/types\/product"}],"wp:featuredmedia":[{"embeddable":true,"href":"https:\/\/pgwear.net\/de\/wp-json\/wp\/v2\/media\/139088"}],"wp:attachment":[{"href":"https:\/\/pgwear.net\/de\/wp-json\/wp\/v2\/media?parent=139121"}],"wp:term":[{"taxonomy":"product_brand","embeddable":true,"href":"https:\/\/pgwear.net\/de\/wp-json\/wp\/v2\/product_brand?post=139121"},{"taxonomy":"product_cat","embeddable":true,"href":"https:\/\/pgwear.net\/de\/wp-json\/wp\/v2\/product_cat?post=139121"},{"taxonomy":"product_tag","embeddable":true,"href":"https:\/\/pgwear.net\/de\/wp-json\/wp\/v2\/product_tag?post=139121"}],"curies":[{"name":"wp","href":"https:\/\/api.w.org\/{rel}","templated":true}]}}