{"id":14028,"date":"2022-01-26T14:57:11","date_gmt":"2022-01-26T13:57:11","guid":{"rendered":"https:\/\/dev.pgwear.net\/p\/neck-cover-bg\/"},"modified":"2026-03-15T11:12:37","modified_gmt":"2026-03-15T10:12:37","slug":"neck-cover-blau-gelb","status":"publish","type":"product","link":"https:\/\/pgwear.net\/de\/p\/neck-cover-blau-gelb\/","title":{"rendered":"Neck Cover Blau\/Gelb"},"content":{"rendered":"<p>Ein unersetzliches Kleidungsst\u00fcck sowohl f\u00fcr die Stra\u00dfe als auch f\u00fcrs Stadion! Hergestellt von PGWEAR CUSTOMS aus den hochwertigsten Materialien.<\/p>\n","protected":false},"excerpt":{"rendered":"<p>Hergestellt von PGWEAR CUSTOMS aus den hochwertigsten Materialien.<\/p>\n","protected":false},"featured_media":14017,"template":"","meta":{"_acf_changed":false},"product_brand":[],"product_cat":[3577,654],"product_tag":[3841],"class_list":{"0":"post-14028","1":"product","2":"type-product","3":"status-publish","4":"has-post-thumbnail","6":"product_cat-neck-cover","7":"product_cat-sturmhauben","8":"product_tag-blue-monday","9":"pa_gramatura-180-gr-m2-de","10":"pa_kolor-gelb-blau","11":"pa_material-4-lycra-de","12":"pa_material-96-baumwolle","13":"feature-halswarmer","15":"first","16":"instock","17":"taxable","18":"shipping-taxable","19":"purchasable","20":"product-type-simple"},"acf":[],"_links":{"self":[{"href":"https:\/\/pgwear.net\/de\/wp-json\/wp\/v2\/product\/14028","targetHints":{"allow":["GET"]}}],"collection":[{"href":"https:\/\/pgwear.net\/de\/wp-json\/wp\/v2\/product"}],"about":[{"href":"https:\/\/pgwear.net\/de\/wp-json\/wp\/v2\/types\/product"}],"wp:featuredmedia":[{"embeddable":true,"href":"https:\/\/pgwear.net\/de\/wp-json\/wp\/v2\/media\/14017"}],"wp:attachment":[{"href":"https:\/\/pgwear.net\/de\/wp-json\/wp\/v2\/media?parent=14028"}],"wp:term":[{"taxonomy":"product_brand","embeddable":true,"href":"https:\/\/pgwear.net\/de\/wp-json\/wp\/v2\/product_brand?post=14028"},{"taxonomy":"product_cat","embeddable":true,"href":"https:\/\/pgwear.net\/de\/wp-json\/wp\/v2\/product_cat?post=14028"},{"taxonomy":"product_tag","embeddable":true,"href":"https:\/\/pgwear.net\/de\/wp-json\/wp\/v2\/product_tag?post=14028"}],"curies":[{"name":"wp","href":"https:\/\/api.w.org\/{rel}","templated":true}]}}