{"id":141310,"date":"2024-03-11T09:58:25","date_gmt":"2024-03-11T08:58:25","guid":{"rendered":"https:\/\/pgwear.net\/p\/full-face-kapuzenpullover-striker-no-respect-burgundy-grey\/"},"modified":"2026-03-26T16:00:22","modified_gmt":"2026-03-26T15:00:22","slug":"full-face-kapuzenpullover-striker-no-respect-burgundy-grey","status":"publish","type":"product","link":"https:\/\/pgwear.net\/de\/p\/full-face-kapuzenpullover-striker-no-respect-burgundy-grey\/","title":{"rendered":"Full Face Kapuzenpullover \u201cStriker\u201d No Respect Burgundy\/Grey"},"content":{"rendered":"<p>Legend\u00e4rer <a href=\"https:\/\/pgwear.net\/de\/tag\/no-respect-de\/\">NO RESPECT<\/a> <a href=\"https:\/\/pgwear.net\/de\/c\/sweatshirts\/\">Zip-Hoodie<\/a> <a href=\"https:\/\/pgwear.net\/de\/feature\/integrierte-sturmhaube\/\">mit eingen\u00e4hter Sturmhaube im Kragen<\/a> und <a href=\"https:\/\/pgwear.net\/de\/feature\/grose-tasche\/\">ger\u00e4umiger Tasche<\/a> auf der Vorderseite Hergestellt aus Materialien h\u00f6chster Qualit\u00e4t mit Liebe zum Detail! Egal wohin du gehst, mit diesem Produkt bleibst du sowohl auf der Stra\u00dfe als auch im Stadion vor Polizei und CCTV-Kameras anonym! Erh\u00e4ltlich in sechs Farbversionen.<\/p>\n","protected":false},"excerpt":{"rendered":"<p>Legend\u00e4rer NO RESPECT Zip-Hoodie mit eingen\u00e4hter Sturmhaube im Kragen und ger\u00e4umiger Tasche auf der Vorderseite. Hergestellt aus Materialien h\u00f6chster Qualit\u00e4t mit Liebe zum Detail!<\/p>\n","protected":false},"featured_media":141286,"template":"","meta":{"_acf_changed":false},"product_brand":[],"product_cat":[3561,3563,658,610],"product_tag":[3841,3279,1976],"class_list":{"0":"post-141310","1":"product","2":"type-product","3":"status-publish","4":"has-post-thumbnail","6":"product_cat-kapuzenpullover","7":"product_cat-kapuzenpullover-mit-sturmhaube","8":"product_cat-neuheiten","9":"product_cat-sweatshirts","10":"product_tag-blue-monday","11":"product_tag-letzte-chance","12":"product_tag-no-respect-de","13":"pa_gramatura-340-gr-m2-de","14":"pa_kolor-burgundy-grey","15":"pa_kroj-klassisch","16":"pa_material-100-baumwolle-de-2","17":"pa_rozmiar-l-de","18":"pa_rozmiar-m-de-2","19":"pa_rozmiar-s-de","20":"pa_rozmiar-xl-de","21":"pa_rozmiar-xxl-de","22":"pa_rozmiar-xxxl-de","24":"first","25":"instock","26":"sale","27":"taxable","28":"shipping-taxable","29":"purchasable","30":"product-type-variable"},"acf":[],"_links":{"self":[{"href":"https:\/\/pgwear.net\/de\/wp-json\/wp\/v2\/product\/141310","targetHints":{"allow":["GET"]}}],"collection":[{"href":"https:\/\/pgwear.net\/de\/wp-json\/wp\/v2\/product"}],"about":[{"href":"https:\/\/pgwear.net\/de\/wp-json\/wp\/v2\/types\/product"}],"wp:featuredmedia":[{"embeddable":true,"href":"https:\/\/pgwear.net\/de\/wp-json\/wp\/v2\/media\/141286"}],"wp:attachment":[{"href":"https:\/\/pgwear.net\/de\/wp-json\/wp\/v2\/media?parent=141310"}],"wp:term":[{"taxonomy":"product_brand","embeddable":true,"href":"https:\/\/pgwear.net\/de\/wp-json\/wp\/v2\/product_brand?post=141310"},{"taxonomy":"product_cat","embeddable":true,"href":"https:\/\/pgwear.net\/de\/wp-json\/wp\/v2\/product_cat?post=141310"},{"taxonomy":"product_tag","embeddable":true,"href":"https:\/\/pgwear.net\/de\/wp-json\/wp\/v2\/product_tag?post=141310"}],"curies":[{"name":"wp","href":"https:\/\/api.w.org\/{rel}","templated":true}]}}