{"id":141764,"date":"2024-03-12T09:13:50","date_gmt":"2024-03-12T08:13:50","guid":{"rendered":"https:\/\/pgwear.net\/p\/t-shirt-good-mate-schwarz\/"},"modified":"2026-02-18T18:49:22","modified_gmt":"2026-02-18T17:49:22","slug":"t-shirt-good-mate-schwarz","status":"publish","type":"product","link":"https:\/\/pgwear.net\/de\/p\/t-shirt-good-mate-schwarz\/","title":{"rendered":"T-shirt &#8220;Good Mate&#8221; Schwarz"},"content":{"rendered":"<p>Dieses l\u00e4ssige <a href=\"https:\/\/pgwear.net\/de\/c\/t-shirts-de\/\">T-shirt<\/a> von PGWEAR verf\u00fcgt \u00fcber ein verstecktes Detail auf der Brustseite. Der Ultras Mate (als Jacquard-Aufn\u00e4her gefertigt) kommt aus der Tasche! Trage dieses Produkt stolz \u00fcberall, besonders auf der Stra\u00dfe und im Stadion! Dieses T-shit ist in drei Farben erh\u00e4ltlich und eine davon hat eine <a href=\"https:\/\/pgwear.net\/de\/feature\/pyro-thema\/\">mit Pyro-Print<\/a> verzierte Tasche!<\/p>\n","protected":false},"excerpt":{"rendered":"<p>Dieses l\u00e4ssige T-shirt von PGWEAR verf\u00fcgt \u00fcber ein verstecktes Detail auf der Brustseite. Der Ultras Mate (als Jacquard-Aufn\u00e4her gefertigt) kommt aus der Tasche!<\/p>\n","protected":false},"featured_media":141725,"template":"","meta":{"_acf_changed":false},"product_brand":[],"product_cat":[660,3611],"product_tag":[3279],"class_list":{"0":"post-141764","1":"product","2":"type-product","3":"status-publish","4":"has-post-thumbnail","6":"product_cat-t-shirts-de","7":"product_cat-casual-de","8":"product_tag-letzte-chance","9":"pa_gramatura-180-gr-m2-de","10":"pa_kolekcja-fruhling-sommer-2024","11":"pa_kolor-schwarz","12":"pa_material-100-baumwolle-de-2","13":"pa_rozmiar-l-de","14":"pa_rozmiar-m-de-2","15":"pa_rozmiar-s-de","16":"pa_rozmiar-xl-de","17":"pa_rozmiar-xxl-de","18":"pa_rozmiar-xxxl-de","20":"first","21":"outofstock","22":"taxable","23":"shipping-taxable","24":"product-type-variable"},"acf":[],"_links":{"self":[{"href":"https:\/\/pgwear.net\/de\/wp-json\/wp\/v2\/product\/141764","targetHints":{"allow":["GET"]}}],"collection":[{"href":"https:\/\/pgwear.net\/de\/wp-json\/wp\/v2\/product"}],"about":[{"href":"https:\/\/pgwear.net\/de\/wp-json\/wp\/v2\/types\/product"}],"wp:featuredmedia":[{"embeddable":true,"href":"https:\/\/pgwear.net\/de\/wp-json\/wp\/v2\/media\/141725"}],"wp:attachment":[{"href":"https:\/\/pgwear.net\/de\/wp-json\/wp\/v2\/media?parent=141764"}],"wp:term":[{"taxonomy":"product_brand","embeddable":true,"href":"https:\/\/pgwear.net\/de\/wp-json\/wp\/v2\/product_brand?post=141764"},{"taxonomy":"product_cat","embeddable":true,"href":"https:\/\/pgwear.net\/de\/wp-json\/wp\/v2\/product_cat?post=141764"},{"taxonomy":"product_tag","embeddable":true,"href":"https:\/\/pgwear.net\/de\/wp-json\/wp\/v2\/product_tag?post=141764"}],"curies":[{"name":"wp","href":"https:\/\/api.w.org\/{rel}","templated":true}]}}