{"id":14542,"date":"2022-01-26T14:57:21","date_gmt":"2022-01-26T13:57:21","guid":{"rendered":"https:\/\/dev.pgwear.net\/p\/checked-mask\/"},"modified":"2025-11-05T18:17:02","modified_gmt":"2025-11-05T17:17:02","slug":"aw20-checked-mask","status":"publish","type":"product","link":"https:\/\/pgwear.net\/de\/p\/aw20-checked-mask\/","title":{"rendered":"&#8220;Checked&#8221; Mask"},"content":{"rendered":"<p>Ein unersetzliches Kleidungsst\u00fcck sowohl f\u00fcr die Stra\u00dfe als auch f\u00fcrs Stadion! Hergestellt von PGWEAR CUSTOMS aus den hochwertigsten Materialien.<\/p>\n","protected":false},"excerpt":{"rendered":"<p>Hergestellt von PGWEAR CUSTOMS aus den hochwertigsten Materialien.<\/p>\n","protected":false},"featured_media":14537,"template":"","meta":{"_acf_changed":false},"product_brand":[],"product_cat":[502,3541],"product_tag":[2839],"class_list":{"0":"post-14542","1":"product","2":"type-product","3":"status-publish","4":"has-post-thumbnail","6":"product_cat-accessories-de","7":"product_cat-andere","8":"product_tag-sale-de","9":"pa_material-100-polyester-de-3","10":"feature-mask-de","12":"first","13":"instock","14":"sale","15":"taxable","16":"shipping-taxable","17":"purchasable","18":"product-type-simple"},"acf":[],"_links":{"self":[{"href":"https:\/\/pgwear.net\/de\/wp-json\/wp\/v2\/product\/14542","targetHints":{"allow":["GET"]}}],"collection":[{"href":"https:\/\/pgwear.net\/de\/wp-json\/wp\/v2\/product"}],"about":[{"href":"https:\/\/pgwear.net\/de\/wp-json\/wp\/v2\/types\/product"}],"wp:featuredmedia":[{"embeddable":true,"href":"https:\/\/pgwear.net\/de\/wp-json\/wp\/v2\/media\/14537"}],"wp:attachment":[{"href":"https:\/\/pgwear.net\/de\/wp-json\/wp\/v2\/media?parent=14542"}],"wp:term":[{"taxonomy":"product_brand","embeddable":true,"href":"https:\/\/pgwear.net\/de\/wp-json\/wp\/v2\/product_brand?post=14542"},{"taxonomy":"product_cat","embeddable":true,"href":"https:\/\/pgwear.net\/de\/wp-json\/wp\/v2\/product_cat?post=14542"},{"taxonomy":"product_tag","embeddable":true,"href":"https:\/\/pgwear.net\/de\/wp-json\/wp\/v2\/product_tag?post=14542"}],"curies":[{"name":"wp","href":"https:\/\/api.w.org\/{rel}","templated":true}]}}