{"id":14592,"date":"2022-01-26T14:57:21","date_gmt":"2022-01-26T13:57:21","guid":{"rendered":"https:\/\/dev.pgwear.net\/p\/neck-cover-double-face\/"},"modified":"2025-12-24T09:43:00","modified_gmt":"2025-12-24T08:43:00","slug":"neck-cover-double-face","status":"publish","type":"product","link":"https:\/\/pgwear.net\/de\/p\/neck-cover-double-face\/","title":{"rendered":"Neck Cover Double Face"},"content":{"rendered":"<p>Ein unersetzliches Kleidungsst\u00fcck sowohl f\u00fcr die Stra\u00dfe als auch f\u00fcrs Stadion! Hergestellt von PGWEAR CUSTOMS aus den hochwertigsten Materialien.<\/p>\n","protected":false},"excerpt":{"rendered":"<p>Hergestellt von PGWEAR CUSTOMS aus den hochwertigsten Materialien.<\/p>\n","protected":false},"featured_media":14584,"template":"","meta":{"_acf_changed":false},"product_brand":[],"product_cat":[3577,654],"product_tag":[],"class_list":{"0":"post-14592","1":"product","2":"type-product","3":"status-publish","4":"has-post-thumbnail","6":"product_cat-neck-cover","7":"product_cat-sturmhauben","8":"pa_kolor-beige-de","9":"pa_material-100-polyester-de-3","10":"feature-fullprint-sturmhaube","12":"first","13":"instock","14":"taxable","15":"shipping-taxable","16":"purchasable","17":"product-type-simple"},"acf":[],"_links":{"self":[{"href":"https:\/\/pgwear.net\/de\/wp-json\/wp\/v2\/product\/14592","targetHints":{"allow":["GET"]}}],"collection":[{"href":"https:\/\/pgwear.net\/de\/wp-json\/wp\/v2\/product"}],"about":[{"href":"https:\/\/pgwear.net\/de\/wp-json\/wp\/v2\/types\/product"}],"wp:featuredmedia":[{"embeddable":true,"href":"https:\/\/pgwear.net\/de\/wp-json\/wp\/v2\/media\/14584"}],"wp:attachment":[{"href":"https:\/\/pgwear.net\/de\/wp-json\/wp\/v2\/media?parent=14592"}],"wp:term":[{"taxonomy":"product_brand","embeddable":true,"href":"https:\/\/pgwear.net\/de\/wp-json\/wp\/v2\/product_brand?post=14592"},{"taxonomy":"product_cat","embeddable":true,"href":"https:\/\/pgwear.net\/de\/wp-json\/wp\/v2\/product_cat?post=14592"},{"taxonomy":"product_tag","embeddable":true,"href":"https:\/\/pgwear.net\/de\/wp-json\/wp\/v2\/product_tag?post=14592"}],"curies":[{"name":"wp","href":"https:\/\/api.w.org\/{rel}","templated":true}]}}