{"id":14745,"date":"2022-01-26T14:57:12","date_gmt":"2022-01-26T13:57:12","guid":{"rendered":"https:\/\/dev.pgwear.net\/p\/gutschein-100\/"},"modified":"2025-12-11T20:51:41","modified_gmt":"2025-12-11T19:51:41","slug":"geschenkkarte-100","status":"publish","type":"product","link":"https:\/\/pgwear.net\/de\/p\/geschenkkarte-100\/","title":{"rendered":"Geschenkkarte &#8220;100&#8221;"},"content":{"rendered":"<p>Elegant verpackter Geschenkgutschein in H\u00f6he Warto\u015b\u0107 &#8211; 100 pln.<br \/>\nVoucher wa\u017cny rok od daty zakupu.<\/p>\n","protected":false},"excerpt":{"rendered":"<p>Elegant verpackter Geschenkgutschein in H\u00f6he<\/p>\n","protected":false},"featured_media":15046,"template":"","meta":{"_acf_changed":false},"product_brand":[],"product_cat":[502,3535],"product_tag":[2991],"class_list":{"0":"post-14745","1":"product","2":"type-product","3":"status-publish","4":"has-post-thumbnail","6":"product_cat-accessories-de","7":"product_cat-gutscheine","8":"product_tag-geschenkkarte","10":"first","11":"instock","12":"taxable","13":"shipping-taxable","14":"purchasable","15":"product-type-simple"},"acf":[],"_links":{"self":[{"href":"https:\/\/pgwear.net\/de\/wp-json\/wp\/v2\/product\/14745","targetHints":{"allow":["GET"]}}],"collection":[{"href":"https:\/\/pgwear.net\/de\/wp-json\/wp\/v2\/product"}],"about":[{"href":"https:\/\/pgwear.net\/de\/wp-json\/wp\/v2\/types\/product"}],"wp:featuredmedia":[{"embeddable":true,"href":"https:\/\/pgwear.net\/de\/wp-json\/wp\/v2\/media\/15046"}],"wp:attachment":[{"href":"https:\/\/pgwear.net\/de\/wp-json\/wp\/v2\/media?parent=14745"}],"wp:term":[{"taxonomy":"product_brand","embeddable":true,"href":"https:\/\/pgwear.net\/de\/wp-json\/wp\/v2\/product_brand?post=14745"},{"taxonomy":"product_cat","embeddable":true,"href":"https:\/\/pgwear.net\/de\/wp-json\/wp\/v2\/product_cat?post=14745"},{"taxonomy":"product_tag","embeddable":true,"href":"https:\/\/pgwear.net\/de\/wp-json\/wp\/v2\/product_tag?post=14745"}],"curies":[{"name":"wp","href":"https:\/\/api.w.org\/{rel}","templated":true}]}}