{"id":151343,"date":"2024-05-06T09:35:00","date_gmt":"2024-05-06T07:35:00","guid":{"rendered":"https:\/\/pgwear.net\/p\/t-shirt-shoulder-no-respect-white\/"},"modified":"2026-03-20T14:22:36","modified_gmt":"2026-03-20T13:22:36","slug":"t-shirt-shoulder-no-respect-white","status":"publish","type":"product","link":"https:\/\/pgwear.net\/de\/p\/t-shirt-shoulder-no-respect-white\/","title":{"rendered":"T-shirt &#8220;Shoulder&#8221; No Respect White"},"content":{"rendered":"<p>Das minimalistische Design mit klassischer Passform f\u00fcr alle, die im Stadion anonym bleiben wollen, perfekte Passform und Qualit\u00e4t f\u00fcr alle, die auf der Stra\u00dfe stilvoll bleiben und diskret zeigen wollen, dass sie zur Ultras-Bewegung geh\u00f6ren! Darum geht es in diesem NO RESPECT T-Shirt!<\/p>\n","protected":false},"excerpt":{"rendered":"<p>Das minimalistische Design mit klassischer Passform f\u00fcr alle, die im Stadion anonym bleiben wollen, perfekte Passform und Qualit\u00e4t f\u00fcr alle, die auf der Stra\u00dfe stilvoll bleiben und diskret zeigen wollen, dass sie zur Ultras-Bewegung geh\u00f6ren! Darum geht es in diesem NO RESPECT T-Shirt!<\/p>\n","protected":false},"featured_media":151325,"template":"","meta":{"_acf_changed":false},"product_brand":[],"product_cat":[658,3613,660],"product_tag":[1976],"class_list":{"0":"post-151343","1":"product","2":"type-product","3":"status-publish","4":"has-post-thumbnail","6":"product_cat-neuheiten","7":"product_cat-no-respect-de","8":"product_cat-t-shirts-de","9":"product_tag-no-respect-de","10":"pa_gramatura-180-gr-m2-de","11":"pa_kolor-weiss","12":"pa_material-100-baumwolle-de-2","13":"pa_nadruk-druck-auf-der-ruckseite","14":"pa_rozmiar-l-de","15":"pa_rozmiar-m-de-2","16":"pa_rozmiar-s-de","17":"pa_rozmiar-xl-de","18":"pa_rozmiar-xxl-de","19":"pa_rozmiar-xxxl-de","21":"first","22":"instock","23":"taxable","24":"shipping-taxable","25":"purchasable","26":"product-type-variable"},"acf":[],"_links":{"self":[{"href":"https:\/\/pgwear.net\/de\/wp-json\/wp\/v2\/product\/151343","targetHints":{"allow":["GET"]}}],"collection":[{"href":"https:\/\/pgwear.net\/de\/wp-json\/wp\/v2\/product"}],"about":[{"href":"https:\/\/pgwear.net\/de\/wp-json\/wp\/v2\/types\/product"}],"wp:featuredmedia":[{"embeddable":true,"href":"https:\/\/pgwear.net\/de\/wp-json\/wp\/v2\/media\/151325"}],"wp:attachment":[{"href":"https:\/\/pgwear.net\/de\/wp-json\/wp\/v2\/media?parent=151343"}],"wp:term":[{"taxonomy":"product_brand","embeddable":true,"href":"https:\/\/pgwear.net\/de\/wp-json\/wp\/v2\/product_brand?post=151343"},{"taxonomy":"product_cat","embeddable":true,"href":"https:\/\/pgwear.net\/de\/wp-json\/wp\/v2\/product_cat?post=151343"},{"taxonomy":"product_tag","embeddable":true,"href":"https:\/\/pgwear.net\/de\/wp-json\/wp\/v2\/product_tag?post=151343"}],"curies":[{"name":"wp","href":"https:\/\/api.w.org\/{rel}","templated":true}]}}