{"id":151705,"date":"2024-05-06T09:34:41","date_gmt":"2024-05-06T07:34:41","guid":{"rendered":"https:\/\/pgwear.net\/p\/full-face-jacke-yakuza-no-respect-black\/"},"modified":"2026-04-10T21:16:01","modified_gmt":"2026-04-10T19:16:01","slug":"full-face-jacke-yakuza-no-respect-black","status":"publish","type":"product","link":"https:\/\/pgwear.net\/de\/p\/full-face-jacke-yakuza-no-respect-black\/","title":{"rendered":"Full Face Jacke &#8220;Yakuza&#8221; No Respect Black"},"content":{"rendered":"<p>Dieses einzigartige NO RESPECT-St\u00fcck ist perfekt f\u00fcr jeden, vom gelegentlichen Stadionbesucher bis zum Hardcore-Fu\u00dfballfan und Ultras! Diese Ultras-Jacke h\u00e4lt dich nicht nur an k\u00e4lteren oder regnerischen Tagen auf der Trib\u00fcne warm, sondern sch\u00fctzt dank der im Kragen eingen\u00e4hten Sturmhaube das Gesicht vor Polizei und CCTV!<\/p>\n","protected":false},"excerpt":{"rendered":"<p>Dieses einzigartige NO RESPECT-St\u00fcck ist perfekt f\u00fcr jeden, vom gelegentlichen Stadionbesucher bis zum Hardcore-Fu\u00dfballfan und Ultras! Diese Ultras-Jacke h\u00e4lt dich nicht nur an k\u00e4lteren oder regnerischen Tagen auf der Trib\u00fcne warm, sondern sch\u00fctzt dank der im Kragen eingen\u00e4hten Sturmhaube das Gesicht vor Polizei und CCTV!<\/p>\n","protected":false},"featured_media":151682,"template":"","meta":{"_acf_changed":false},"product_brand":[],"product_cat":[656,3585,658],"product_tag":[1976],"class_list":{"0":"post-151705","1":"product","2":"type-product","3":"status-publish","4":"has-post-thumbnail","6":"product_cat-jacken","7":"product_cat-leichte-jacken","8":"product_cat-neuheiten","9":"product_tag-no-respect-de","10":"pa_gramatura-180-gr-m2-de","11":"pa_kolor-schwarz","12":"pa_material-100-polyester-de-3","13":"pa_rozmiar-l-de","14":"pa_rozmiar-m-de-2","15":"pa_rozmiar-s-de","16":"pa_rozmiar-xl-de","17":"pa_rozmiar-xxl-de","18":"pa_rozmiar-xxxl-de","19":"feature-integrierte-sturmhaube","21":"first","22":"instock","23":"taxable","24":"shipping-taxable","25":"purchasable","26":"product-type-variable"},"acf":[],"_links":{"self":[{"href":"https:\/\/pgwear.net\/de\/wp-json\/wp\/v2\/product\/151705","targetHints":{"allow":["GET"]}}],"collection":[{"href":"https:\/\/pgwear.net\/de\/wp-json\/wp\/v2\/product"}],"about":[{"href":"https:\/\/pgwear.net\/de\/wp-json\/wp\/v2\/types\/product"}],"wp:featuredmedia":[{"embeddable":true,"href":"https:\/\/pgwear.net\/de\/wp-json\/wp\/v2\/media\/151682"}],"wp:attachment":[{"href":"https:\/\/pgwear.net\/de\/wp-json\/wp\/v2\/media?parent=151705"}],"wp:term":[{"taxonomy":"product_brand","embeddable":true,"href":"https:\/\/pgwear.net\/de\/wp-json\/wp\/v2\/product_brand?post=151705"},{"taxonomy":"product_cat","embeddable":true,"href":"https:\/\/pgwear.net\/de\/wp-json\/wp\/v2\/product_cat?post=151705"},{"taxonomy":"product_tag","embeddable":true,"href":"https:\/\/pgwear.net\/de\/wp-json\/wp\/v2\/product_tag?post=151705"}],"curies":[{"name":"wp","href":"https:\/\/api.w.org\/{rel}","templated":true}]}}