{"id":153305,"date":"2024-05-14T12:40:20","date_gmt":"2024-05-14T10:40:20","guid":{"rendered":"https:\/\/pgwear.net\/p\/fussball-trikot-euro-pl\/"},"modified":"2026-02-05T09:47:48","modified_gmt":"2026-02-05T08:47:48","slug":"fussball-trikot-euro-pl","status":"publish","type":"product","link":"https:\/\/pgwear.net\/de\/p\/fussball-trikot-euro-pl\/","title":{"rendered":"Fu\u00dfball Trikot &#8220;Euro PL&#8221;"},"content":{"rendered":"<p>Liebst du Fu\u00dfball?. Hasst du Polizisten? Du denkst, dass Pyrotechnik kein Verbrechen ist? Unterst\u00fctzt du deinen Verein und deine Nationalmannschaft? Dann bist du am richtigen Platz! Feiere EURO 2024 w\u00fcrdig und w\u00e4hle das T-Shirt in den Farben deiner Lieblingsmannschaft! Verbreite den Geist der Ultras auf der Stra\u00dfe und im Stadion w\u00e4hrend der Meisterschaft in Deutschland!<\/p>\n","protected":false},"excerpt":{"rendered":"<p>Liebst du Fu\u00dfball?. Hasst du Polizisten? Du denkst, dass Pyrotechnik kein Verbrechen ist? Unterst\u00fctzt du deinen Verein und deine Nationalmannschaft? Dann bist du am richtigen Platz! Feiere EURO 2024 w\u00fcrdig und w\u00e4hle das T-Shirt in den Farben deiner Lieblingsmannschaft! Verbreite den Geist der Ultras auf der Stra\u00dfe und im Stadion w\u00e4hrend der Meisterschaft in Deutschland!.<\/p>\n","protected":false},"featured_media":153281,"template":"","meta":{"_acf_changed":false},"product_brand":[],"product_cat":[658,660],"product_tag":[3841,3279],"class_list":{"0":"post-153305","1":"product","2":"type-product","3":"status-publish","4":"has-post-thumbnail","6":"product_cat-neuheiten","7":"product_cat-t-shirts-de","8":"product_tag-blue-monday","9":"product_tag-letzte-chance","10":"pa_gramatura-160-gr-m2-de","11":"pa_material-100-polyester-de-3","12":"pa_nadruk-aufduck-auf-der-gesamten-oberflaeche","13":"pa_rozmiar-l-de","14":"pa_rozmiar-m-de-2","15":"pa_rozmiar-s-de","16":"pa_rozmiar-xl-de","17":"feature-euro-de","18":"feature-fusballtrikot","20":"first","21":"outofstock","22":"sale","23":"taxable","24":"shipping-taxable","25":"purchasable","26":"product-type-variable"},"acf":[],"_links":{"self":[{"href":"https:\/\/pgwear.net\/de\/wp-json\/wp\/v2\/product\/153305","targetHints":{"allow":["GET"]}}],"collection":[{"href":"https:\/\/pgwear.net\/de\/wp-json\/wp\/v2\/product"}],"about":[{"href":"https:\/\/pgwear.net\/de\/wp-json\/wp\/v2\/types\/product"}],"wp:featuredmedia":[{"embeddable":true,"href":"https:\/\/pgwear.net\/de\/wp-json\/wp\/v2\/media\/153281"}],"wp:attachment":[{"href":"https:\/\/pgwear.net\/de\/wp-json\/wp\/v2\/media?parent=153305"}],"wp:term":[{"taxonomy":"product_brand","embeddable":true,"href":"https:\/\/pgwear.net\/de\/wp-json\/wp\/v2\/product_brand?post=153305"},{"taxonomy":"product_cat","embeddable":true,"href":"https:\/\/pgwear.net\/de\/wp-json\/wp\/v2\/product_cat?post=153305"},{"taxonomy":"product_tag","embeddable":true,"href":"https:\/\/pgwear.net\/de\/wp-json\/wp\/v2\/product_tag?post=153305"}],"curies":[{"name":"wp","href":"https:\/\/api.w.org\/{rel}","templated":true}]}}